{"id":1185,"date":"2023-01-18T01:09:46","date_gmt":"2023-01-18T00:09:46","guid":{"rendered":"https:\/\/antoniatrompeta.com\/?page_id=1185"},"modified":"2023-11-21T17:33:35","modified_gmt":"2023-11-21T16:33:35","slug":"vi-actividades-de-indagacion-laboratorio","status":"publish","type":"page","link":"https:\/\/antoniatrompeta.com\/index.php\/vi-actividades-de-indagacion-laboratorio\/","title":{"rendered":"III. Actividades: Indagaci\u00f3n &#8211; Laboratorio"},"content":{"rendered":"\n<p>Realizar actividades que impliquen investigaci\u00f3n cient\u00edfica. \u2013 A partir de una pregunta<br>llegar a conclusiones mediante la observaci\u00f3n y la toma de datos.<br>Realizar actividades que impliquen la b\u00fasqueda de informaci\u00f3n relevante que conlleve una<br>conciencia cr\u00edtica y una actitud responsable.<\/p>\n\n\n\n<p><br><\/p>\n\n\n\n<figure class=\"wp-block-embed is-type-wp-embed is-provider-antoniatrompeta-com wp-block-embed-antoniatrompeta-com\"><div class=\"wp-block-embed__wrapper\">\n<blockquote class=\"wp-embedded-content\" data-secret=\"LaolVjHQuF\"><a href=\"https:\/\/antoniatrompeta.com\/index.php\/act-indagacion-infantil\/\">III.1. Actividades de Indagaci\u00f3n  &#8211; Infantil<\/a><\/blockquote><iframe loading=\"lazy\" class=\"wp-embedded-content\" sandbox=\"allow-scripts\" security=\"restricted\" style=\"position: absolute; visibility: hidden;\" title=\"\u00abIII.1. Actividades de Indagaci\u00f3n  &#8211; Infantil\u00bb \u2014 antoniatrompeta.com\" src=\"https:\/\/antoniatrompeta.com\/index.php\/act-indagacion-infantil\/embed\/#?secret=wXrDIxIB0F#?secret=LaolVjHQuF\" data-secret=\"LaolVjHQuF\" width=\"584\" height=\"329\" frameborder=\"0\" marginwidth=\"0\" marginheight=\"0\" scrolling=\"no\"><\/iframe>\n<\/div><\/figure>\n\n\n\n<p><br><\/p>\n\n\n\n<figure class=\"wp-block-embed is-type-wp-embed is-provider-antoniatrompeta-com wp-block-embed-antoniatrompeta-com\"><div class=\"wp-block-embed__wrapper\">\n<blockquote class=\"wp-embedded-content\" data-secret=\"6qoaLn5wQj\"><a href=\"https:\/\/antoniatrompeta.com\/index.php\/act-indagacion-primer-ciclo\/\">III.2 . Act. Indagaci\u00f3n &#8211; 1er Ciclo<\/a><\/blockquote><iframe loading=\"lazy\" class=\"wp-embedded-content\" sandbox=\"allow-scripts\" security=\"restricted\" style=\"position: absolute; visibility: hidden;\" title=\"\u00abIII.2 . Act. Indagaci\u00f3n &#8211; 1er Ciclo\u00bb \u2014 antoniatrompeta.com\" src=\"https:\/\/antoniatrompeta.com\/index.php\/act-indagacion-primer-ciclo\/embed\/#?secret=b0XYtQUWpd#?secret=6qoaLn5wQj\" data-secret=\"6qoaLn5wQj\" width=\"584\" height=\"329\" frameborder=\"0\" marginwidth=\"0\" marginheight=\"0\" scrolling=\"no\"><\/iframe>\n<\/div><\/figure>\n\n\n\n<figure class=\"wp-block-embed is-type-wp-embed is-provider-antoniatrompeta-com wp-block-embed-antoniatrompeta-com\"><div class=\"wp-block-embed__wrapper\">\n<blockquote class=\"wp-embedded-content\" data-secret=\"BASa5ZZcpG\"><a href=\"https:\/\/antoniatrompeta.com\/index.php\/iii-3-act-indagacion-2o-ciclo\/\">III.3. Act. Indagaci\u00f3n 2\u00ba Ciclo<\/a><\/blockquote><iframe loading=\"lazy\" class=\"wp-embedded-content\" sandbox=\"allow-scripts\" security=\"restricted\" style=\"position: absolute; visibility: hidden;\" title=\"\u00abIII.3. Act. Indagaci\u00f3n 2\u00ba Ciclo\u00bb \u2014 antoniatrompeta.com\" src=\"https:\/\/antoniatrompeta.com\/index.php\/iii-3-act-indagacion-2o-ciclo\/embed\/#?secret=EaL2upDPzd#?secret=BASa5ZZcpG\" data-secret=\"BASa5ZZcpG\" width=\"584\" height=\"329\" frameborder=\"0\" marginwidth=\"0\" marginheight=\"0\" scrolling=\"no\"><\/iframe>\n<\/div><\/figure>\n\n\n\n<figure class=\"wp-block-embed is-type-wp-embed is-provider-antoniatrompeta-com wp-block-embed-antoniatrompeta-com\"><div class=\"wp-block-embed__wrapper\">\n<blockquote class=\"wp-embedded-content\" data-secret=\"tL17MHBJzx\"><a href=\"https:\/\/antoniatrompeta.com\/index.php\/iii-4-act-indagacion-3er-ciclo\/\">III.4. Act. Indagaci\u00f3n &#8211; 3er Ciclo<\/a><\/blockquote><iframe loading=\"lazy\" class=\"wp-embedded-content\" sandbox=\"allow-scripts\" security=\"restricted\" style=\"position: absolute; visibility: hidden;\" title=\"\u00abIII.4. Act. Indagaci\u00f3n &#8211; 3er Ciclo\u00bb \u2014 antoniatrompeta.com\" src=\"https:\/\/antoniatrompeta.com\/index.php\/iii-4-act-indagacion-3er-ciclo\/embed\/#?secret=KgBNfZVcRS#?secret=tL17MHBJzx\" data-secret=\"tL17MHBJzx\" width=\"584\" height=\"329\" frameborder=\"0\" marginwidth=\"0\" marginheight=\"0\" scrolling=\"no\"><\/iframe>\n<\/div><\/figure>\n","protected":false},"excerpt":{"rendered":"<p>Realizar actividades que impliquen investigaci\u00f3n cient\u00edfica. \u2013 A partir de una preguntallegar a conclusiones mediante la observaci\u00f3n y la toma de datos.Realizar actividades que impliquen la b\u00fasqueda de informaci\u00f3n relevante que conlleve unaconciencia cr\u00edtica y una actitud responsable.<\/p>\n","protected":false},"author":4,"featured_media":0,"parent":0,"menu_order":0,"comment_status":"closed","ping_status":"closed","template":"","meta":{"footnotes":""},"class_list":["post-1185","page","type-page","status-publish","hentry"],"_links":{"self":[{"href":"https:\/\/antoniatrompeta.com\/index.php\/wp-json\/wp\/v2\/pages\/1185","targetHints":{"allow":["GET"]}}],"collection":[{"href":"https:\/\/antoniatrompeta.com\/index.php\/wp-json\/wp\/v2\/pages"}],"about":[{"href":"https:\/\/antoniatrompeta.com\/index.php\/wp-json\/wp\/v2\/types\/page"}],"author":[{"embeddable":true,"href":"https:\/\/antoniatrompeta.com\/index.php\/wp-json\/wp\/v2\/users\/4"}],"replies":[{"embeddable":true,"href":"https:\/\/antoniatrompeta.com\/index.php\/wp-json\/wp\/v2\/comments?post=1185"}],"version-history":[{"count":17,"href":"https:\/\/antoniatrompeta.com\/index.php\/wp-json\/wp\/v2\/pages\/1185\/revisions"}],"predecessor-version":[{"id":2004,"href":"https:\/\/antoniatrompeta.com\/index.php\/wp-json\/wp\/v2\/pages\/1185\/revisions\/2004"}],"wp:attachment":[{"href":"https:\/\/antoniatrompeta.com\/index.php\/wp-json\/wp\/v2\/media?parent=1185"}],"curies":[{"name":"wp","href":"https:\/\/api.w.org\/{rel}","templated":true}]}}