{"id":1188,"date":"2023-01-18T19:24:14","date_gmt":"2023-01-18T18:24:14","guid":{"rendered":"https:\/\/antoniatrompeta.com\/?page_id=1188"},"modified":"2023-09-27T19:02:52","modified_gmt":"2023-09-27T18:02:52","slug":"iii-1-arte-y-oceanos","status":"publish","type":"page","link":"https:\/\/antoniatrompeta.com\/index.php\/iii-1-arte-y-oceanos\/","title":{"rendered":"VI.1 Artes y Oc\u00e9anos"},"content":{"rendered":"\n<p>Actividades art\u00edsticas en relaci\u00f3n con los Oc\u00e9anos<\/p>\n\n\n\n<p><strong>M\u00daSICA<\/strong><\/p>\n\n\n\n<p><strong>Crear y escuchar canciones sobre oc\u00e9anos.<\/strong><\/p>\n\n\n\n<p><strong>A<\/strong>. <strong>INFANTIL<\/strong><\/p>\n\n\n\n<p>Canci\u00f3n Pink fong sobre d\u00eda de los oc\u00e9anos infantil<\/p>\n\n\n\n<figure class=\"wp-block-embed is-type-video is-provider-youtube wp-block-embed-youtube wp-embed-aspect-16-9 wp-has-aspect-ratio\"><div class=\"wp-block-embed__wrapper\">\n<iframe loading=\"lazy\" title=\"Especial del D\u00eda Mundial de los Oc\u00e9anos | +Recopilaci\u00f3n | Pinkfong Canciones Infantiles\" width=\"584\" height=\"329\" src=\"https:\/\/www.youtube.com\/embed\/MbnunclIaog?feature=oembed\" frameborder=\"0\" allow=\"accelerometer; autoplay; clipboard-write; encrypted-media; gyroscope; picture-in-picture; web-share\" referrerpolicy=\"strict-origin-when-cross-origin\" allowfullscreen><\/iframe>\n<\/div><\/figure>\n\n\n\n<p>Canci\u00f3n Baby shark <\/p>\n\n\n\n<figure class=\"wp-block-embed is-type-video is-provider-youtube wp-block-embed-youtube wp-embed-aspect-16-9 wp-has-aspect-ratio\"><div class=\"wp-block-embed__wrapper\">\n<iframe loading=\"lazy\" title=\"Baby Shark Dance | #babyshark Most Viewed Video | Animal Songs | PINKFONG Songs for Children\" width=\"584\" height=\"329\" src=\"https:\/\/www.youtube.com\/embed\/XqZsoesa55w?feature=oembed\" frameborder=\"0\" allow=\"accelerometer; autoplay; clipboard-write; encrypted-media; gyroscope; picture-in-picture; web-share\" referrerpolicy=\"strict-origin-when-cross-origin\" allowfullscreen><\/iframe>\n<\/div><\/figure>\n\n\n\n<p><strong>B. PRIMARIA<\/strong><\/p>\n\n\n\n<p>Escuchar m\u00fasica cl\u00e1sica con tem\u00e1tica sobre el mar. <\/p>\n\n\n\n<figure class=\"wp-block-embed is-type-video is-provider-youtube wp-block-embed-youtube wp-embed-aspect-4-3 wp-has-aspect-ratio\"><div class=\"wp-block-embed__wrapper\">\n<iframe loading=\"lazy\" title=\"Boccherini: La musica notturna delle strade di Madrid, String Quintet, Op. 30 No. 6\" width=\"584\" height=\"438\" src=\"https:\/\/www.youtube.com\/embed\/hzNN1Pl_JlA?feature=oembed\" frameborder=\"0\" allow=\"accelerometer; autoplay; clipboard-write; encrypted-media; gyroscope; picture-in-picture; web-share\" referrerpolicy=\"strict-origin-when-cross-origin\" allowfullscreen><\/iframe>\n<\/div><\/figure>\n\n\n\n<p>Interpretar fragmentos de esas partituras.<\/p>\n\n\n\n\n\n<p><strong>EXPRESI\u00d3N ART\u00cdSTICA<\/strong><\/p>\n\n\n\n<p><strong>A. INFANTIL<\/strong><\/p>\n\n\n\n<p>a. Haz click aqu\u00ed para descargarte informaci\u00f3n sobre animales marinos para Infantil<\/p>\n\n\n\n<p><a href=\"https:\/\/drive.google.com\/drive\/folders\/1YC02Zy-ftrH7lUXVrAyKquXwsSMw5uUq?usp=sharing\" target=\"_blank\" rel=\"noreferrer noopener\">https:\/\/drive.google.com\/drive\/folders\/1YC02Zy-ftrH7lUXVrAyKquXwsSMw5uUq?usp=sharing<\/a><\/p>\n\n\n\n<p><\/p>\n\n\n\n<p>b. Haz click aqu\u00ed para descargarte actividades pl\u00e1sticas sobre animales marinos infantil<\/p>\n\n\n\n<p><a href=\"https:\/\/drive.google.com\/drive\/folders\/1fwGyxDsD3f-HZ2t87S5JMPwSQ_FH0ZUB?usp=sharing\" target=\"_blank\" rel=\"noreferrer noopener\">https:\/\/drive.google.com\/drive\/folders\/1fwGyxDsD3f-HZ2t87S5JMPwSQ_FH0ZUB?usp=sharing<\/a><\/p>\n\n\n\n<p>c. Haz click aqu\u00ed para descargarte juegos de animales marinos infantil<\/p>\n\n\n\n<p><a href=\"https:\/\/drive.google.com\/drive\/folders\/1gmg-7AN3V-yAr9YUt48hg3c4eSM0lNqy?usp=sharing\" target=\"_blank\" rel=\"noreferrer noopener\">https:\/\/drive.google.com\/drive\/folders\/1gmg-7AN3V-yAr9YUt48hg3c4eSM0lNqy?usp=sharing<\/a><\/p>\n\n\n\n<p><strong>B. PRIMARIA<\/strong><\/p>\n\n\n\n<p>a. Haz click aqu\u00ed para descargar informaci\u00f3n de \u00abanimals marins\u00bb &#8211; primaria<\/p>\n\n\n\n<p><a href=\"https:\/\/drive.google.com\/drive\/folders\/1daX-rNunCjO0ER9IKFa56XqKO3c5I8Do?usp=sharing\" target=\"_blank\" rel=\"noreferrer noopener\">https:\/\/drive.google.com\/drive\/folders\/1daX-rNunCjO0ER9IKFa56XqKO3c5I8Do?usp=sharing<\/a><\/p>\n\n\n\n<ul class=\"wp-block-list\">\n<li><strong>MEDIOS AUDIOVISUALES<\/strong><\/li>\n<\/ul>\n\n\n\n<p><strong>Visualizar alguna pel\u00edcula sobre el mar, el mundo marino, la vida en el mar, \u2026<\/strong><\/p>\n\n\n\n<figure class=\"wp-block-embed is-type-video is-provider-youtube wp-block-embed-youtube wp-embed-aspect-4-3 wp-has-aspect-ratio\"><div class=\"wp-block-embed__wrapper\">\n<iframe loading=\"lazy\" title=\"El Se\u00f1or de Las Moscas Trailer Espa\u00f1ol\" width=\"584\" height=\"438\" src=\"https:\/\/www.youtube.com\/embed\/Sv_RmFVNdpQ?feature=oembed\" frameborder=\"0\" allow=\"accelerometer; autoplay; clipboard-write; encrypted-media; gyroscope; picture-in-picture; web-share\" referrerpolicy=\"strict-origin-when-cross-origin\" allowfullscreen><\/iframe>\n<\/div><\/figure>\n","protected":false},"excerpt":{"rendered":"<p>Actividades art\u00edsticas en relaci\u00f3n con los Oc\u00e9anos M\u00daSICA Crear y escuchar canciones sobre oc\u00e9anos. A. INFANTIL Canci\u00f3n Pink fong sobre d\u00eda de los oc\u00e9anos infantil Canci\u00f3n Baby shark B. PRIMARIA Escuchar m\u00fasica cl\u00e1sica con tem\u00e1tica sobre el mar. Interpretar fragmentos &hellip; <a href=\"https:\/\/antoniatrompeta.com\/index.php\/iii-1-arte-y-oceanos\/\">Sigue leyendo <span class=\"meta-nav\">&rarr;<\/span><\/a><\/p>\n","protected":false},"author":4,"featured_media":0,"parent":0,"menu_order":0,"comment_status":"closed","ping_status":"closed","template":"","meta":{"footnotes":""},"class_list":["post-1188","page","type-page","status-publish","hentry"],"_links":{"self":[{"href":"https:\/\/antoniatrompeta.com\/index.php\/wp-json\/wp\/v2\/pages\/1188","targetHints":{"allow":["GET"]}}],"collection":[{"href":"https:\/\/antoniatrompeta.com\/index.php\/wp-json\/wp\/v2\/pages"}],"about":[{"href":"https:\/\/antoniatrompeta.com\/index.php\/wp-json\/wp\/v2\/types\/page"}],"author":[{"embeddable":true,"href":"https:\/\/antoniatrompeta.com\/index.php\/wp-json\/wp\/v2\/users\/4"}],"replies":[{"embeddable":true,"href":"https:\/\/antoniatrompeta.com\/index.php\/wp-json\/wp\/v2\/comments?post=1188"}],"version-history":[{"count":16,"href":"https:\/\/antoniatrompeta.com\/index.php\/wp-json\/wp\/v2\/pages\/1188\/revisions"}],"predecessor-version":[{"id":1947,"href":"https:\/\/antoniatrompeta.com\/index.php\/wp-json\/wp\/v2\/pages\/1188\/revisions\/1947"}],"wp:attachment":[{"href":"https:\/\/antoniatrompeta.com\/index.php\/wp-json\/wp\/v2\/media?parent=1188"}],"curies":[{"name":"wp","href":"https:\/\/api.w.org\/{rel}","templated":true}]}}