{"id":1209,"date":"2023-01-18T19:49:28","date_gmt":"2023-01-18T18:49:28","guid":{"rendered":"https:\/\/antoniatrompeta.com\/?page_id=1209"},"modified":"2024-05-15T14:58:51","modified_gmt":"2024-05-15T13:58:51","slug":"iv-actividades-matematicas-y-oceanos","status":"publish","type":"page","link":"https:\/\/antoniatrompeta.com\/index.php\/iv-actividades-matematicas-y-oceanos\/","title":{"rendered":"IV. Actividades: Matem\u00e1ticas"},"content":{"rendered":"\n<p><strong>A.<\/strong> <strong>Estudio de la huella h\u00eddrica<\/strong><\/p>\n\n\n\n<p>Se propone analizar el gasto de agua en el hogar y en la escuela a fin de encontrar v\u00edas de reducci\u00f3n.<\/p>\n\n\n\n<figure class=\"wp-block-embed is-type-wp-embed is-provider-fundaci-n-aquae wp-block-embed-fundaci-n-aquae\"><div class=\"wp-block-embed__wrapper\">\n<blockquote class=\"wp-embedded-content\" data-secret=\"IqJ1vquf6j\"><a href=\"https:\/\/www.fundacionaquae.org\/calculadoras-aquae\/calculadora-huella-hidrica\/\">Calculadora Huella H\u00eddrica<\/a><\/blockquote><iframe loading=\"lazy\" class=\"wp-embedded-content\" sandbox=\"allow-scripts\" security=\"restricted\" style=\"position: absolute; visibility: hidden;\" title=\"\u00abCalculadora Huella H\u00eddrica\u00bb \u2014 Fundaci\u00f3n Aquae\" src=\"https:\/\/www.fundacionaquae.org\/calculadoras-aquae\/calculadora-huella-hidrica\/embed\/#?secret=qqReJa5gHK#?secret=IqJ1vquf6j\" data-secret=\"IqJ1vquf6j\" width=\"584\" height=\"329\" frameborder=\"0\" marginwidth=\"0\" marginheight=\"0\" scrolling=\"no\"><\/iframe>\n<\/div><\/figure>\n\n\n\n<p><strong>B. Estudio de la huella de carbono<\/strong><\/p>\n\n\n\n<p><a href=\"https:\/\/www.lifeterra.eu\/es\/reduce-your-footprint\">https:\/\/www.lifeterra.eu\/es\/reduce-your-footprint<\/a><\/p>\n\n\n\n<p><\/p>\n","protected":false},"excerpt":{"rendered":"<p>A. Estudio de la huella h\u00eddrica Se propone analizar el gasto de agua en el hogar y en la escuela a fin de encontrar v\u00edas de reducci\u00f3n. B. Estudio de la huella de carbono https:\/\/www.lifeterra.eu\/es\/reduce-your-footprint<\/p>\n","protected":false},"author":4,"featured_media":0,"parent":0,"menu_order":0,"comment_status":"closed","ping_status":"closed","template":"","meta":{"footnotes":""},"class_list":["post-1209","page","type-page","status-publish","hentry"],"_links":{"self":[{"href":"https:\/\/antoniatrompeta.com\/index.php\/wp-json\/wp\/v2\/pages\/1209","targetHints":{"allow":["GET"]}}],"collection":[{"href":"https:\/\/antoniatrompeta.com\/index.php\/wp-json\/wp\/v2\/pages"}],"about":[{"href":"https:\/\/antoniatrompeta.com\/index.php\/wp-json\/wp\/v2\/types\/page"}],"author":[{"embeddable":true,"href":"https:\/\/antoniatrompeta.com\/index.php\/wp-json\/wp\/v2\/users\/4"}],"replies":[{"embeddable":true,"href":"https:\/\/antoniatrompeta.com\/index.php\/wp-json\/wp\/v2\/comments?post=1209"}],"version-history":[{"count":9,"href":"https:\/\/antoniatrompeta.com\/index.php\/wp-json\/wp\/v2\/pages\/1209\/revisions"}],"predecessor-version":[{"id":2167,"href":"https:\/\/antoniatrompeta.com\/index.php\/wp-json\/wp\/v2\/pages\/1209\/revisions\/2167"}],"wp:attachment":[{"href":"https:\/\/antoniatrompeta.com\/index.php\/wp-json\/wp\/v2\/media?parent=1209"}],"curies":[{"name":"wp","href":"https:\/\/api.w.org\/{rel}","templated":true}]}}