{"id":1281,"date":"2023-01-22T17:23:22","date_gmt":"2023-01-22T16:23:22","guid":{"rendered":"https:\/\/antoniatrompeta.com\/?page_id=1281"},"modified":"2023-01-22T18:29:33","modified_gmt":"2023-01-22T17:29:33","slug":"didactica","status":"publish","type":"page","link":"https:\/\/antoniatrompeta.com\/index.php\/didactica\/","title":{"rendered":"DID\u00c1CTICA"},"content":{"rendered":"\n<p>En este apartado nos adentraremos en qu\u00e9 ense\u00f1ar y c\u00f3mo ense\u00f1ar las Ciencias. <\/p>\n\n\n\n<p>Ense\u00f1ar Ciencias supone en primer lugar conocer qu\u00e9 Grandes Ideas de la Ciencia est\u00e1n detr\u00e1s de los grandes temas que deber\u00edamos conocer si queremos disponer de una m\u00ednima alfabetizaci\u00f3n cient\u00edfica.<\/p>\n\n\n\n<p>En segundo lugar supone conocer qu\u00e9 conceptos, habilidades y actitudes se deber\u00edan ense\u00f1ar.<\/p>\n\n\n\n<p>Y en tercer lugar, supone adentrarnos en la metodolog\u00eda por indagaci\u00f3n, de forma, que los ni\u00f1os aprendan, desde una temprana edad, a trabajar como cient\u00edficos.<\/p>\n\n\n\n<div data-wp-interactive=\"core\/file\" class=\"wp-block-file\"><object data-wp-bind--hidden=\"!state.hasPdfPreview\" hidden class=\"wp-block-file__embed\" data=\"https:\/\/antoniatrompeta.com\/wp-content\/uploads\/2023\/01\/ENSENAR_CIENCIAS_infantil_ATROMPETA.pdf\" type=\"application\/pdf\" style=\"width:100%;height:600px\" aria-label=\"Incrustado de ENSENAR_CIENCIAS_infantil_ATROMPETA.\"><\/object><a id=\"wp-block-file--media-b99cee0f-5149-44ee-ac1d-0e821c211348\" href=\"https:\/\/antoniatrompeta.com\/wp-content\/uploads\/2023\/01\/ENSENAR_CIENCIAS_infantil_ATROMPETA.pdf\">ENSENAR_CIENCIAS_infantil_ATROMPETA<\/a><a href=\"https:\/\/antoniatrompeta.com\/wp-content\/uploads\/2023\/01\/ENSENAR_CIENCIAS_infantil_ATROMPETA.pdf\" class=\"wp-block-file__button wp-element-button\" download aria-describedby=\"wp-block-file--media-b99cee0f-5149-44ee-ac1d-0e821c211348\">Descarga<\/a><\/div>\n","protected":false},"excerpt":{"rendered":"<p>En este apartado nos adentraremos en qu\u00e9 ense\u00f1ar y c\u00f3mo ense\u00f1ar las Ciencias. Ense\u00f1ar Ciencias supone en primer lugar conocer qu\u00e9 Grandes Ideas de la Ciencia est\u00e1n detr\u00e1s de los grandes temas que deber\u00edamos conocer si queremos disponer de una &hellip; <a href=\"https:\/\/antoniatrompeta.com\/index.php\/didactica\/\">Sigue leyendo <span class=\"meta-nav\">&rarr;<\/span><\/a><\/p>\n","protected":false},"author":4,"featured_media":0,"parent":0,"menu_order":0,"comment_status":"closed","ping_status":"closed","template":"","meta":{"footnotes":""},"class_list":["post-1281","page","type-page","status-publish","hentry"],"_links":{"self":[{"href":"https:\/\/antoniatrompeta.com\/index.php\/wp-json\/wp\/v2\/pages\/1281","targetHints":{"allow":["GET"]}}],"collection":[{"href":"https:\/\/antoniatrompeta.com\/index.php\/wp-json\/wp\/v2\/pages"}],"about":[{"href":"https:\/\/antoniatrompeta.com\/index.php\/wp-json\/wp\/v2\/types\/page"}],"author":[{"embeddable":true,"href":"https:\/\/antoniatrompeta.com\/index.php\/wp-json\/wp\/v2\/users\/4"}],"replies":[{"embeddable":true,"href":"https:\/\/antoniatrompeta.com\/index.php\/wp-json\/wp\/v2\/comments?post=1281"}],"version-history":[{"count":4,"href":"https:\/\/antoniatrompeta.com\/index.php\/wp-json\/wp\/v2\/pages\/1281\/revisions"}],"predecessor-version":[{"id":1305,"href":"https:\/\/antoniatrompeta.com\/index.php\/wp-json\/wp\/v2\/pages\/1281\/revisions\/1305"}],"wp:attachment":[{"href":"https:\/\/antoniatrompeta.com\/index.php\/wp-json\/wp\/v2\/media?parent=1281"}],"curies":[{"name":"wp","href":"https:\/\/api.w.org\/{rel}","templated":true}]}}