{"id":133,"date":"2022-08-11T17:42:24","date_gmt":"2022-08-11T17:42:24","guid":{"rendered":"https:\/\/antoniacienciasinfantilprimaria.wordpress.com\/?page_id=133"},"modified":"2022-11-16T18:13:28","modified_gmt":"2022-11-16T17:13:28","slug":"que-es-materia","status":"publish","type":"page","link":"https:\/\/antoniatrompeta.com\/index.php\/que-es-materia\/","title":{"rendered":"Materia"},"content":{"rendered":"\n<p>Todos los ni\u00f1os pueden investigar sobre la materia de qu\u00e9 est\u00e1n hechas las cosas que nos rodean. Es una estupenda forma de conocer el entorno pr\u00f3ximo y crear en ellos una actitud de cuidado por el planeta donde vivimos.<\/p>\n","protected":false},"excerpt":{"rendered":"<p>Todos los ni\u00f1os pueden investigar sobre la materia de qu\u00e9 est\u00e1n hechas las cosas que nos rodean. Es una estupenda forma de conocer el entorno pr\u00f3ximo y crear en ellos una actitud de cuidado por el planeta donde vivimos.<\/p>\n","protected":false},"author":4,"featured_media":0,"parent":0,"menu_order":0,"comment_status":"closed","ping_status":"closed","template":"","meta":{"footnotes":""},"class_list":["post-133","page","type-page","status-publish","hentry"],"_links":{"self":[{"href":"https:\/\/antoniatrompeta.com\/index.php\/wp-json\/wp\/v2\/pages\/133","targetHints":{"allow":["GET"]}}],"collection":[{"href":"https:\/\/antoniatrompeta.com\/index.php\/wp-json\/wp\/v2\/pages"}],"about":[{"href":"https:\/\/antoniatrompeta.com\/index.php\/wp-json\/wp\/v2\/types\/page"}],"author":[{"embeddable":true,"href":"https:\/\/antoniatrompeta.com\/index.php\/wp-json\/wp\/v2\/users\/4"}],"replies":[{"embeddable":true,"href":"https:\/\/antoniatrompeta.com\/index.php\/wp-json\/wp\/v2\/comments?post=133"}],"version-history":[{"count":3,"href":"https:\/\/antoniatrompeta.com\/index.php\/wp-json\/wp\/v2\/pages\/133\/revisions"}],"predecessor-version":[{"id":876,"href":"https:\/\/antoniatrompeta.com\/index.php\/wp-json\/wp\/v2\/pages\/133\/revisions\/876"}],"wp:attachment":[{"href":"https:\/\/antoniatrompeta.com\/index.php\/wp-json\/wp\/v2\/media?parent=133"}],"curies":[{"name":"wp","href":"https:\/\/api.w.org\/{rel}","templated":true}]}}