{"id":1461,"date":"2023-05-24T18:24:03","date_gmt":"2023-05-24T17:24:03","guid":{"rendered":"https:\/\/antoniatrompeta.com\/?page_id=1461"},"modified":"2024-05-15T15:34:20","modified_gmt":"2024-05-15T14:34:20","slug":"act-indagacion-infantil","status":"publish","type":"page","link":"https:\/\/antoniatrompeta.com\/index.php\/act-indagacion-infantil\/","title":{"rendered":"III.1. Actividades de Indagaci\u00f3n  &#8211; Infantil"},"content":{"rendered":"\n<p><strong> Infantil \u2013 4 a 6 a\u00f1os<\/strong><\/p>\n\n\n\n<p><br><strong>1\u00aa Pregunta de indagaci\u00f3n: \u00bfQui\u00e9n vive en el mar? Predicci\u00f3n y Clasificaci\u00f3n.<\/strong><br><strong>\u00bfEl agua est\u00e1 suficientemente limpia para poder vivir en ella?<\/strong><\/p>\n\n\n\n<p><strong>Taller de simulaci\u00f3n del mar<\/strong><\/p>\n\n\n\n<p><strong>Tarea: Limpiar la arena de los residuos que se encuentran en ellas.<\/strong> <\/p>\n\n\n\n<p>Ofrecer una caja con arena, donde se han incluido animalitos, y restos diversos.<strong><br><\/strong>  <\/p>\n\n\n\n<p><strong>A. Actividad de clasificaci\u00f3n:<\/strong><\/p>\n\n\n\n<p>Pedir a los ni\u00f1os que busquen en la playa (caja con arena) los animales y otros productos (conchas, esponjas, algas, pl\u00e1sticos), para clasificarlos poni\u00e9ndolos cada uno en su lugar. Posibilitar cajas distintas para clasificar todo lo que encuentren.<\/p>\n\n\n\n<p>Animales marinos, en la caja del mar<\/p>\n\n\n\n<p>Animales acu\u00e1ticos, en la caja simuladora de lago<\/p>\n\n\n\n<p>Otros seres vivos,  en caja con tierra<\/p>\n\n\n\n<p>Restos de seres que estaban vivos,  en el lugar donde estaban antes<\/p>\n\n\n\n<p>Basura,  en una caja contenedor o en varias dependiendo del producto.<\/p>\n\n\n\n<p><strong>B.<\/strong> <strong>Actividad de reflexi\u00f3n<\/strong>: <\/p>\n\n\n\n<ul class=\"wp-block-list\">\n<li>Pedir a los ni\u00f1os que escriban en una lista los nombres de los animales y restos que son del mar; y en otra lo que no es del mar. Tambi\u00e9n puede hacerse la actividad mediante dibujos de dichos animales y objetos.<\/li>\n\n\n\n<li>Reflexionar sobre nuestra implicaci\u00f3n en mantener el mar limpio<\/li>\n<\/ul>\n\n\n\n<p><br><strong>2\u00aa Pregunta de indagaci\u00f3n: \u00bfTodas las aguas saben igual? \u00bfHuele el agua? <\/strong><\/p>\n\n\n\n<p><strong>Taller de agua:<\/strong><\/p>\n\n\n\n<p>Tarea: Descubrir a qu\u00e9 sabe el agua.<\/p>\n\n\n\n<p>Con ayuda del sentido del olfato y el gusto, pedir a los ni\u00f1os que prueben y huelan distintos preparados hechos con agua, as\u00ed como aguas diversas, para elegir la que m\u00e1s les gusta. Se intentar\u00e1 mtivar a los ni\u00f1os a beber agua no embotellada.<\/p>\n\n\n\n<p>Utilizar reparaciones de agua potable (del grifo, embotelladas) y en distintas disoluciones (con cloro, con zumos variados.<\/p>\n","protected":false},"excerpt":{"rendered":"<p>Infantil \u2013 4 a 6 a\u00f1os 1\u00aa Pregunta de indagaci\u00f3n: \u00bfQui\u00e9n vive en el mar? Predicci\u00f3n y Clasificaci\u00f3n.\u00bfEl agua est\u00e1 suficientemente limpia para poder vivir en ella? Taller de simulaci\u00f3n del mar Tarea: Limpiar la arena de los residuos que &hellip; <a href=\"https:\/\/antoniatrompeta.com\/index.php\/act-indagacion-infantil\/\">Sigue leyendo <span class=\"meta-nav\">&rarr;<\/span><\/a><\/p>\n","protected":false},"author":4,"featured_media":0,"parent":0,"menu_order":0,"comment_status":"closed","ping_status":"closed","template":"","meta":{"footnotes":""},"class_list":["post-1461","page","type-page","status-publish","hentry"],"_links":{"self":[{"href":"https:\/\/antoniatrompeta.com\/index.php\/wp-json\/wp\/v2\/pages\/1461","targetHints":{"allow":["GET"]}}],"collection":[{"href":"https:\/\/antoniatrompeta.com\/index.php\/wp-json\/wp\/v2\/pages"}],"about":[{"href":"https:\/\/antoniatrompeta.com\/index.php\/wp-json\/wp\/v2\/types\/page"}],"author":[{"embeddable":true,"href":"https:\/\/antoniatrompeta.com\/index.php\/wp-json\/wp\/v2\/users\/4"}],"replies":[{"embeddable":true,"href":"https:\/\/antoniatrompeta.com\/index.php\/wp-json\/wp\/v2\/comments?post=1461"}],"version-history":[{"count":4,"href":"https:\/\/antoniatrompeta.com\/index.php\/wp-json\/wp\/v2\/pages\/1461\/revisions"}],"predecessor-version":[{"id":2173,"href":"https:\/\/antoniatrompeta.com\/index.php\/wp-json\/wp\/v2\/pages\/1461\/revisions\/2173"}],"wp:attachment":[{"href":"https:\/\/antoniatrompeta.com\/index.php\/wp-json\/wp\/v2\/media?parent=1461"}],"curies":[{"name":"wp","href":"https:\/\/api.w.org\/{rel}","templated":true}]}}