{"id":1463,"date":"2023-05-24T18:24:34","date_gmt":"2023-05-24T17:24:34","guid":{"rendered":"https:\/\/antoniatrompeta.com\/?page_id=1463"},"modified":"2024-05-15T16:21:19","modified_gmt":"2024-05-15T15:21:19","slug":"act-indagacion-primer-ciclo","status":"publish","type":"page","link":"https:\/\/antoniatrompeta.com\/index.php\/act-indagacion-primer-ciclo\/","title":{"rendered":"III.2 . Act. Indagaci\u00f3n &#8211; 1er Ciclo"},"content":{"rendered":"\n<p><strong> 1\u00ba y 2\u00ba &#8211; 6 a 8 a\u00f1os<\/strong><\/p>\n\n\n\n<p><br><strong>1\u00aa Pregunta de indagaci\u00f3n: \u2013 \u00bfQu\u00e9 hay dentro del agua del mar? \u00bfQu\u00e9 crees que pasar\u00e1 si echo sal en el agua? \u00bfDesaparecer\u00e1 o no? <\/strong><\/p>\n\n\n\n<p><strong>Taller &#8211; disoluci\u00f3n sal en agua<\/strong><\/p>\n\n\n\n<p><strong>Tarea: Mezclar agua con sal<\/strong><\/p>\n\n\n\n<p>Predecir: \u00bfHa desaparecido la sal o est\u00e1 a\u00fan ah\u00ed? <\/p>\n\n\n\n<p>Si a\u00fan est\u00e1 ah\u00ed \u00bfC\u00f3mo podr\u00edas recoger la sal? <\/p>\n\n\n\n<p>Separaci\u00f3n de la sal mediante evaporaci\u00f3n.<\/p>\n\n\n\n<p><br><strong>2\u00aa Pregunta de indagaci\u00f3n:<\/strong> <strong>\u00bfEs igual el agua del mar que el agua que bebemos? \u00bfEl agua salada se puede beber sin ponernos enfermos?<\/strong> <\/p>\n\n\n\n<p><strong>Tarea: <\/strong>Estudiar el agua del mar y la posibilidad de beberla<\/p>\n\n\n\n<ul class=\"wp-block-list\">\n<li>Actividad de an\u00e1lisis de agua del mar: Simular agua del mar, mediante agua potable a la que a\u00f1adimos sal. Dejar agua de mar al sol, para descubrir que tiene en su interior sal. ( ver pregunta anterior)<\/li>\n<\/ul>\n\n\n\n<ul class=\"wp-block-list\">\n<li>Actividad de b\u00fasqueda de informaci\u00f3n. Buscar informaci\u00f3n sobrre efectos en el cuerpo humano si se bebe agua del mar. Comunicaci\u00f3n en gran grupo de sus averiguaciones.<\/li>\n\n\n\n<li>Actividad de b\u00fasqueda de informaci\u00f3n 2: Buscar informaci\u00f3n de por qu\u00e9los peces beben agua salada y no est\u00e1n salados. Probar distintos pesacados para comprobar que no est\u00e1n salados.<\/li>\n<\/ul>\n","protected":false},"excerpt":{"rendered":"<p>1\u00ba y 2\u00ba &#8211; 6 a 8 a\u00f1os 1\u00aa Pregunta de indagaci\u00f3n: \u2013 \u00bfQu\u00e9 hay dentro del agua del mar? \u00bfQu\u00e9 crees que pasar\u00e1 si echo sal en el agua? \u00bfDesaparecer\u00e1 o no? Taller &#8211; disoluci\u00f3n sal en agua Tarea: &hellip; <a href=\"https:\/\/antoniatrompeta.com\/index.php\/act-indagacion-primer-ciclo\/\">Sigue leyendo <span class=\"meta-nav\">&rarr;<\/span><\/a><\/p>\n","protected":false},"author":4,"featured_media":0,"parent":0,"menu_order":0,"comment_status":"closed","ping_status":"closed","template":"","meta":{"footnotes":""},"class_list":["post-1463","page","type-page","status-publish","hentry"],"_links":{"self":[{"href":"https:\/\/antoniatrompeta.com\/index.php\/wp-json\/wp\/v2\/pages\/1463","targetHints":{"allow":["GET"]}}],"collection":[{"href":"https:\/\/antoniatrompeta.com\/index.php\/wp-json\/wp\/v2\/pages"}],"about":[{"href":"https:\/\/antoniatrompeta.com\/index.php\/wp-json\/wp\/v2\/types\/page"}],"author":[{"embeddable":true,"href":"https:\/\/antoniatrompeta.com\/index.php\/wp-json\/wp\/v2\/users\/4"}],"replies":[{"embeddable":true,"href":"https:\/\/antoniatrompeta.com\/index.php\/wp-json\/wp\/v2\/comments?post=1463"}],"version-history":[{"count":5,"href":"https:\/\/antoniatrompeta.com\/index.php\/wp-json\/wp\/v2\/pages\/1463\/revisions"}],"predecessor-version":[{"id":2176,"href":"https:\/\/antoniatrompeta.com\/index.php\/wp-json\/wp\/v2\/pages\/1463\/revisions\/2176"}],"wp:attachment":[{"href":"https:\/\/antoniatrompeta.com\/index.php\/wp-json\/wp\/v2\/media?parent=1463"}],"curies":[{"name":"wp","href":"https:\/\/api.w.org\/{rel}","templated":true}]}}