{"id":2062,"date":"2024-02-13T19:39:17","date_gmt":"2024-02-13T18:39:17","guid":{"rendered":"https:\/\/antoniatrompeta.com\/?page_id=2062"},"modified":"2024-02-13T19:39:17","modified_gmt":"2024-02-13T18:39:17","slug":"exploramos-el-agua-infantil","status":"publish","type":"page","link":"https:\/\/antoniatrompeta.com\/index.php\/exploramos-el-agua-infantil\/","title":{"rendered":"EXPLORAMOS EL AGUA- INFANTIL"},"content":{"rendered":"\n<p>Unidad did\u00e1ctica dedicada a actividades de exploraci\u00f3n sobre el agua para ni\u00f1os de edades comprendidas entre 4 y 6 a\u00f1os<\/p>\n\n\n\n<div data-wp-interactive=\"core\/file\" class=\"wp-block-file\"><object data-wp-bind--hidden=\"!state.hasPdfPreview\" hidden class=\"wp-block-file__embed\" data=\"https:\/\/antoniatrompeta.com\/wp-content\/uploads\/2024\/02\/UD5_2_EXPLORAMOS-EL-AGUA_ninos.pdf\" type=\"application\/pdf\" style=\"width:100%;height:600px\" aria-label=\"Incrustado de UD5_2_EXPLORAMOS-EL-AGUA_ninos.\"><\/object><a id=\"wp-block-file--media-4229df00-ddfc-4ade-9d93-3a6f88ec84bd\" href=\"https:\/\/antoniatrompeta.com\/wp-content\/uploads\/2024\/02\/UD5_2_EXPLORAMOS-EL-AGUA_ninos.pdf\">UD5_2_EXPLORAMOS-EL-AGUA_ninos<\/a><a href=\"https:\/\/antoniatrompeta.com\/wp-content\/uploads\/2024\/02\/UD5_2_EXPLORAMOS-EL-AGUA_ninos.pdf\" class=\"wp-block-file__button wp-element-button\" download aria-describedby=\"wp-block-file--media-4229df00-ddfc-4ade-9d93-3a6f88ec84bd\">Descarga<\/a><\/div>\n","protected":false},"excerpt":{"rendered":"<p>Unidad did\u00e1ctica dedicada a actividades de exploraci\u00f3n sobre el agua para ni\u00f1os de edades comprendidas entre 4 y 6 a\u00f1os<\/p>\n","protected":false},"author":4,"featured_media":0,"parent":0,"menu_order":0,"comment_status":"closed","ping_status":"closed","template":"","meta":{"footnotes":""},"class_list":["post-2062","page","type-page","status-publish","hentry"],"_links":{"self":[{"href":"https:\/\/antoniatrompeta.com\/index.php\/wp-json\/wp\/v2\/pages\/2062","targetHints":{"allow":["GET"]}}],"collection":[{"href":"https:\/\/antoniatrompeta.com\/index.php\/wp-json\/wp\/v2\/pages"}],"about":[{"href":"https:\/\/antoniatrompeta.com\/index.php\/wp-json\/wp\/v2\/types\/page"}],"author":[{"embeddable":true,"href":"https:\/\/antoniatrompeta.com\/index.php\/wp-json\/wp\/v2\/users\/4"}],"replies":[{"embeddable":true,"href":"https:\/\/antoniatrompeta.com\/index.php\/wp-json\/wp\/v2\/comments?post=2062"}],"version-history":[{"count":1,"href":"https:\/\/antoniatrompeta.com\/index.php\/wp-json\/wp\/v2\/pages\/2062\/revisions"}],"predecessor-version":[{"id":2064,"href":"https:\/\/antoniatrompeta.com\/index.php\/wp-json\/wp\/v2\/pages\/2062\/revisions\/2064"}],"wp:attachment":[{"href":"https:\/\/antoniatrompeta.com\/index.php\/wp-json\/wp\/v2\/media?parent=2062"}],"curies":[{"name":"wp","href":"https:\/\/api.w.org\/{rel}","templated":true}]}}