{"id":2066,"date":"2024-02-13T19:46:08","date_gmt":"2024-02-13T18:46:08","guid":{"rendered":"https:\/\/antoniatrompeta.com\/?page_id=2066"},"modified":"2024-02-13T19:46:33","modified_gmt":"2024-02-13T18:46:33","slug":"fuerxas-de-empujar-y-tirar-infantil","status":"publish","type":"page","link":"https:\/\/antoniatrompeta.com\/index.php\/fuerxas-de-empujar-y-tirar-infantil\/","title":{"rendered":"FUERZAS DE EMPUJAR Y TIRAR &#8211; INFANTIL Y PRIMARIA"},"content":{"rendered":"\n<p>Propuesta de exploraci\u00f3n de fuerzas de empujar y tirar para ni\u00f1os de educaci\u00f3n infantil, primer ciclo y segundo ciclo de educaci\u00f3n primaria.<\/p>\n\n\n\n<div data-wp-interactive=\"core\/file\" class=\"wp-block-file\"><object data-wp-bind--hidden=\"!state.hasPdfPreview\" hidden class=\"wp-block-file__embed\" data=\"https:\/\/antoniatrompeta.com\/wp-content\/uploads\/2024\/02\/UD_NINOS_FUERZAS_EMPUJARyTIRAR.pdf\" type=\"application\/pdf\" style=\"width:100%;height:600px\" aria-label=\"Incrustado de UD_NINOS_FUERZAS_EMPUJARyTIRAR.\"><\/object><a id=\"wp-block-file--media-e93e377c-c503-4288-82be-ba6e3d1bbd69\" href=\"https:\/\/antoniatrompeta.com\/wp-content\/uploads\/2024\/02\/UD_NINOS_FUERZAS_EMPUJARyTIRAR.pdf\">UD_NINOS_FUERZAS_EMPUJARyTIRAR<\/a><a href=\"https:\/\/antoniatrompeta.com\/wp-content\/uploads\/2024\/02\/UD_NINOS_FUERZAS_EMPUJARyTIRAR.pdf\" class=\"wp-block-file__button wp-element-button\" download aria-describedby=\"wp-block-file--media-e93e377c-c503-4288-82be-ba6e3d1bbd69\">Descarga<\/a><\/div>\n","protected":false},"excerpt":{"rendered":"<p>Propuesta de exploraci\u00f3n de fuerzas de empujar y tirar para ni\u00f1os de educaci\u00f3n infantil, primer ciclo y segundo ciclo de educaci\u00f3n primaria.<\/p>\n","protected":false},"author":4,"featured_media":0,"parent":0,"menu_order":0,"comment_status":"closed","ping_status":"closed","template":"","meta":{"footnotes":""},"class_list":["post-2066","page","type-page","status-publish","hentry"],"_links":{"self":[{"href":"https:\/\/antoniatrompeta.com\/index.php\/wp-json\/wp\/v2\/pages\/2066","targetHints":{"allow":["GET"]}}],"collection":[{"href":"https:\/\/antoniatrompeta.com\/index.php\/wp-json\/wp\/v2\/pages"}],"about":[{"href":"https:\/\/antoniatrompeta.com\/index.php\/wp-json\/wp\/v2\/types\/page"}],"author":[{"embeddable":true,"href":"https:\/\/antoniatrompeta.com\/index.php\/wp-json\/wp\/v2\/users\/4"}],"replies":[{"embeddable":true,"href":"https:\/\/antoniatrompeta.com\/index.php\/wp-json\/wp\/v2\/comments?post=2066"}],"version-history":[{"count":2,"href":"https:\/\/antoniatrompeta.com\/index.php\/wp-json\/wp\/v2\/pages\/2066\/revisions"}],"predecessor-version":[{"id":2069,"href":"https:\/\/antoniatrompeta.com\/index.php\/wp-json\/wp\/v2\/pages\/2066\/revisions\/2069"}],"wp:attachment":[{"href":"https:\/\/antoniatrompeta.com\/index.php\/wp-json\/wp\/v2\/media?parent=2066"}],"curies":[{"name":"wp","href":"https:\/\/api.w.org\/{rel}","templated":true}]}}