{"id":2075,"date":"2024-02-13T20:21:09","date_gmt":"2024-02-13T19:21:09","guid":{"rendered":"https:\/\/antoniatrompeta.com\/?page_id=2075"},"modified":"2024-02-13T20:21:09","modified_gmt":"2024-02-13T19:21:09","slug":"fuerzas-magneticas","status":"publish","type":"page","link":"https:\/\/antoniatrompeta.com\/index.php\/fuerzas-magneticas\/","title":{"rendered":"FUERZAS MAGN\u00c9TICAS"},"content":{"rendered":"\n<p>Propuesta de expliraci\u00f3n de fuerzas magn\u00e9ticaspara ni\u00f1os de primer ciclo de educaci\u00f3n primaria<\/p>\n\n\n\n<div data-wp-interactive=\"core\/file\" class=\"wp-block-file\"><object data-wp-bind--hidden=\"!state.hasPdfPreview\" hidden class=\"wp-block-file__embed\" data=\"https:\/\/antoniatrompeta.com\/wp-content\/uploads\/2024\/02\/UD8_2_FUERZAS_MAGNETICAS.pdf\" type=\"application\/pdf\" style=\"width:100%;height:600px\" aria-label=\"Incrustado de UD8_2_FUERZAS_MAGNETICAS.\"><\/object><a id=\"wp-block-file--media-696490e2-4b34-4571-acc7-74ec5bc3c408\" href=\"https:\/\/antoniatrompeta.com\/wp-content\/uploads\/2024\/02\/UD8_2_FUERZAS_MAGNETICAS.pdf\">UD8_2_FUERZAS_MAGNETICAS<\/a><a href=\"https:\/\/antoniatrompeta.com\/wp-content\/uploads\/2024\/02\/UD8_2_FUERZAS_MAGNETICAS.pdf\" class=\"wp-block-file__button wp-element-button\" download aria-describedby=\"wp-block-file--media-696490e2-4b34-4571-acc7-74ec5bc3c408\">Descarga<\/a><\/div>\n","protected":false},"excerpt":{"rendered":"<p>Propuesta de expliraci\u00f3n de fuerzas magn\u00e9ticaspara ni\u00f1os de primer ciclo de educaci\u00f3n primaria<\/p>\n","protected":false},"author":4,"featured_media":0,"parent":0,"menu_order":0,"comment_status":"closed","ping_status":"closed","template":"","meta":{"footnotes":""},"class_list":["post-2075","page","type-page","status-publish","hentry"],"_links":{"self":[{"href":"https:\/\/antoniatrompeta.com\/index.php\/wp-json\/wp\/v2\/pages\/2075","targetHints":{"allow":["GET"]}}],"collection":[{"href":"https:\/\/antoniatrompeta.com\/index.php\/wp-json\/wp\/v2\/pages"}],"about":[{"href":"https:\/\/antoniatrompeta.com\/index.php\/wp-json\/wp\/v2\/types\/page"}],"author":[{"embeddable":true,"href":"https:\/\/antoniatrompeta.com\/index.php\/wp-json\/wp\/v2\/users\/4"}],"replies":[{"embeddable":true,"href":"https:\/\/antoniatrompeta.com\/index.php\/wp-json\/wp\/v2\/comments?post=2075"}],"version-history":[{"count":1,"href":"https:\/\/antoniatrompeta.com\/index.php\/wp-json\/wp\/v2\/pages\/2075\/revisions"}],"predecessor-version":[{"id":2077,"href":"https:\/\/antoniatrompeta.com\/index.php\/wp-json\/wp\/v2\/pages\/2075\/revisions\/2077"}],"wp:attachment":[{"href":"https:\/\/antoniatrompeta.com\/index.php\/wp-json\/wp\/v2\/media?parent=2075"}],"curies":[{"name":"wp","href":"https:\/\/api.w.org\/{rel}","templated":true}]}}