{"id":2085,"date":"2024-02-13T20:52:51","date_gmt":"2024-02-13T19:52:51","guid":{"rendered":"https:\/\/antoniatrompeta.com\/?page_id=2085"},"modified":"2024-02-13T20:55:59","modified_gmt":"2024-02-13T19:55:59","slug":"astronomia-para-ninos","status":"publish","type":"page","link":"https:\/\/antoniatrompeta.com\/index.php\/astronomia-para-ninos\/","title":{"rendered":"ASTRONOMIA PARA NI\u00d1OS"},"content":{"rendered":"\n<p>La propuesta incluye documentos de contenidos para el profesor, unidades para educaci\u00f3n infantil, as\u00ed como cuadernillos para educaci\u00f3n primaria que han sido creados por el doctor Manuel Osuna &#8211; UA<\/p>\n\n\n\n<p>PROPUESTAS PARA INFANTIL<\/p>\n\n\n\n<div data-wp-interactive=\"core\/file\" class=\"wp-block-file\"><object data-wp-bind--hidden=\"!state.hasPdfPreview\" hidden class=\"wp-block-file__embed\" data=\"https:\/\/antoniatrompeta.com\/wp-content\/uploads\/2024\/02\/LaTIERRAenelESPACIO_como_medir_el_tiempo.pdf\" type=\"application\/pdf\" style=\"width:100%;height:600px\" aria-label=\"Incrustado de LaTIERRAenelESPACIO_como_medir_el_tiempo.\"><\/object><a id=\"wp-block-file--media-d551c485-7083-442f-a3b8-faea12b5d18f\" href=\"https:\/\/antoniatrompeta.com\/wp-content\/uploads\/2024\/02\/LaTIERRAenelESPACIO_como_medir_el_tiempo.pdf\">LaTIERRAenelESPACIO_como_medir_el_tiempo<\/a><a href=\"https:\/\/antoniatrompeta.com\/wp-content\/uploads\/2024\/02\/LaTIERRAenelESPACIO_como_medir_el_tiempo.pdf\" class=\"wp-block-file__button wp-element-button\" download aria-describedby=\"wp-block-file--media-d551c485-7083-442f-a3b8-faea12b5d18f\">Descarga<\/a><\/div>\n","protected":false},"excerpt":{"rendered":"<p>La propuesta incluye documentos de contenidos para el profesor, unidades para educaci\u00f3n infantil, as\u00ed como cuadernillos para educaci\u00f3n primaria que han sido creados por el doctor Manuel Osuna &#8211; UA PROPUESTAS PARA INFANTIL<\/p>\n","protected":false},"author":4,"featured_media":0,"parent":0,"menu_order":0,"comment_status":"closed","ping_status":"closed","template":"","meta":{"footnotes":""},"class_list":["post-2085","page","type-page","status-publish","hentry"],"_links":{"self":[{"href":"https:\/\/antoniatrompeta.com\/index.php\/wp-json\/wp\/v2\/pages\/2085","targetHints":{"allow":["GET"]}}],"collection":[{"href":"https:\/\/antoniatrompeta.com\/index.php\/wp-json\/wp\/v2\/pages"}],"about":[{"href":"https:\/\/antoniatrompeta.com\/index.php\/wp-json\/wp\/v2\/types\/page"}],"author":[{"embeddable":true,"href":"https:\/\/antoniatrompeta.com\/index.php\/wp-json\/wp\/v2\/users\/4"}],"replies":[{"embeddable":true,"href":"https:\/\/antoniatrompeta.com\/index.php\/wp-json\/wp\/v2\/comments?post=2085"}],"version-history":[{"count":3,"href":"https:\/\/antoniatrompeta.com\/index.php\/wp-json\/wp\/v2\/pages\/2085\/revisions"}],"predecessor-version":[{"id":2089,"href":"https:\/\/antoniatrompeta.com\/index.php\/wp-json\/wp\/v2\/pages\/2085\/revisions\/2089"}],"wp:attachment":[{"href":"https:\/\/antoniatrompeta.com\/index.php\/wp-json\/wp\/v2\/media?parent=2085"}],"curies":[{"name":"wp","href":"https:\/\/api.w.org\/{rel}","templated":true}]}}