{"id":2186,"date":"2024-05-22T18:36:21","date_gmt":"2024-05-22T17:36:21","guid":{"rendered":"https:\/\/antoniatrompeta.com\/?page_id=2186"},"modified":"2024-05-22T18:43:39","modified_gmt":"2024-05-22T17:43:39","slug":"que-tal-una-ayudita","status":"publish","type":"page","link":"https:\/\/antoniatrompeta.com\/index.php\/que-tal-una-ayudita\/","title":{"rendered":"\u00bfQU\u00c9 TAL UNA AYUDITA?  What  about your help?"},"content":{"rendered":"\n<p>Si deseas descargarte materiales, tienes mi permiso. \u00a1Ojala te sirvan!;  pero me gustar\u00eda que me enviaras un peque\u00f1o feed back sobre su aplicaci\u00f3n, con el fin de mejorarlos;  y si pudiera ser, una peque\u00f1a ayuda econ\u00f3mica.<\/p>\n\n\n\n<p><strong>Tu aportaci\u00f3n servir\u00e1 para mantener esta p\u00e1gina y, lo m\u00e1s importante, contribuir\u00e1s a comprar material para UNA ESCUELA NECESITADA<\/strong>. <\/p>\n\n\n\n<div id=\"donate-button-container\">\n<div id=\"donate-button\"><\/div>\n<script src=\"https:\/\/www.paypalobjects.com\/donate\/sdk\/donate-sdk.js\" charset=\"UTF-8\"><\/script>\n<script>\nPayPal.Donation.Button({\nenv:'production',\nhosted_button_id:'KY8L8PSVSUP44',\nimage: {\nsrc:'https:\/\/www.paypalobjects.com\/es_ES\/ES\/i\/btn\/btn_donate_LG.gif',\nalt:'Bot\u00f3n\u00a0Donar con PayPal',\ntitle:'PayPal - The safer, easier way to pay online!',\n}\n}).render('#donate-button');\n<\/script>\n<\/div>\n\n","protected":false},"excerpt":{"rendered":"<p>Si deseas descargarte materiales, tienes mi permiso. \u00a1Ojala te sirvan!; pero me gustar\u00eda que me enviaras un peque\u00f1o feed back sobre su aplicaci\u00f3n, con el fin de mejorarlos; y si pudiera ser, una peque\u00f1a ayuda econ\u00f3mica. Tu aportaci\u00f3n servir\u00e1 para &hellip; <a href=\"https:\/\/antoniatrompeta.com\/index.php\/que-tal-una-ayudita\/\">Sigue leyendo <span class=\"meta-nav\">&rarr;<\/span><\/a><\/p>\n","protected":false},"author":4,"featured_media":0,"parent":0,"menu_order":0,"comment_status":"closed","ping_status":"closed","template":"","meta":{"footnotes":""},"class_list":["post-2186","page","type-page","status-publish","hentry"],"_links":{"self":[{"href":"https:\/\/antoniatrompeta.com\/index.php\/wp-json\/wp\/v2\/pages\/2186","targetHints":{"allow":["GET"]}}],"collection":[{"href":"https:\/\/antoniatrompeta.com\/index.php\/wp-json\/wp\/v2\/pages"}],"about":[{"href":"https:\/\/antoniatrompeta.com\/index.php\/wp-json\/wp\/v2\/types\/page"}],"author":[{"embeddable":true,"href":"https:\/\/antoniatrompeta.com\/index.php\/wp-json\/wp\/v2\/users\/4"}],"replies":[{"embeddable":true,"href":"https:\/\/antoniatrompeta.com\/index.php\/wp-json\/wp\/v2\/comments?post=2186"}],"version-history":[{"count":5,"href":"https:\/\/antoniatrompeta.com\/index.php\/wp-json\/wp\/v2\/pages\/2186\/revisions"}],"predecessor-version":[{"id":2191,"href":"https:\/\/antoniatrompeta.com\/index.php\/wp-json\/wp\/v2\/pages\/2186\/revisions\/2191"}],"wp:attachment":[{"href":"https:\/\/antoniatrompeta.com\/index.php\/wp-json\/wp\/v2\/media?parent=2186"}],"curies":[{"name":"wp","href":"https:\/\/api.w.org\/{rel}","templated":true}]}}