{"id":2209,"date":"2025-03-25T19:03:52","date_gmt":"2025-03-25T18:03:52","guid":{"rendered":"https:\/\/antoniatrompeta.com\/?page_id=2209"},"modified":"2025-03-25T19:03:52","modified_gmt":"2025-03-25T18:03:52","slug":"iv-a-el-huerto-nociones-generales","status":"publish","type":"page","link":"https:\/\/antoniatrompeta.com\/index.php\/iv-a-el-huerto-nociones-generales\/","title":{"rendered":"IV.a EL HUERTO. NOCIONES GENERALES"},"content":{"rendered":"\n<ol class=\"wp-block-list\"><\/ol>\n\n\n\n<p>En este apartado nos centramos en aspectos f\u00edsicos del suelo, tipos de suelo, caracter\u00edsticas de un suelo saludable, y aspectos qu\u00edmicos, como pH, temperatura, entre otros. Tambi\u00e9n hablaremos de tipos de cultivos, semillas y asociaciones.<\/p>\n\n\n\n<div data-wp-interactive=\"core\/file\" class=\"wp-block-file\"><object data-wp-bind--hidden=\"!state.hasPdfPreview\" hidden class=\"wp-block-file__embed\" data=\"https:\/\/antoniatrompeta.com\/wp-content\/uploads\/2025\/03\/EL_HUERTO-2.pdf\" type=\"application\/pdf\" style=\"width:100%;height:600px\" aria-label=\"Incrustado de EL_HUERTO.\"><\/object><a id=\"wp-block-file--media-3f348783-2472-48b5-bfea-a4964fd710a0\" href=\"https:\/\/antoniatrompeta.com\/wp-content\/uploads\/2025\/03\/EL_HUERTO-2.pdf\">EL_HUERTO<\/a><a href=\"https:\/\/antoniatrompeta.com\/wp-content\/uploads\/2025\/03\/EL_HUERTO-2.pdf\" class=\"wp-block-file__button wp-element-button\" download aria-describedby=\"wp-block-file--media-3f348783-2472-48b5-bfea-a4964fd710a0\">Descarga<\/a><\/div>\n\n\n\n<p><\/p>\n","protected":false},"excerpt":{"rendered":"<p>En este apartado nos centramos en aspectos f\u00edsicos del suelo, tipos de suelo, caracter\u00edsticas de un suelo saludable, y aspectos qu\u00edmicos, como pH, temperatura, entre otros. Tambi\u00e9n hablaremos de tipos de cultivos, semillas y asociaciones.<\/p>\n","protected":false},"author":4,"featured_media":0,"parent":0,"menu_order":0,"comment_status":"closed","ping_status":"closed","template":"","meta":{"footnotes":""},"class_list":["post-2209","page","type-page","status-publish","hentry"],"_links":{"self":[{"href":"https:\/\/antoniatrompeta.com\/index.php\/wp-json\/wp\/v2\/pages\/2209","targetHints":{"allow":["GET"]}}],"collection":[{"href":"https:\/\/antoniatrompeta.com\/index.php\/wp-json\/wp\/v2\/pages"}],"about":[{"href":"https:\/\/antoniatrompeta.com\/index.php\/wp-json\/wp\/v2\/types\/page"}],"author":[{"embeddable":true,"href":"https:\/\/antoniatrompeta.com\/index.php\/wp-json\/wp\/v2\/users\/4"}],"replies":[{"embeddable":true,"href":"https:\/\/antoniatrompeta.com\/index.php\/wp-json\/wp\/v2\/comments?post=2209"}],"version-history":[{"count":1,"href":"https:\/\/antoniatrompeta.com\/index.php\/wp-json\/wp\/v2\/pages\/2209\/revisions"}],"predecessor-version":[{"id":2214,"href":"https:\/\/antoniatrompeta.com\/index.php\/wp-json\/wp\/v2\/pages\/2209\/revisions\/2214"}],"wp:attachment":[{"href":"https:\/\/antoniatrompeta.com\/index.php\/wp-json\/wp\/v2\/media?parent=2209"}],"curies":[{"name":"wp","href":"https:\/\/api.w.org\/{rel}","templated":true}]}}