{"id":2235,"date":"2025-06-06T14:30:38","date_gmt":"2025-06-06T13:30:38","guid":{"rendered":"https:\/\/antoniatrompeta.com\/?page_id=2235"},"modified":"2025-06-06T14:30:38","modified_gmt":"2025-06-06T13:30:38","slug":"f-plasticospropuesta-de-plastic-pirates-eu","status":"publish","type":"page","link":"https:\/\/antoniatrompeta.com\/index.php\/f-plasticospropuesta-de-plastic-pirates-eu\/","title":{"rendered":"F. PL\u00c1STICOS:PROPUESTA DE PLASTIC PIRATES EU"},"content":{"rendered":"\n<p>Propuesta de la organizaci\u00f3n PLATIC PIRATES para el muestreo de pl\u00e1sticos y micropl\u00e1sticos mayores de 1 mm.<\/p>\n\n\n\n<div data-wp-interactive=\"core\/file\" class=\"wp-block-file\"><object data-wp-bind--hidden=\"!state.hasPdfPreview\" hidden class=\"wp-block-file__embed\" data=\"https:\/\/antoniatrompeta.com\/wp-content\/uploads\/2025\/06\/PLASTIC_PIRATES_EUROPE-1.pdf\" type=\"application\/pdf\" style=\"width:100%;height:600px\" aria-label=\"Incrustado de PLASTIC_PIRATES_EUROPE.\"><\/object><a id=\"wp-block-file--media-e6687f1f-b386-4deb-99e3-0ea3bdbde756\" href=\"https:\/\/antoniatrompeta.com\/wp-content\/uploads\/2025\/06\/PLASTIC_PIRATES_EUROPE-1.pdf\">PLASTIC_PIRATES_EUROPE<\/a><a href=\"https:\/\/antoniatrompeta.com\/wp-content\/uploads\/2025\/06\/PLASTIC_PIRATES_EUROPE-1.pdf\" class=\"wp-block-file__button wp-element-button\" download aria-describedby=\"wp-block-file--media-e6687f1f-b386-4deb-99e3-0ea3bdbde756\">Descarga<\/a><\/div>\n\n\n\n<p><strong>MATERIALES<\/strong><\/p>\n\n\n\n<p><strong>GU\u00cdA DE APLICACI\u00d3N<\/strong> <\/p>\n\n\n\n<div data-wp-interactive=\"core\/file\" class=\"wp-block-file\"><object data-wp-bind--hidden=\"!state.hasPdfPreview\" hidden class=\"wp-block-file__embed\" data=\"https:\/\/antoniatrompeta.com\/wp-content\/uploads\/2025\/06\/Cuaderno_de_campana_para_jovenes_ES_Web-1.pdf\" type=\"application\/pdf\" style=\"width:100%;height:600px\" aria-label=\"Incrustado de Cuaderno_de_campana_para_jovenes_ES_Web.\"><\/object><a id=\"wp-block-file--media-f3177198-0132-4293-9856-432813da0a08\" href=\"https:\/\/antoniatrompeta.com\/wp-content\/uploads\/2025\/06\/Cuaderno_de_campana_para_jovenes_ES_Web-1.pdf\">Cuaderno_de_campana_para_jovenes_ES_Web<\/a><a href=\"https:\/\/antoniatrompeta.com\/wp-content\/uploads\/2025\/06\/Cuaderno_de_campana_para_jovenes_ES_Web-1.pdf\" class=\"wp-block-file__button wp-element-button\" download aria-describedby=\"wp-block-file--media-f3177198-0132-4293-9856-432813da0a08\">Descarga<\/a><\/div>\n","protected":false},"excerpt":{"rendered":"<p>Propuesta de la organizaci\u00f3n PLATIC PIRATES para el muestreo de pl\u00e1sticos y micropl\u00e1sticos mayores de 1 mm. MATERIALES GU\u00cdA DE APLICACI\u00d3N<\/p>\n","protected":false},"author":4,"featured_media":0,"parent":0,"menu_order":0,"comment_status":"closed","ping_status":"closed","template":"","meta":{"footnotes":""},"class_list":["post-2235","page","type-page","status-publish","hentry"],"_links":{"self":[{"href":"https:\/\/antoniatrompeta.com\/index.php\/wp-json\/wp\/v2\/pages\/2235","targetHints":{"allow":["GET"]}}],"collection":[{"href":"https:\/\/antoniatrompeta.com\/index.php\/wp-json\/wp\/v2\/pages"}],"about":[{"href":"https:\/\/antoniatrompeta.com\/index.php\/wp-json\/wp\/v2\/types\/page"}],"author":[{"embeddable":true,"href":"https:\/\/antoniatrompeta.com\/index.php\/wp-json\/wp\/v2\/users\/4"}],"replies":[{"embeddable":true,"href":"https:\/\/antoniatrompeta.com\/index.php\/wp-json\/wp\/v2\/comments?post=2235"}],"version-history":[{"count":1,"href":"https:\/\/antoniatrompeta.com\/index.php\/wp-json\/wp\/v2\/pages\/2235\/revisions"}],"predecessor-version":[{"id":2238,"href":"https:\/\/antoniatrompeta.com\/index.php\/wp-json\/wp\/v2\/pages\/2235\/revisions\/2238"}],"wp:attachment":[{"href":"https:\/\/antoniatrompeta.com\/index.php\/wp-json\/wp\/v2\/media?parent=2235"}],"curies":[{"name":"wp","href":"https:\/\/api.w.org\/{rel}","templated":true}]}}