{"id":554,"date":"2022-09-27T00:57:28","date_gmt":"2022-09-26T23:57:28","guid":{"rendered":"https:\/\/antoniaciencias.wordpress.com\/?page_id=554"},"modified":"2025-03-06T00:23:58","modified_gmt":"2025-03-05T23:23:58","slug":"v-actividades-artisticas-y-literarias","status":"publish","type":"page","link":"https:\/\/antoniatrompeta.com\/index.php\/v-actividades-artisticas-y-literarias\/","title":{"rendered":"V. Actividades art\u00edsticas y literarias_Plantas"},"content":{"rendered":"\n<p><\/p>\n\n\n\n<p>Se incluyen en este apartas actividades de otras materias relacionadas con los contenidos cient\u00edficos referentes a plantas.<\/p>\n\n\n\n<ol class=\"wp-block-list\">\n<li><strong>El peque\u00f1o tulip\u00e1n.<\/strong> Dramatizaci\u00f3n para ni\u00f1os peque\u00f1os de las necesidades de las plantas<\/li>\n<\/ol>\n\n\n\n<div data-wp-interactive=\"core\/file\" class=\"wp-block-file\"><object data-wp-bind--hidden=\"!state.hasPdfPreview\" hidden class=\"wp-block-file__embed\" data=\"https:\/\/antoniaciencias.files.wordpress.com\/2022\/09\/el-pequeno-tulipan.pdf\" type=\"application\/pdf\" style=\"width:100%;height:600px\" aria-label=\"Incrustado de EL PEQUE\u00d1O TULIP\u00c1N.\"><\/object><a id=\"wp-block-file--media-a5dd97bc-471e-4493-a19c-46a6249b287d\" href=\"https:\/\/antoniaciencias.files.wordpress.com\/2022\/09\/el-pequeno-tulipan.pdf\">EL PEQUE\u00d1O TULIP\u00c1N<\/a><a href=\"https:\/\/antoniaciencias.files.wordpress.com\/2022\/09\/el-pequeno-tulipan.pdf\" class=\"wp-block-file__button wp-element-button\" download aria-describedby=\"wp-block-file--media-a5dd97bc-471e-4493-a19c-46a6249b287d\">Descarga<\/a><\/div>\n\n\n\n<p>2<strong>. Jaime y las bellotas<\/strong>. Cuento sobre la importancia de plantar \u00e1rboles<\/p>\n\n\n\n<div data-wp-interactive=\"core\/file\" class=\"wp-block-file\"><object data-wp-bind--hidden=\"!state.hasPdfPreview\" hidden class=\"wp-block-file__embed\" data=\"https:\/\/antoniaciencias.files.wordpress.com\/2022\/09\/jaime-y-las-bellotas_espanol.pdf\" type=\"application\/pdf\" style=\"width:100%;height:600px\" aria-label=\"Incrustado de JAIME Y LAS BELLOTAS_espa\u00f1ol.\"><\/object><a id=\"wp-block-file--media-f1835129-b44c-47d4-b7d4-b09febd16a31\" href=\"https:\/\/antoniaciencias.files.wordpress.com\/2022\/09\/jaime-y-las-bellotas_espanol.pdf\">JAIME Y LAS BELLOTAS_espa\u00f1ol<\/a><a href=\"https:\/\/antoniaciencias.files.wordpress.com\/2022\/09\/jaime-y-las-bellotas_espanol.pdf\" class=\"wp-block-file__button wp-element-button\" download aria-describedby=\"wp-block-file--media-f1835129-b44c-47d4-b7d4-b09febd16a31\">Descarga<\/a><\/div>\n\n\n\n<p>3. <strong>Actividades manuales<\/strong><\/p>\n\n\n\n<div data-wp-interactive=\"core\/file\" class=\"wp-block-file\"><object data-wp-bind--hidden=\"!state.hasPdfPreview\" hidden class=\"wp-block-file__embed\" data=\"https:\/\/antoniaciencias.files.wordpress.com\/2022\/09\/actividades-artisticas.pdf\" type=\"application\/pdf\" style=\"width:100%;height:600px\" aria-label=\"Incrustado de Actividades art\u00edsticas.\"><\/object><a id=\"wp-block-file--media-5ee8425e-1525-47ea-bc3d-2a79b4af14f7\" href=\"https:\/\/antoniaciencias.files.wordpress.com\/2022\/09\/actividades-artisticas.pdf\">Actividades art\u00edsticas<\/a><a href=\"https:\/\/antoniaciencias.files.wordpress.com\/2022\/09\/actividades-artisticas.pdf\" class=\"wp-block-file__button wp-element-button\" download aria-describedby=\"wp-block-file--media-5ee8425e-1525-47ea-bc3d-2a79b4af14f7\">Descarga<\/a><\/div>\n\n\n\n<p>4. <strong>Simular la Polinizaci\u00f3n de una planta<\/strong>. Dramatizar la llegada de un insecto en busca de polen y de n\u00e9ctar de la flor.<\/p>\n\n\n\n<p><\/p>\n\n\n\n<div data-wp-interactive=\"core\/file\" class=\"wp-block-file\"><object data-wp-bind--hidden=\"!state.hasPdfPreview\" hidden class=\"wp-block-file__embed\" data=\"https:\/\/antoniaciencias.files.wordpress.com\/2022\/09\/flor_crear_polin_arte.pdf\" type=\"application\/pdf\" style=\"width:100%;height:600px\" aria-label=\"Incrustado de Flor_crear_polin_arte.\"><\/object><a id=\"wp-block-file--media-fe1f6691-b31f-447e-a482-45e9d5b9a70b\" href=\"https:\/\/antoniaciencias.files.wordpress.com\/2022\/09\/flor_crear_polin_arte.pdf\">Flor_crear_polin_arte<\/a><a href=\"https:\/\/antoniaciencias.files.wordpress.com\/2022\/09\/flor_crear_polin_arte.pdf\" class=\"wp-block-file__button wp-element-button\" download aria-describedby=\"wp-block-file--media-fe1f6691-b31f-447e-a482-45e9d5b9a70b\">Descarga<\/a><\/div>\n\n\n\n<p>5. <strong>Utilizaci\u00f3n de recursos artr\u00edsticos dela web EUROPEANA<\/strong> PARA ESTUDIAR LAS FLORES Y LOS POLINIZADORES<\/p>\n\n\n\n<p>Busca en la web <strong>www.europena.eu<\/strong> tun cuadro donde est\u00e9 representado un ramo de flores,en un florero, y anota el autor y el lugar d\u00f3nde se encuentra el cuadro.<\/p>\n\n\n\n<p>\u00bfPor qu\u00e9 te gusta?<\/p>\n\n\n\n<p>\u00bfCu\u00e1ntos tipos de flores hay en el cuadro?<\/p>\n\n\n\n<p>\u00bfSus p\u00e9talos siguen la serie Fibonacci? \u00bfHay flores con 1, 2, 3, 5, 7, 11 p\u00e9talos?<\/p>\n\n\n\n<p>\u00bfQu\u00e9 polinizadores est\u00e1n representados en el cuadro?<\/p>\n\n\n\n<p>\u00bfSer\u00edas capaz de copiar una flor que te guste mucho?<\/p>\n\n\n\n<figure class=\"wp-block-gallery has-nested-images columns-default is-cropped wp-block-gallery-1 is-layout-flex wp-block-gallery-is-layout-flex\">\n<figure class=\"wp-block-image size-large\"><img loading=\"lazy\" decoding=\"async\" width=\"832\" height=\"1024\" data-id=\"2203\" src=\"https:\/\/antoniatrompeta.com\/wp-content\/uploads\/2025\/03\/Europeana.eu-90402-RP_T_1898_A_3500-fe35067f36ab025642f3a354606078a6-832x1024.jpeg\" alt=\"\" class=\"wp-image-2203\" srcset=\"https:\/\/antoniatrompeta.com\/wp-content\/uploads\/2025\/03\/Europeana.eu-90402-RP_T_1898_A_3500-fe35067f36ab025642f3a354606078a6-832x1024.jpeg 832w, https:\/\/antoniatrompeta.com\/wp-content\/uploads\/2025\/03\/Europeana.eu-90402-RP_T_1898_A_3500-fe35067f36ab025642f3a354606078a6-244x300.jpeg 244w, https:\/\/antoniatrompeta.com\/wp-content\/uploads\/2025\/03\/Europeana.eu-90402-RP_T_1898_A_3500-fe35067f36ab025642f3a354606078a6-768x945.jpeg 768w, https:\/\/antoniatrompeta.com\/wp-content\/uploads\/2025\/03\/Europeana.eu-90402-RP_T_1898_A_3500-fe35067f36ab025642f3a354606078a6-1248x1536.jpeg 1248w, https:\/\/antoniatrompeta.com\/wp-content\/uploads\/2025\/03\/Europeana.eu-90402-RP_T_1898_A_3500-fe35067f36ab025642f3a354606078a6-1664x2048.jpeg 1664w\" sizes=\"auto, (max-width: 832px) 100vw, 832px\" \/><\/figure>\n<\/figure>\n\n\n\n<p>Europeana.eu-90402-RP_T_1898_A_3500-fe35067f36ab025642f3a354606078a6<\/p>\n","protected":false},"excerpt":{"rendered":"<p>Se incluyen en este apartas actividades de otras materias relacionadas con los contenidos cient\u00edficos referentes a plantas. 2. Jaime y las bellotas. Cuento sobre la importancia de plantar \u00e1rboles 3. Actividades manuales 4. Simular la Polinizaci\u00f3n de una planta. Dramatizar &hellip; <a href=\"https:\/\/antoniatrompeta.com\/index.php\/v-actividades-artisticas-y-literarias\/\">Sigue leyendo <span class=\"meta-nav\">&rarr;<\/span><\/a><\/p>\n","protected":false},"author":4,"featured_media":0,"parent":0,"menu_order":0,"comment_status":"closed","ping_status":"closed","template":"","meta":{"footnotes":""},"class_list":["post-554","page","type-page","status-publish","hentry"],"_links":{"self":[{"href":"https:\/\/antoniatrompeta.com\/index.php\/wp-json\/wp\/v2\/pages\/554","targetHints":{"allow":["GET"]}}],"collection":[{"href":"https:\/\/antoniatrompeta.com\/index.php\/wp-json\/wp\/v2\/pages"}],"about":[{"href":"https:\/\/antoniatrompeta.com\/index.php\/wp-json\/wp\/v2\/types\/page"}],"author":[{"embeddable":true,"href":"https:\/\/antoniatrompeta.com\/index.php\/wp-json\/wp\/v2\/users\/4"}],"replies":[{"embeddable":true,"href":"https:\/\/antoniatrompeta.com\/index.php\/wp-json\/wp\/v2\/comments?post=554"}],"version-history":[{"count":4,"href":"https:\/\/antoniatrompeta.com\/index.php\/wp-json\/wp\/v2\/pages\/554\/revisions"}],"predecessor-version":[{"id":2204,"href":"https:\/\/antoniatrompeta.com\/index.php\/wp-json\/wp\/v2\/pages\/554\/revisions\/2204"}],"wp:attachment":[{"href":"https:\/\/antoniatrompeta.com\/index.php\/wp-json\/wp\/v2\/media?parent=554"}],"curies":[{"name":"wp","href":"https:\/\/api.w.org\/{rel}","templated":true}]}}