{"id":586,"date":"2022-09-27T11:27:22","date_gmt":"2022-09-27T10:27:22","guid":{"rendered":"https:\/\/antoniaciencias.wordpress.com\/?page_id=586"},"modified":"2024-01-10T18:25:03","modified_gmt":"2024-01-10T17:25:03","slug":"talleres-i","status":"publish","type":"page","link":"https:\/\/antoniatrompeta.com\/index.php\/talleres-i\/","title":{"rendered":"Talleres I: Exploraci\u00f3n entorno"},"content":{"rendered":"\n<p><strong>Talleres<\/strong><\/p>\n\n\n\n<p>Se han creado algunos Cuadernos de Campo, con plantillas para ser utilizadas por los ni\u00f1os en su tarea de observaci\u00f3n y toma de datos.<\/p>\n\n\n\n<p> Necesitar\u00e1n utilizar c\u00e1maras fotogr\u00e1ficas, videoc\u00e1maras y grabadoras de sonido.<\/p>\n\n\n\n<p><strong>1. 1. Taller &#8211; \u00bfMi parque es un h\u00e1bitat? <\/strong><\/p>\n\n\n\n<p>Reconocer los seres vivos que viven en un h\u00e1bitat cercano, su jard\u00edn, y las condiciones de vida necesarias.<\/p>\n\n\n\n<p><\/p>\n\n\n\n<div data-wp-interactive=\"core\/file\" class=\"wp-block-file\"><object data-wp-bind--hidden=\"!state.hasPdfPreview\" hidden class=\"wp-block-file__embed\" data=\"https:\/\/antoniaciencias.files.wordpress.com\/2022\/09\/1_1_habitat.pdf\" type=\"application\/pdf\" style=\"width:100%;height:600px\" aria-label=\"Incrustado de 1_1_Habitat.\"><\/object><a id=\"wp-block-file--media-b40bb3dd-7da2-47e1-b58d-3e9738ee4f3b\" href=\"https:\/\/antoniaciencias.files.wordpress.com\/2022\/09\/1_1_habitat.pdf\">1_1_Habitat<\/a><a href=\"https:\/\/antoniaciencias.files.wordpress.com\/2022\/09\/1_1_habitat.pdf\" class=\"wp-block-file__button wp-element-button\" download aria-describedby=\"wp-block-file--media-b40bb3dd-7da2-47e1-b58d-3e9738ee4f3b\">Descarga<\/a><\/div>\n\n\n\n<p><strong>1.3. Taller &#8211; Cosas a mi alrededor<\/strong><\/p>\n\n\n\n<p>Una primera visita a una zona, para descubrir los elementos naturales que lo configuran.<\/p>\n\n\n\n<div data-wp-interactive=\"core\/file\" class=\"wp-block-file\"><object data-wp-bind--hidden=\"!state.hasPdfPreview\" hidden class=\"wp-block-file__embed\" data=\"https:\/\/antoniaciencias.files.wordpress.com\/2022\/09\/1_2_cosas_habitat-1.pdf\" type=\"application\/pdf\" style=\"width:100%;height:600px\" aria-label=\"Incrustado de 1_2_Cosas_habitat.\"><\/object><a id=\"wp-block-file--media-c9ffc4d2-3233-4b69-a419-940afb345439\" href=\"https:\/\/antoniaciencias.files.wordpress.com\/2022\/09\/1_2_cosas_habitat-1.pdf\">1_2_Cosas_habitat<\/a><a href=\"https:\/\/antoniaciencias.files.wordpress.com\/2022\/09\/1_2_cosas_habitat-1.pdf\" class=\"wp-block-file__button wp-element-button\" download aria-describedby=\"wp-block-file--media-c9ffc4d2-3233-4b69-a419-940afb345439\">Descarga<\/a><\/div>\n\n\n\n<p><strong>1.3. Taller &#8211; Primera visita a mi entorno<\/strong><\/p>\n\n\n\n<div data-wp-interactive=\"core\/file\" class=\"wp-block-file\"><object data-wp-bind--hidden=\"!state.hasPdfPreview\" hidden class=\"wp-block-file__embed\" data=\"https:\/\/antoniaciencias.files.wordpress.com\/2022\/09\/1_3_primera_visita_mi_entorno.pdf\" type=\"application\/pdf\" style=\"width:100%;height:600px\" aria-label=\"Incrustado de 1_3_Primera_visita_mi_entorno.\"><\/object><a id=\"wp-block-file--media-08146a20-7445-47c6-b84e-d115291ccbfc\" href=\"https:\/\/antoniaciencias.files.wordpress.com\/2022\/09\/1_3_primera_visita_mi_entorno.pdf\">1_3_Primera_visita_mi_entorno<\/a><a href=\"https:\/\/antoniaciencias.files.wordpress.com\/2022\/09\/1_3_primera_visita_mi_entorno.pdf\" class=\"wp-block-file__button wp-element-button\" download aria-describedby=\"wp-block-file--media-08146a20-7445-47c6-b84e-d115291ccbfc\">Descarga<\/a><\/div>\n\n\n\n<p><strong>1.4. Taller &#8211; \u00bfEs un buen h\u00e1bitat<\/strong>?<\/p>\n\n\n\n<p>Ficha de actividad para ni\u00f1os mayores<\/p>\n\n\n\n<div data-wp-interactive=\"core\/file\" class=\"wp-block-file\"><object data-wp-bind--hidden=\"!state.hasPdfPreview\" hidden class=\"wp-block-file__embed\" data=\"https:\/\/antoniaciencias.files.wordpress.com\/2022\/09\/1_4_exploramos_buen_habitat_2022.pdf\" type=\"application\/pdf\" style=\"width:100%;height:600px\" aria-label=\"Incrustado de 1_4_Exploramos_Buen_Habitat_2022.\"><\/object><a id=\"wp-block-file--media-66aa9287-6c1a-4c38-b764-62e0a18decce\" href=\"https:\/\/antoniaciencias.files.wordpress.com\/2022\/09\/1_4_exploramos_buen_habitat_2022.pdf\">1_4_Exploramos_Buen_Habitat_2022<\/a><a href=\"https:\/\/antoniaciencias.files.wordpress.com\/2022\/09\/1_4_exploramos_buen_habitat_2022.pdf\" class=\"wp-block-file__button wp-element-button\" download aria-describedby=\"wp-block-file--media-66aa9287-6c1a-4c38-b764-62e0a18decce\">Descarga<\/a><\/div>\n\n\n\n<p><\/p>\n\n\n\n<p><strong>1.5. Taller &#8211; \u00bfQu\u00e9 \u00e1rboles hay a mi alrededor?<\/strong><\/p>\n\n\n\n<div data-wp-interactive=\"core\/file\" class=\"wp-block-file\"><object data-wp-bind--hidden=\"!state.hasPdfPreview\" hidden class=\"wp-block-file__embed\" data=\"https:\/\/antoniaciencias.files.wordpress.com\/2022\/09\/1_5_arboles_habitat.pdf\" type=\"application\/pdf\" style=\"width:100%;height:600px\" aria-label=\"Incrustado de 1_5_Arboles_habitat.\"><\/object><a id=\"wp-block-file--media-9940b655-b00a-48f0-9b17-3113e23ee846\" href=\"https:\/\/antoniaciencias.files.wordpress.com\/2022\/09\/1_5_arboles_habitat.pdf\">1_5_Arboles_habitat<\/a><a href=\"https:\/\/antoniaciencias.files.wordpress.com\/2022\/09\/1_5_arboles_habitat.pdf\" class=\"wp-block-file__button wp-element-button\" download aria-describedby=\"wp-block-file--media-9940b655-b00a-48f0-9b17-3113e23ee846\">Descarga<\/a><\/div>\n\n\n\n<p><strong>Cuaderno de campo_ exploramos_ \u00e1rboles<\/strong><\/p>\n\n\n\n<p><\/p>\n\n\n\n<p>Se puede elegir una zona alrededor de su centro escolar,  las calles alrededor de su hogar, un parque cercano, el patio del colegio. Se pide a los alumnos que anoten tipos de \u00e1rboles, sus caracter\u00edsticas y elaboren un&nbsp; cuaderno de campo con fotos de la experiencia.<\/p>\n\n\n\n<div data-wp-interactive=\"core\/file\" class=\"wp-block-file\"><object data-wp-bind--hidden=\"!state.hasPdfPreview\" hidden class=\"wp-block-file__embed\" data=\"https:\/\/antoniaciencias.files.wordpress.com\/2022\/09\/cuaderno_de_campo_exploramos_arboles_de_mi_entorno_2022.pdf\" type=\"application\/pdf\" style=\"width:100%;height:600px\" aria-label=\"Incrustado de Cuaderno_de_campo_Exploramos_\u00c1rboles_de_mi_entorno_2022.\"><\/object><a id=\"wp-block-file--media-dcaf41f2-fee2-4232-9842-05623e58c254\" href=\"https:\/\/antoniaciencias.files.wordpress.com\/2022\/09\/cuaderno_de_campo_exploramos_arboles_de_mi_entorno_2022.pdf\">Cuaderno_de_campo_Exploramos_\u00c1rboles_de_mi_entorno_2022<\/a><a href=\"https:\/\/antoniaciencias.files.wordpress.com\/2022\/09\/cuaderno_de_campo_exploramos_arboles_de_mi_entorno_2022.pdf\" class=\"wp-block-file__button wp-element-button\" download aria-describedby=\"wp-block-file--media-dcaf41f2-fee2-4232-9842-05623e58c254\">Descarga<\/a><\/div>\n\n\n\n<p><strong>Cuaderno de campo para los peque\u00f1os<\/strong><\/p>\n\n\n\n<div data-wp-interactive=\"core\/file\" class=\"wp-block-file\"><object data-wp-bind--hidden=\"!state.hasPdfPreview\" hidden class=\"wp-block-file__embed\" data=\"https:\/\/antoniatrompeta.com\/wp-content\/uploads\/2024\/01\/MI_ARBOL_AMIGO_INFANTIL.pdf\" type=\"application\/pdf\" style=\"width:100%;height:600px\" aria-label=\"Incrustado de MI_ARBOL_AMIGO_INFANTIL.\"><\/object><a id=\"wp-block-file--media-4bf375af-3d44-4cb3-b60f-1f609f19b4b8\" href=\"https:\/\/antoniatrompeta.com\/wp-content\/uploads\/2024\/01\/MI_ARBOL_AMIGO_INFANTIL.pdf\">MI_ARBOL_AMIGO_INFANTIL<\/a><a href=\"https:\/\/antoniatrompeta.com\/wp-content\/uploads\/2024\/01\/MI_ARBOL_AMIGO_INFANTIL.pdf\" class=\"wp-block-file__button wp-element-button\" download aria-describedby=\"wp-block-file--media-4bf375af-3d44-4cb3-b60f-1f609f19b4b8\">Descarga<\/a><\/div>\n\n\n\n<p><strong>1.6. Taller &#8211; Mi \u00e1rbol amigo<\/strong><\/p>\n\n\n\n<div data-wp-interactive=\"core\/file\" class=\"wp-block-file\"><object data-wp-bind--hidden=\"!state.hasPdfPreview\" hidden class=\"wp-block-file__embed\" data=\"https:\/\/antoniatrompeta.com\/wp-content\/uploads\/2024\/01\/1_6_Mi_arbol_amigo_2023.pdf\" type=\"application\/pdf\" style=\"width:100%;height:600px\" aria-label=\"Incrustado de 1_6_Mi_arbol_amigo_2023.\"><\/object><a id=\"wp-block-file--media-c0e79a0c-2deb-47dd-b92b-53abcdecb348\" href=\"https:\/\/antoniatrompeta.com\/wp-content\/uploads\/2024\/01\/1_6_Mi_arbol_amigo_2023.pdf\">1_6_Mi_arbol_amigo_2023<\/a><a href=\"https:\/\/antoniatrompeta.com\/wp-content\/uploads\/2024\/01\/1_6_Mi_arbol_amigo_2023.pdf\" class=\"wp-block-file__button wp-element-button\" download aria-describedby=\"wp-block-file--media-c0e79a0c-2deb-47dd-b92b-53abcdecb348\">Descarga<\/a><\/div>\n\n\n\n<p><strong>Cuaderno de campo_ Instrucciones_Mi \u00e1rbol amigo<\/strong><\/p>\n\n\n\n<p>Se propone una tarea de asimilaci\u00f3n y de estima. Concretamente, la tarea de observar y acompa\u00f1ar a un \u00ab\u00e1rbol amigo\u00bb a lo largo de las estaciones de un a\u00f1o.<\/p>\n\n\n\n<p>El documento \u00abMi \u00e1rbol amigo\u00bb te ayudar\u00e1 a planificar la observaci\u00f3n de tu \u00e1rbol, y te ofrecer\u00e1 conocimientos m\u00ednimos claves sobre los aspectos que vas a observar.<\/p>\n\n\n\n<div data-wp-interactive=\"core\/file\" class=\"wp-block-file\"><object data-wp-bind--hidden=\"!state.hasPdfPreview\" hidden class=\"wp-block-file__embed\" data=\"https:\/\/antoniatrompeta.com\/wp-content\/uploads\/2024\/01\/Exploramos_mi_arbol_amigo_instrucciones_2024.pdf\" type=\"application\/pdf\" style=\"width:100%;height:600px\" aria-label=\"Incrustado de Exploramos_mi_arbol_amigo_instrucciones_2024.\"><\/object><a id=\"wp-block-file--media-53d849ac-a18d-4889-bda5-abc856510ccd\" href=\"https:\/\/antoniatrompeta.com\/wp-content\/uploads\/2024\/01\/Exploramos_mi_arbol_amigo_instrucciones_2024.pdf\">Exploramos_mi_arbol_amigo_instrucciones_2024<\/a><a href=\"https:\/\/antoniatrompeta.com\/wp-content\/uploads\/2024\/01\/Exploramos_mi_arbol_amigo_instrucciones_2024.pdf\" class=\"wp-block-file__button wp-element-button\" download aria-describedby=\"wp-block-file--media-53d849ac-a18d-4889-bda5-abc856510ccd\">Descarga<\/a><\/div>\n\n\n\n<p><strong>1.7. \u00bfTodas las hojas son iguales?<\/strong><\/p>\n\n\n\n<div data-wp-interactive=\"core\/file\" class=\"wp-block-file\"><object data-wp-bind--hidden=\"!state.hasPdfPreview\" hidden class=\"wp-block-file__embed\" data=\"https:\/\/antoniaciencias.files.wordpress.com\/2022\/09\/1_7_hojas_diversidad.pdf\" type=\"application\/pdf\" style=\"width:100%;height:600px\" aria-label=\"Incrustado de 1_7_Hojas_diversidad.\"><\/object><a id=\"wp-block-file--media-7140e9dd-afb6-41f8-bbfa-af2e5b90264d\" href=\"https:\/\/antoniaciencias.files.wordpress.com\/2022\/09\/1_7_hojas_diversidad.pdf\">1_7_Hojas_diversidad<\/a><a href=\"https:\/\/antoniaciencias.files.wordpress.com\/2022\/09\/1_7_hojas_diversidad.pdf\" class=\"wp-block-file__button wp-element-button\" download aria-describedby=\"wp-block-file--media-7140e9dd-afb6-41f8-bbfa-af2e5b90264d\">Descarga<\/a><\/div>\n\n\n\n<p><strong>1.8. \u00bfC\u00f3mo son las hojas?<\/strong><\/p>\n\n\n\n<div data-wp-interactive=\"core\/file\" class=\"wp-block-file\"><object data-wp-bind--hidden=\"!state.hasPdfPreview\" hidden class=\"wp-block-file__embed\" data=\"https:\/\/antoniaciencias.files.wordpress.com\/2022\/09\/1_8_hojas_como_son.pdf\" type=\"application\/pdf\" style=\"width:100%;height:600px\" aria-label=\"Incrustado de 1_8_Hojas_como_son.\"><\/object><a id=\"wp-block-file--media-c6c90ef6-345e-4ebc-a830-1901743be5ac\" href=\"https:\/\/antoniaciencias.files.wordpress.com\/2022\/09\/1_8_hojas_como_son.pdf\">1_8_Hojas_como_son<\/a><a href=\"https:\/\/antoniaciencias.files.wordpress.com\/2022\/09\/1_8_hojas_como_son.pdf\" class=\"wp-block-file__button wp-element-button\" download aria-describedby=\"wp-block-file--media-c6c90ef6-345e-4ebc-a830-1901743be5ac\">Descarga<\/a><\/div>\n\n\n\n<p><strong>1.9. \u00bfTodas las flores son iguales?<\/strong><\/p>\n\n\n\n<div data-wp-interactive=\"core\/file\" class=\"wp-block-file\"><object data-wp-bind--hidden=\"!state.hasPdfPreview\" hidden class=\"wp-block-file__embed\" data=\"https:\/\/antoniaciencias.files.wordpress.com\/2022\/09\/1_9_flor_diversidad.pdf\" type=\"application\/pdf\" style=\"width:100%;height:600px\" aria-label=\"Incrustado de 1_9_Flor_diversidad.\"><\/object><a id=\"wp-block-file--media-6f427ce5-55bb-47b0-85c4-cd850174064f\" href=\"https:\/\/antoniaciencias.files.wordpress.com\/2022\/09\/1_9_flor_diversidad.pdf\">1_9_Flor_diversidad<\/a><a href=\"https:\/\/antoniaciencias.files.wordpress.com\/2022\/09\/1_9_flor_diversidad.pdf\" class=\"wp-block-file__button wp-element-button\" download aria-describedby=\"wp-block-file--media-6f427ce5-55bb-47b0-85c4-cd850174064f\">Descarga<\/a><\/div>\n\n\n\n<p><strong>1.10. \u00bfQu\u00e9 semillas encontramosa nuestro alrededor?<\/strong><\/p>\n\n\n\n<div data-wp-interactive=\"core\/file\" class=\"wp-block-file\"><object data-wp-bind--hidden=\"!state.hasPdfPreview\" hidden class=\"wp-block-file__embed\" data=\"https:\/\/antoniaciencias.files.wordpress.com\/2022\/09\/1_10_semillas_alrededor.pdf\" type=\"application\/pdf\" style=\"width:100%;height:600px\" aria-label=\"Incrustado de 1_10_Semillas_alrededor.\"><\/object><a id=\"wp-block-file--media-4ba88aab-ea5d-49a4-9270-1d23382a032d\" href=\"https:\/\/antoniaciencias.files.wordpress.com\/2022\/09\/1_10_semillas_alrededor.pdf\">1_10_Semillas_alrededor<\/a><a href=\"https:\/\/antoniaciencias.files.wordpress.com\/2022\/09\/1_10_semillas_alrededor.pdf\" class=\"wp-block-file__button wp-element-button\" download aria-describedby=\"wp-block-file--media-4ba88aab-ea5d-49a4-9270-1d23382a032d\">Descarga<\/a><\/div>\n\n\n\n<p><strong>1.11. \u00bfCu\u00e1ntas v\u00edas de transporte de semillas conoces?<\/strong><\/p>\n\n\n\n<div data-wp-interactive=\"core\/file\" class=\"wp-block-file\"><object data-wp-bind--hidden=\"!state.hasPdfPreview\" hidden class=\"wp-block-file__embed\" data=\"https:\/\/antoniaciencias.files.wordpress.com\/2022\/09\/1_11_semilla_transporte.pdf\" type=\"application\/pdf\" style=\"width:100%;height:600px\" aria-label=\"Incrustado de 1_11_Semilla_transporte.\"><\/object><a id=\"wp-block-file--media-ddbacb03-d5f2-4905-a2ea-b734ca45f06b\" href=\"https:\/\/antoniaciencias.files.wordpress.com\/2022\/09\/1_11_semilla_transporte.pdf\">1_11_Semilla_transporte<\/a><a href=\"https:\/\/antoniaciencias.files.wordpress.com\/2022\/09\/1_11_semilla_transporte.pdf\" class=\"wp-block-file__button wp-element-button\" download aria-describedby=\"wp-block-file--media-ddbacb03-d5f2-4905-a2ea-b734ca45f06b\">Descarga<\/a><\/div>\n\n\n\n<p><strong>1.12. \u00bfPodr\u00edas encontrar un artefacto que ayude a una semilla?<\/strong><\/p>\n\n\n\n<div data-wp-interactive=\"core\/file\" class=\"wp-block-file\"><object data-wp-bind--hidden=\"!state.hasPdfPreview\" hidden class=\"wp-block-file__embed\" data=\"https:\/\/antoniaciencias.files.wordpress.com\/2022\/09\/1_12_semilla_-alejarse_artilugio.pdf\" type=\"application\/pdf\" style=\"width:100%;height:600px\" aria-label=\"Incrustado de 1_12_Semilla_ alejarse_artilugio.\"><\/object><a id=\"wp-block-file--media-70b44b01-3a5a-4777-b6e5-84cdfc8ee52d\" href=\"https:\/\/antoniaciencias.files.wordpress.com\/2022\/09\/1_12_semilla_-alejarse_artilugio.pdf\">1_12_Semilla_ alejarse_artilugio<\/a><a href=\"https:\/\/antoniaciencias.files.wordpress.com\/2022\/09\/1_12_semilla_-alejarse_artilugio.pdf\" class=\"wp-block-file__button wp-element-button\" download aria-describedby=\"wp-block-file--media-70b44b01-3a5a-4777-b6e5-84cdfc8ee52d\">Descarga<\/a><\/div>\n","protected":false},"excerpt":{"rendered":"<p>Talleres Se han creado algunos Cuadernos de Campo, con plantillas para ser utilizadas por los ni\u00f1os en su tarea de observaci\u00f3n y toma de datos. Necesitar\u00e1n utilizar c\u00e1maras fotogr\u00e1ficas, videoc\u00e1maras y grabadoras de sonido. 1. 1. Taller &#8211; \u00bfMi parque &hellip; <a href=\"https:\/\/antoniatrompeta.com\/index.php\/talleres-i\/\">Sigue leyendo <span class=\"meta-nav\">&rarr;<\/span><\/a><\/p>\n","protected":false},"author":4,"featured_media":0,"parent":0,"menu_order":0,"comment_status":"closed","ping_status":"closed","template":"","meta":{"footnotes":""},"class_list":["post-586","page","type-page","status-publish","hentry"],"_links":{"self":[{"href":"https:\/\/antoniatrompeta.com\/index.php\/wp-json\/wp\/v2\/pages\/586","targetHints":{"allow":["GET"]}}],"collection":[{"href":"https:\/\/antoniatrompeta.com\/index.php\/wp-json\/wp\/v2\/pages"}],"about":[{"href":"https:\/\/antoniatrompeta.com\/index.php\/wp-json\/wp\/v2\/types\/page"}],"author":[{"embeddable":true,"href":"https:\/\/antoniatrompeta.com\/index.php\/wp-json\/wp\/v2\/users\/4"}],"replies":[{"embeddable":true,"href":"https:\/\/antoniatrompeta.com\/index.php\/wp-json\/wp\/v2\/comments?post=586"}],"version-history":[{"count":11,"href":"https:\/\/antoniatrompeta.com\/index.php\/wp-json\/wp\/v2\/pages\/586\/revisions"}],"predecessor-version":[{"id":2052,"href":"https:\/\/antoniatrompeta.com\/index.php\/wp-json\/wp\/v2\/pages\/586\/revisions\/2052"}],"wp:attachment":[{"href":"https:\/\/antoniatrompeta.com\/index.php\/wp-json\/wp\/v2\/media?parent=586"}],"curies":[{"name":"wp","href":"https:\/\/api.w.org\/{rel}","templated":true}]}}