{"id":590,"date":"2022-09-27T11:32:19","date_gmt":"2022-09-27T10:32:19","guid":{"rendered":"https:\/\/antoniaciencias.wordpress.com\/?page_id=590"},"modified":"2023-02-08T19:48:21","modified_gmt":"2023-02-08T18:48:21","slug":"talleres-ii","status":"publish","type":"page","link":"https:\/\/antoniatrompeta.com\/index.php\/talleres-ii\/","title":{"rendered":"Talleres II: Indagaci\u00f3n semilla"},"content":{"rendered":"\n<p><strong>Talleres<\/strong><\/p>\n\n\n\n<p> En esta secci\u00f3n se ofrecen fichas de cada taller siguiendo una progresi\u00f3n secuencial y atendiendo a diferente dificultad.<\/p>\n\n\n\n<p><strong>Exploraci\u00f3n de la semilla<\/strong>.<\/p>\n\n\n\n<p>Los tres primeros talleres tambi\u00e9n aparecen en Mi entorno &#8211; Talleres I. Sirven de enlace al estudio del ciclo de las plantas<\/p>\n\n\n\n<p><strong>2.1. \u00bfQu\u00e9 semillas encontramos a nuestro alrededor?<\/strong><\/p>\n\n\n\n<div data-wp-interactive=\"core\/file\" class=\"wp-block-file\"><object data-wp-bind--hidden=\"!state.hasPdfPreview\" hidden class=\"wp-block-file__embed\" data=\"https:\/\/antoniaciencias.files.wordpress.com\/2022\/09\/2_1_semillas_alrededor.pdf\" type=\"application\/pdf\" style=\"width:100%;height:600px\" aria-label=\"Incrustado de 2_1_semillas_alrededor.\"><\/object><a id=\"wp-block-file--media-92cd780e-a88a-4660-b61a-1814a718c88c\" href=\"https:\/\/antoniaciencias.files.wordpress.com\/2022\/09\/2_1_semillas_alrededor.pdf\">2_1_semillas_alrededor<\/a><a href=\"https:\/\/antoniaciencias.files.wordpress.com\/2022\/09\/2_1_semillas_alrededor.pdf\" class=\"wp-block-file__button wp-element-button\" download aria-describedby=\"wp-block-file--media-92cd780e-a88a-4660-b61a-1814a718c88c\">Descarga<\/a><\/div>\n\n\n\n<p><strong>2.2. \u00bfQu\u00e9 v\u00edas de transporte utilizan las semillas para llegar a un lugar adecuado?<\/strong><\/p>\n\n\n\n<div data-wp-interactive=\"core\/file\" class=\"wp-block-file\"><object data-wp-bind--hidden=\"!state.hasPdfPreview\" hidden class=\"wp-block-file__embed\" data=\"https:\/\/antoniaciencias.files.wordpress.com\/2022\/09\/2_2_semilla_transporte-1.pdf\" type=\"application\/pdf\" style=\"width:100%;height:600px\" aria-label=\"Incrustado de 2_2_semilla_transporte-1.\"><\/object><a id=\"wp-block-file--media-ed4272de-3710-4f96-bec8-a6bf501d7c91\" href=\"https:\/\/antoniaciencias.files.wordpress.com\/2022\/09\/2_2_semilla_transporte-1.pdf\">2_2_semilla_transporte-1<\/a><a href=\"https:\/\/antoniaciencias.files.wordpress.com\/2022\/09\/2_2_semilla_transporte-1.pdf\" class=\"wp-block-file__button wp-element-button\" download aria-describedby=\"wp-block-file--media-ed4272de-3710-4f96-bec8-a6bf501d7c91\">Descarga<\/a><\/div>\n\n\n\n<p><strong>2.3. \u00bfSabr\u00edas crear un artilugio para que una semilla se alejara mucho de su madre?<\/strong><\/p>\n\n\n\n<div data-wp-interactive=\"core\/file\" class=\"wp-block-file\"><object data-wp-bind--hidden=\"!state.hasPdfPreview\" hidden class=\"wp-block-file__embed\" data=\"https:\/\/antoniaciencias.files.wordpress.com\/2022\/09\/2_3_semilla_-alejarse_artilugio.pdf\" type=\"application\/pdf\" style=\"width:100%;height:600px\" aria-label=\"Incrustado de 2_3_semilla_-alejarse_artilugio.\"><\/object><a id=\"wp-block-file--media-a2db0f0f-2eb3-41d3-b3de-f60764c7caed\" href=\"https:\/\/antoniaciencias.files.wordpress.com\/2022\/09\/2_3_semilla_-alejarse_artilugio.pdf\">2_3_semilla_-alejarse_artilugio<\/a><a href=\"https:\/\/antoniaciencias.files.wordpress.com\/2022\/09\/2_3_semilla_-alejarse_artilugio.pdf\" class=\"wp-block-file__button wp-element-button\" download aria-describedby=\"wp-block-file--media-a2db0f0f-2eb3-41d3-b3de-f60764c7caed\">Descarga<\/a><\/div>\n\n\n\n<p><strong>2.4. \u00bfQu\u00e9 necesita una semilla para crear  una planta? Germinaci\u00f3n<\/strong><\/p>\n\n\n\n<p><strong>Cuaderno de exploraci\u00f3n de la germinaci\u00f3n de una semilla<\/strong><\/p>\n\n\n\n<div data-wp-interactive=\"core\/file\" class=\"wp-block-file\"><object data-wp-bind--hidden=\"!state.hasPdfPreview\" hidden class=\"wp-block-file__embed\" data=\"https:\/\/antoniatrompeta.com\/wp-content\/uploads\/2023\/01\/2_4_Semilla_necesidades.pdf\" type=\"application\/pdf\" style=\"width:100%;height:600px\" aria-label=\"Incrustado de 2_4_Semilla_necesidades.\"><\/object><a id=\"wp-block-file--media-dcf29aa0-3405-49f1-949e-5bdacbd9dfd1\" href=\"https:\/\/antoniatrompeta.com\/wp-content\/uploads\/2023\/01\/2_4_Semilla_necesidades.pdf\">2_4_Semilla_necesidades<\/a><a href=\"https:\/\/antoniatrompeta.com\/wp-content\/uploads\/2023\/01\/2_4_Semilla_necesidades.pdf\" class=\"wp-block-file__button wp-element-button\" download aria-describedby=\"wp-block-file--media-dcf29aa0-3405-49f1-949e-5bdacbd9dfd1\">Descarga<\/a><\/div>\n\n\n\n<p><strong>2.5. \u00bfQu\u00e9 hay dentro de una semilla?<\/strong><\/p>\n\n\n\n<div data-wp-interactive=\"core\/file\" class=\"wp-block-file\"><object data-wp-bind--hidden=\"!state.hasPdfPreview\" hidden class=\"wp-block-file__embed\" data=\"https:\/\/antoniaciencias.files.wordpress.com\/2022\/09\/2_5_semilla_interior.pdf\" type=\"application\/pdf\" style=\"width:100%;height:600px\" aria-label=\"Incrustado de 2_5_Semilla_interior.\"><\/object><a id=\"wp-block-file--media-521b3c81-758a-4f25-b96d-a9819ec2e654\" href=\"https:\/\/antoniaciencias.files.wordpress.com\/2022\/09\/2_5_semilla_interior.pdf\">2_5_Semilla_interior<\/a><a href=\"https:\/\/antoniaciencias.files.wordpress.com\/2022\/09\/2_5_semilla_interior.pdf\" class=\"wp-block-file__button wp-element-button\" download aria-describedby=\"wp-block-file--media-521b3c81-758a-4f25-b96d-a9819ec2e654\">Descarga<\/a><\/div>\n\n\n\n<p><strong>2.6. \u00bfDe una semilla saldr\u00e1 una planta? \u00bfPedrito tendr\u00e1 pelo?<\/strong><\/p>\n\n\n\n<div data-wp-interactive=\"core\/file\" class=\"wp-block-file\"><object data-wp-bind--hidden=\"!state.hasPdfPreview\" hidden class=\"wp-block-file__embed\" data=\"https:\/\/antoniaciencias.files.wordpress.com\/2022\/09\/2_6_semilla_planta_pedrito.pdf\" type=\"application\/pdf\" style=\"width:100%;height:600px\" aria-label=\"Incrustado de 2_6_Semilla_planta_Pedrito.\"><\/object><a id=\"wp-block-file--media-a97482eb-6289-4232-a43e-482599db8556\" href=\"https:\/\/antoniaciencias.files.wordpress.com\/2022\/09\/2_6_semilla_planta_pedrito.pdf\">2_6_Semilla_planta_Pedrito<\/a><a href=\"https:\/\/antoniaciencias.files.wordpress.com\/2022\/09\/2_6_semilla_planta_pedrito.pdf\" class=\"wp-block-file__button wp-element-button\" download aria-describedby=\"wp-block-file--media-a97482eb-6289-4232-a43e-482599db8556\">Descarga<\/a><\/div>\n\n\n\n<p><strong>2.7. \u00bfCu\u00e1ntas partes tendr\u00e1 una planta?<\/strong><\/p>\n\n\n\n<p><strong>Exploraci\u00f3n de la planta<\/strong><\/p>\n\n\n\n<p><\/p>\n\n\n\n<div data-wp-interactive=\"core\/file\" class=\"wp-block-file\"><object data-wp-bind--hidden=\"!state.hasPdfPreview\" hidden class=\"wp-block-file__embed\" data=\"https:\/\/antoniaciencias.files.wordpress.com\/2022\/09\/2_7_semilla_planta_partes.pdf\" type=\"application\/pdf\" style=\"width:100%;height:600px\" aria-label=\"Incrustado de 2_7_Semilla_planta_partes.\"><\/object><a id=\"wp-block-file--media-29c43d6e-c526-48cb-86f8-4ef4967faa43\" href=\"https:\/\/antoniaciencias.files.wordpress.com\/2022\/09\/2_7_semilla_planta_partes.pdf\">2_7_Semilla_planta_partes<\/a><a href=\"https:\/\/antoniaciencias.files.wordpress.com\/2022\/09\/2_7_semilla_planta_partes.pdf\" class=\"wp-block-file__button wp-element-button\" download aria-describedby=\"wp-block-file--media-29c43d6e-c526-48cb-86f8-4ef4967faa43\">Descarga<\/a><\/div>\n\n\n\n<p><strong>Exploraci\u00f3n de las flores<\/strong><\/p>\n\n\n\n<p><strong>2.8. \u00bfC\u00f3mo son las flores? \u00bf Para qu\u00e9 se necesitan?<\/strong><\/p>\n\n\n\n<div data-wp-interactive=\"core\/file\" class=\"wp-block-file\"><object data-wp-bind--hidden=\"!state.hasPdfPreview\" hidden class=\"wp-block-file__embed\" data=\"https:\/\/antoniaciencias.files.wordpress.com\/2022\/09\/2_8_flor_como-son.pdf\" type=\"application\/pdf\" style=\"width:100%;height:600px\" aria-label=\"Incrustado de 2_8_Flor_C\u00f3mo son.\"><\/object><a id=\"wp-block-file--media-f88a2b2b-c94d-48fb-a4d3-66d0b30763f7\" href=\"https:\/\/antoniaciencias.files.wordpress.com\/2022\/09\/2_8_flor_como-son.pdf\">2_8_Flor_C\u00f3mo son<\/a><a href=\"https:\/\/antoniaciencias.files.wordpress.com\/2022\/09\/2_8_flor_como-son.pdf\" class=\"wp-block-file__button wp-element-button\" download aria-describedby=\"wp-block-file--media-f88a2b2b-c94d-48fb-a4d3-66d0b30763f7\">Descarga<\/a><\/div>\n\n\n\n<p><strong>2.9. \u00bfPara qu\u00e9 van los insectos a las flores?<\/strong><\/p>\n\n\n\n<p>Entra en la publicaci\u00f3n EUPollinators y ayuda a la protecci\u00f3n de los insectos<\/p>\n\n\n\n<div data-wp-interactive=\"core\/file\" class=\"wp-block-file\"><object data-wp-bind--hidden=\"!state.hasPdfPreview\" hidden class=\"wp-block-file__embed\" data=\"https:\/\/antoniaciencias.files.wordpress.com\/2022\/09\/es-eu-pollinators-initiative-postcards-print-1-1.pdf\" type=\"application\/pdf\" style=\"width:100%;height:600px\" aria-label=\"Incrustado de ES - EU Pollinators Initiative Postcards Print (1).\"><\/object><a id=\"wp-block-file--media-31b122b7-3ba9-4339-b588-38aa623d3ca1\" href=\"https:\/\/antoniaciencias.files.wordpress.com\/2022\/09\/es-eu-pollinators-initiative-postcards-print-1-1.pdf\">ES &#8211; EU Pollinators Initiative Postcards Print (1)<\/a><a href=\"https:\/\/antoniaciencias.files.wordpress.com\/2022\/09\/es-eu-pollinators-initiative-postcards-print-1-1.pdf\" class=\"wp-block-file__button wp-element-button\" download aria-describedby=\"wp-block-file--media-31b122b7-3ba9-4339-b588-38aa623d3ca1\">Descarga<\/a><\/div>\n\n\n\n<div data-wp-interactive=\"core\/file\" class=\"wp-block-file\"><object data-wp-bind--hidden=\"!state.hasPdfPreview\" hidden class=\"wp-block-file__embed\" data=\"https:\/\/antoniaciencias.files.wordpress.com\/2022\/09\/2_9_flor_insectos.pdf\" type=\"application\/pdf\" style=\"width:100%;height:600px\" aria-label=\"Incrustado de 2_9_Flor_insectos.\"><\/object><a id=\"wp-block-file--media-a2c4740a-7076-4819-9d64-95af06a38f10\" href=\"https:\/\/antoniaciencias.files.wordpress.com\/2022\/09\/2_9_flor_insectos.pdf\">2_9_Flor_insectos<\/a><a href=\"https:\/\/antoniaciencias.files.wordpress.com\/2022\/09\/2_9_flor_insectos.pdf\" class=\"wp-block-file__button wp-element-button\" download aria-describedby=\"wp-block-file--media-a2c4740a-7076-4819-9d64-95af06a38f10\">Descarga<\/a><\/div>\n\n\n\n<p><strong>Exploraci\u00f3n de los frutos<\/strong><\/p>\n\n\n\n<p><strong>2.10. \u00bfDe d\u00f3nde salen los frutos?<\/strong><\/p>\n\n\n\n<div data-wp-interactive=\"core\/file\" class=\"wp-block-file\"><object data-wp-bind--hidden=\"!state.hasPdfPreview\" hidden class=\"wp-block-file__embed\" data=\"https:\/\/antoniaciencias.files.wordpress.com\/2022\/09\/2_10_flor_fruto.pdf\" type=\"application\/pdf\" style=\"width:100%;height:600px\" aria-label=\"Incrustado de 2_10_Flor_fruto.\"><\/object><a id=\"wp-block-file--media-04e0e905-17b5-4756-bd4d-d835bfda0d5d\" href=\"https:\/\/antoniaciencias.files.wordpress.com\/2022\/09\/2_10_flor_fruto.pdf\">2_10_Flor_fruto<\/a><a href=\"https:\/\/antoniaciencias.files.wordpress.com\/2022\/09\/2_10_flor_fruto.pdf\" class=\"wp-block-file__button wp-element-button\" download aria-describedby=\"wp-block-file--media-04e0e905-17b5-4756-bd4d-d835bfda0d5d\">Descarga<\/a><\/div>\n\n\n\n<p><strong>Exploraci\u00f3n de sus semillas<\/strong><\/p>\n\n\n\n<p><strong>2.1. \u00bfD\u00f3nde podremos encontrar las semillas?<\/strong><\/p>\n\n\n\n<div data-wp-interactive=\"core\/file\" class=\"wp-block-file\"><object data-wp-bind--hidden=\"!state.hasPdfPreview\" hidden class=\"wp-block-file__embed\" data=\"https:\/\/antoniaciencias.files.wordpress.com\/2022\/09\/2_11_fruto_semilla_encontrar.pdf\" type=\"application\/pdf\" style=\"width:100%;height:600px\" aria-label=\"Incrustado de 2_11_Fruto_semilla_encontrar.\"><\/object><a id=\"wp-block-file--media-cc91d08f-35d6-4eb8-836b-9f20d1d30ead\" href=\"https:\/\/antoniaciencias.files.wordpress.com\/2022\/09\/2_11_fruto_semilla_encontrar.pdf\">2_11_Fruto_semilla_encontrar<\/a><a href=\"https:\/\/antoniaciencias.files.wordpress.com\/2022\/09\/2_11_fruto_semilla_encontrar.pdf\" class=\"wp-block-file__button wp-element-button\" download aria-describedby=\"wp-block-file--media-cc91d08f-35d6-4eb8-836b-9f20d1d30ead\">Descarga<\/a><\/div>\n\n\n\n<p><strong>2.12.  \u00bfDe d\u00f3nde proceden estas semillas?<\/strong><\/p>\n\n\n\n<div data-wp-interactive=\"core\/file\" class=\"wp-block-file\"><object data-wp-bind--hidden=\"!state.hasPdfPreview\" hidden class=\"wp-block-file__embed\" data=\"https:\/\/antoniaciencias.files.wordpress.com\/2022\/09\/2_12_frutos_semillas_nombres-1.pdf\" type=\"application\/pdf\" style=\"width:100%;height:600px\" aria-label=\"Incrustado de 2_12_Frutos_semillas_nombres.\"><\/object><a id=\"wp-block-file--media-8f467019-35ca-49e5-bca1-0d05beee9de7\" href=\"https:\/\/antoniaciencias.files.wordpress.com\/2022\/09\/2_12_frutos_semillas_nombres-1.pdf\">2_12_Frutos_semillas_nombres<\/a><a href=\"https:\/\/antoniaciencias.files.wordpress.com\/2022\/09\/2_12_frutos_semillas_nombres-1.pdf\" class=\"wp-block-file__button wp-element-button\" download aria-describedby=\"wp-block-file--media-8f467019-35ca-49e5-bca1-0d05beee9de7\">Descarga<\/a><\/div>\n\n\n\n<p><strong>2.13. \u00bfQu\u00e9 hemos aprendido?<\/strong> <strong>Exposici\u00f3n Ciclo<\/strong><\/p>\n\n\n\n<div data-wp-interactive=\"core\/file\" class=\"wp-block-file\"><object data-wp-bind--hidden=\"!state.hasPdfPreview\" hidden class=\"wp-block-file__embed\" data=\"https:\/\/antoniaciencias.files.wordpress.com\/2022\/09\/2_13_fruto_semilla_exposicionfinal.pdf\" type=\"application\/pdf\" style=\"width:100%;height:600px\" aria-label=\"Incrustado de 2_13_Fruto_Semilla_exposici\u00f3nfinal.\"><\/object><a id=\"wp-block-file--media-68f910ce-a17e-4986-8036-a7b88af8b866\" href=\"https:\/\/antoniaciencias.files.wordpress.com\/2022\/09\/2_13_fruto_semilla_exposicionfinal.pdf\">2_13_Fruto_Semilla_exposici\u00f3nfinal<\/a><a href=\"https:\/\/antoniaciencias.files.wordpress.com\/2022\/09\/2_13_fruto_semilla_exposicionfinal.pdf\" class=\"wp-block-file__button wp-element-button\" download aria-describedby=\"wp-block-file--media-68f910ce-a17e-4986-8036-a7b88af8b866\">Descarga<\/a><\/div>\n\n\n\n<p><strong>2.14. \u00bfPara qu\u00e9 necesitamos a las plantas? Comida y &#8230;<\/strong><\/p>\n\n\n\n<div data-wp-interactive=\"core\/file\" class=\"wp-block-file\"><object data-wp-bind--hidden=\"!state.hasPdfPreview\" hidden class=\"wp-block-file__embed\" data=\"https:\/\/antoniaciencias.files.wordpress.com\/2022\/09\/2_14_plantas_paraque.pdf\" type=\"application\/pdf\" style=\"width:100%;height:600px\" aria-label=\"Incrustado de 2_14_Plantas_paraqu\u00e9.\"><\/object><a id=\"wp-block-file--media-88eae9d0-1070-43e8-8cdb-993c06961e2c\" href=\"https:\/\/antoniaciencias.files.wordpress.com\/2022\/09\/2_14_plantas_paraque.pdf\">2_14_Plantas_paraqu\u00e9<\/a><a href=\"https:\/\/antoniaciencias.files.wordpress.com\/2022\/09\/2_14_plantas_paraque.pdf\" class=\"wp-block-file__button wp-element-button\" download aria-describedby=\"wp-block-file--media-88eae9d0-1070-43e8-8cdb-993c06961e2c\">Descarga<\/a><\/div>\n\n\n\n<p><strong>2.15. \u00bfPara qu\u00e9 usamos a las plantas?<\/strong><\/p>\n\n\n\n<div data-wp-interactive=\"core\/file\" class=\"wp-block-file\"><object data-wp-bind--hidden=\"!state.hasPdfPreview\" hidden class=\"wp-block-file__embed\" data=\"https:\/\/antoniaciencias.files.wordpress.com\/2022\/09\/2_15_plantas_usos.pdf\" type=\"application\/pdf\" style=\"width:100%;height:600px\" aria-label=\"Incrustado de 2_15_Plantas_usos.\"><\/object><a id=\"wp-block-file--media-b8ffb367-4284-4a32-a003-8dc1a1dbc959\" href=\"https:\/\/antoniaciencias.files.wordpress.com\/2022\/09\/2_15_plantas_usos.pdf\">2_15_Plantas_usos<\/a><a href=\"https:\/\/antoniaciencias.files.wordpress.com\/2022\/09\/2_15_plantas_usos.pdf\" class=\"wp-block-file__button wp-element-button\" download aria-describedby=\"wp-block-file--media-b8ffb367-4284-4a32-a003-8dc1a1dbc959\">Descarga<\/a><\/div>\n\n\n\n<p><strong>2.16. Cultivar mi propio huerto<\/strong><\/p>\n\n\n\n<p><\/p>\n\n\n\n<div data-wp-interactive=\"core\/file\" class=\"wp-block-file\"><object data-wp-bind--hidden=\"!state.hasPdfPreview\" hidden class=\"wp-block-file__embed\" data=\"https:\/\/antoniaciencias.files.wordpress.com\/2022\/09\/2_16_mi_huerto.pdf\" type=\"application\/pdf\" style=\"width:100%;height:600px\" aria-label=\"Incrustado de 2_16_Mi_huerto.\"><\/object><a id=\"wp-block-file--media-fb0e7a5e-5e33-41ea-afb3-24276c1213b0\" href=\"https:\/\/antoniaciencias.files.wordpress.com\/2022\/09\/2_16_mi_huerto.pdf\">2_16_Mi_huerto<\/a><a href=\"https:\/\/antoniaciencias.files.wordpress.com\/2022\/09\/2_16_mi_huerto.pdf\" class=\"wp-block-file__button wp-element-button\" download aria-describedby=\"wp-block-file--media-fb0e7a5e-5e33-41ea-afb3-24276c1213b0\">Descarga<\/a><\/div>\n","protected":false},"excerpt":{"rendered":"<p>Talleres En esta secci\u00f3n se ofrecen fichas de cada taller siguiendo una progresi\u00f3n secuencial y atendiendo a diferente dificultad. Exploraci\u00f3n de la semilla. Los tres primeros talleres tambi\u00e9n aparecen en Mi entorno &#8211; Talleres I. Sirven de enlace al estudio &hellip; <a href=\"https:\/\/antoniatrompeta.com\/index.php\/talleres-ii\/\">Sigue leyendo <span class=\"meta-nav\">&rarr;<\/span><\/a><\/p>\n","protected":false},"author":4,"featured_media":0,"parent":0,"menu_order":0,"comment_status":"closed","ping_status":"closed","template":"","meta":{"footnotes":""},"class_list":["post-590","page","type-page","status-publish","hentry"],"_links":{"self":[{"href":"https:\/\/antoniatrompeta.com\/index.php\/wp-json\/wp\/v2\/pages\/590","targetHints":{"allow":["GET"]}}],"collection":[{"href":"https:\/\/antoniatrompeta.com\/index.php\/wp-json\/wp\/v2\/pages"}],"about":[{"href":"https:\/\/antoniatrompeta.com\/index.php\/wp-json\/wp\/v2\/types\/page"}],"author":[{"embeddable":true,"href":"https:\/\/antoniatrompeta.com\/index.php\/wp-json\/wp\/v2\/users\/4"}],"replies":[{"embeddable":true,"href":"https:\/\/antoniatrompeta.com\/index.php\/wp-json\/wp\/v2\/comments?post=590"}],"version-history":[{"count":5,"href":"https:\/\/antoniatrompeta.com\/index.php\/wp-json\/wp\/v2\/pages\/590\/revisions"}],"predecessor-version":[{"id":1372,"href":"https:\/\/antoniatrompeta.com\/index.php\/wp-json\/wp\/v2\/pages\/590\/revisions\/1372"}],"wp:attachment":[{"href":"https:\/\/antoniatrompeta.com\/index.php\/wp-json\/wp\/v2\/media?parent=590"}],"curies":[{"name":"wp","href":"https:\/\/api.w.org\/{rel}","templated":true}]}}