{"id":603,"date":"2022-09-27T11:39:01","date_gmt":"2022-09-27T10:39:01","guid":{"rendered":"https:\/\/antoniaciencias.wordpress.com\/?page_id=603"},"modified":"2023-03-19T15:38:50","modified_gmt":"2023-03-19T14:38:50","slug":"talleres-iv","status":"publish","type":"page","link":"https:\/\/antoniatrompeta.com\/index.php\/talleres-iv\/","title":{"rendered":"Talleres IV: Problema del agua"},"content":{"rendered":"\n<p><strong>Taller<\/strong> dedicado a introducir a los ni\u00f1os en la b\u00fasqueda de soluciones a problemas reales. <\/p>\n\n\n\n<p>Se pretende que piensen como ingenieros en b\u00fasqueda de soluciones tecnol\u00f3gicas en pro de solucionar el problema grave del agua en el mundo.<\/p>\n\n\n\n<p><strong>4.1. El agua a tu alrededor &#8211; Debate<\/strong> <strong>y mi compromiso<\/strong><\/p>\n\n\n\n<div data-wp-interactive=\"core\/file\" class=\"wp-block-file\"><object data-wp-bind--hidden=\"!state.hasPdfPreview\" hidden class=\"wp-block-file__embed\" data=\"https:\/\/antoniaciencias.files.wordpress.com\/2022\/09\/agua-a-tu-alrededor-1.pdf\" type=\"application\/pdf\" style=\"width:100%;height:600px\" aria-label=\"Incrustado de Agua a tu alrededor.\"><\/object><a id=\"wp-block-file--media-c96d4b98-820a-4afe-a549-23fb0b14d3dd\" href=\"https:\/\/antoniaciencias.files.wordpress.com\/2022\/09\/agua-a-tu-alrededor-1.pdf\">Agua a tu alrededor<\/a><a href=\"https:\/\/antoniaciencias.files.wordpress.com\/2022\/09\/agua-a-tu-alrededor-1.pdf\" class=\"wp-block-file__button wp-element-button\" download aria-describedby=\"wp-block-file--media-c96d4b98-820a-4afe-a549-23fb0b14d3dd\">Descarga<\/a><\/div>\n\n\n\n<p><strong>4.2. El agua en el mundo \u00bfSuficiente para todos?<\/strong> <strong>Busca informaci\u00f3n<\/strong><\/p>\n\n\n\n<div data-wp-interactive=\"core\/file\" class=\"wp-block-file\"><object data-wp-bind--hidden=\"!state.hasPdfPreview\" hidden class=\"wp-block-file__embed\" data=\"https:\/\/antoniaciencias.files.wordpress.com\/2022\/09\/el-agua-en-el-mundo-1.pdf\" type=\"application\/pdf\" style=\"width:100%;height:600px\" aria-label=\"Incrustado de El agua en el Mundo.\"><\/object><a id=\"wp-block-file--media-ab06f162-4ef5-48ce-9ee2-0920b6c5f8ad\" href=\"https:\/\/antoniaciencias.files.wordpress.com\/2022\/09\/el-agua-en-el-mundo-1.pdf\">El agua en el Mundo<\/a><a href=\"https:\/\/antoniaciencias.files.wordpress.com\/2022\/09\/el-agua-en-el-mundo-1.pdf\" class=\"wp-block-file__button wp-element-button\" download aria-describedby=\"wp-block-file--media-ab06f162-4ef5-48ce-9ee2-0920b6c5f8ad\">Descarga<\/a><\/div>\n\n\n\n<p><strong>4.3. Problemas en los cultivos- Tecnolog\u00eda para ni\u00f1os<\/strong><\/p>\n\n\n\n<div data-wp-interactive=\"core\/file\" class=\"wp-block-file\"><object data-wp-bind--hidden=\"!state.hasPdfPreview\" hidden class=\"wp-block-file__embed\" data=\"https:\/\/antoniaciencias.files.wordpress.com\/2022\/09\/cultivar_agua_problemas-1.pdf\" type=\"application\/pdf\" style=\"width:100%;height:600px\" aria-label=\"Incrustado de Cultivar_agua_problemas.\"><\/object><a id=\"wp-block-file--media-618c68e3-df1d-4d26-9559-e081974af552\" href=\"https:\/\/antoniaciencias.files.wordpress.com\/2022\/09\/cultivar_agua_problemas-1.pdf\">Cultivar_agua_problemas<\/a><a href=\"https:\/\/antoniaciencias.files.wordpress.com\/2022\/09\/cultivar_agua_problemas-1.pdf\" class=\"wp-block-file__button wp-element-button\" download aria-describedby=\"wp-block-file--media-618c68e3-df1d-4d26-9559-e081974af552\">Descarga<\/a><\/div>\n\n\n\n<p><\/p>\n","protected":false},"excerpt":{"rendered":"<p>Taller dedicado a introducir a los ni\u00f1os en la b\u00fasqueda de soluciones a problemas reales. Se pretende que piensen como ingenieros en b\u00fasqueda de soluciones tecnol\u00f3gicas en pro de solucionar el problema grave del agua en el mundo. 4.1. El &hellip; <a href=\"https:\/\/antoniatrompeta.com\/index.php\/talleres-iv\/\">Sigue leyendo <span class=\"meta-nav\">&rarr;<\/span><\/a><\/p>\n","protected":false},"author":4,"featured_media":0,"parent":0,"menu_order":0,"comment_status":"closed","ping_status":"closed","template":"","meta":{"footnotes":""},"class_list":["post-603","page","type-page","status-publish","hentry"],"_links":{"self":[{"href":"https:\/\/antoniatrompeta.com\/index.php\/wp-json\/wp\/v2\/pages\/603","targetHints":{"allow":["GET"]}}],"collection":[{"href":"https:\/\/antoniatrompeta.com\/index.php\/wp-json\/wp\/v2\/pages"}],"about":[{"href":"https:\/\/antoniatrompeta.com\/index.php\/wp-json\/wp\/v2\/types\/page"}],"author":[{"embeddable":true,"href":"https:\/\/antoniatrompeta.com\/index.php\/wp-json\/wp\/v2\/users\/4"}],"replies":[{"embeddable":true,"href":"https:\/\/antoniatrompeta.com\/index.php\/wp-json\/wp\/v2\/comments?post=603"}],"version-history":[{"count":2,"href":"https:\/\/antoniatrompeta.com\/index.php\/wp-json\/wp\/v2\/pages\/603\/revisions"}],"predecessor-version":[{"id":1435,"href":"https:\/\/antoniatrompeta.com\/index.php\/wp-json\/wp\/v2\/pages\/603\/revisions\/1435"}],"wp:attachment":[{"href":"https:\/\/antoniatrompeta.com\/index.php\/wp-json\/wp\/v2\/media?parent=603"}],"curies":[{"name":"wp","href":"https:\/\/api.w.org\/{rel}","templated":true}]}}