{"id":625,"date":"2022-11-03T00:29:43","date_gmt":"2022-11-02T23:29:43","guid":{"rendered":"https:\/\/antoniatrompeta.com\/?page_id=625"},"modified":"2023-02-08T19:46:55","modified_gmt":"2023-02-08T18:46:55","slug":"i-conocimientos-previos-profesor","status":"publish","type":"page","link":"https:\/\/antoniatrompeta.com\/index.php\/i-conocimientos-previos-profesor\/","title":{"rendered":"I. Materia. Conocimientos. Profesor"},"content":{"rendered":"\n<p>Se dedica este apartado a ofrecer conocimientos m\u00ednimos sobre la materia, qu\u00e9 es, de qu\u00e9 est\u00e1 hecha la materia y unas ideas b\u00e1sicas sobre la flotaci\u00f3n.<\/p>\n\n\n\n<p>a. Presentaci\u00f3n en pp \u00abConocimientos b\u00e1sicos sobre la materia\u00bb para el profesor.<\/p>\n\n\n\n<div data-wp-interactive=\"core\/file\" class=\"wp-block-file\"><object data-wp-bind--hidden=\"!state.hasPdfPreview\" hidden class=\"wp-block-file__embed\" data=\"https:\/\/antoniatrompeta.com\/wp-content\/uploads\/2022\/11\/la-materia_presentacion_atrompeta2020-1.pdf\" type=\"application\/pdf\" style=\"width:100%;height:600px\" aria-label=\"Incrustado de la-materia_presentacion_atrompeta2020-1.\"><\/object><a id=\"wp-block-file--media-81959538-957a-4174-afde-a761b718dbe1\" href=\"https:\/\/antoniatrompeta.com\/wp-content\/uploads\/2022\/11\/la-materia_presentacion_atrompeta2020-1.pdf\">la-materia_presentacion_atrompeta2020-1<\/a><a href=\"https:\/\/antoniatrompeta.com\/wp-content\/uploads\/2022\/11\/la-materia_presentacion_atrompeta2020-1.pdf\" class=\"wp-block-file__button wp-element-button\" download aria-describedby=\"wp-block-file--media-81959538-957a-4174-afde-a761b718dbe1\">Descarga<\/a><\/div>\n\n\n\n<p>b. Conocimientos sobre la materia \u00bfDe qu\u00e9 est\u00e1 hecha la materia? Material para el profesor<\/p>\n\n\n\n<div data-wp-interactive=\"core\/file\" class=\"wp-block-file\"><object data-wp-bind--hidden=\"!state.hasPdfPreview\" hidden class=\"wp-block-file__embed\" data=\"https:\/\/antoniatrompeta.com\/wp-content\/uploads\/2022\/11\/la_materia_profesor_atrompeta_2022-1.pdf\" type=\"application\/pdf\" style=\"width:100%;height:600px\" aria-label=\"Incrustado de la_materia_profesor_atrompeta_2022-1.\"><\/object><a id=\"wp-block-file--media-b418b663-9818-4a70-bf95-8c0d3a03f6b7\" href=\"https:\/\/antoniatrompeta.com\/wp-content\/uploads\/2022\/11\/la_materia_profesor_atrompeta_2022-1.pdf\">la_materia_profesor_atrompeta_2022-1<\/a><a href=\"https:\/\/antoniatrompeta.com\/wp-content\/uploads\/2022\/11\/la_materia_profesor_atrompeta_2022-1.pdf\" class=\"wp-block-file__button wp-element-button\" download aria-describedby=\"wp-block-file--media-b418b663-9818-4a70-bf95-8c0d3a03f6b7\">Descarga<\/a><\/div>\n\n\n\n<p>c. Conocimientos sobre flotaci\u00f3n para el profesor.<\/p>\n\n\n\n<div data-wp-interactive=\"core\/file\" class=\"wp-block-file\"><object data-wp-bind--hidden=\"!state.hasPdfPreview\" hidden class=\"wp-block-file__embed\" data=\"https:\/\/antoniatrompeta.com\/wp-content\/uploads\/2022\/11\/la_flotacion_profesor_atrompeta_2022-1.pdf\" type=\"application\/pdf\" style=\"width:100%;height:600px\" aria-label=\"Incrustado de la_flotacion_profesor_atrompeta_2022-1.\"><\/object><a id=\"wp-block-file--media-c7b22b29-17f1-4597-9752-0b58b3ea1828\" href=\"https:\/\/antoniatrompeta.com\/wp-content\/uploads\/2022\/11\/la_flotacion_profesor_atrompeta_2022-1.pdf\">la_flotacion_profesor_atrompeta_2022-1<\/a><a href=\"https:\/\/antoniatrompeta.com\/wp-content\/uploads\/2022\/11\/la_flotacion_profesor_atrompeta_2022-1.pdf\" class=\"wp-block-file__button wp-element-button\" download aria-describedby=\"wp-block-file--media-c7b22b29-17f1-4597-9752-0b58b3ea1828\">Descarga<\/a><\/div>\n","protected":false},"excerpt":{"rendered":"<p>Se dedica este apartado a ofrecer conocimientos m\u00ednimos sobre la materia, qu\u00e9 es, de qu\u00e9 est\u00e1 hecha la materia y unas ideas b\u00e1sicas sobre la flotaci\u00f3n. a. Presentaci\u00f3n en pp \u00abConocimientos b\u00e1sicos sobre la materia\u00bb para el profesor. b. Conocimientos &hellip; <a href=\"https:\/\/antoniatrompeta.com\/index.php\/i-conocimientos-previos-profesor\/\">Sigue leyendo <span class=\"meta-nav\">&rarr;<\/span><\/a><\/p>\n","protected":false},"author":4,"featured_media":0,"parent":0,"menu_order":0,"comment_status":"closed","ping_status":"closed","template":"","meta":{"footnotes":""},"class_list":["post-625","page","type-page","status-publish","hentry"],"_links":{"self":[{"href":"https:\/\/antoniatrompeta.com\/index.php\/wp-json\/wp\/v2\/pages\/625","targetHints":{"allow":["GET"]}}],"collection":[{"href":"https:\/\/antoniatrompeta.com\/index.php\/wp-json\/wp\/v2\/pages"}],"about":[{"href":"https:\/\/antoniatrompeta.com\/index.php\/wp-json\/wp\/v2\/types\/page"}],"author":[{"embeddable":true,"href":"https:\/\/antoniatrompeta.com\/index.php\/wp-json\/wp\/v2\/users\/4"}],"replies":[{"embeddable":true,"href":"https:\/\/antoniatrompeta.com\/index.php\/wp-json\/wp\/v2\/comments?post=625"}],"version-history":[{"count":6,"href":"https:\/\/antoniatrompeta.com\/index.php\/wp-json\/wp\/v2\/pages\/625\/revisions"}],"predecessor-version":[{"id":1370,"href":"https:\/\/antoniatrompeta.com\/index.php\/wp-json\/wp\/v2\/pages\/625\/revisions\/1370"}],"wp:attachment":[{"href":"https:\/\/antoniatrompeta.com\/index.php\/wp-json\/wp\/v2\/media?parent=625"}],"curies":[{"name":"wp","href":"https:\/\/api.w.org\/{rel}","templated":true}]}}