{"id":627,"date":"2022-11-03T00:31:43","date_gmt":"2022-11-02T23:31:43","guid":{"rendered":"https:\/\/antoniatrompeta.com\/?page_id=627"},"modified":"2023-02-08T19:41:10","modified_gmt":"2023-02-08T18:41:10","slug":"ii-propuesta-de-actividades-para-ninos","status":"publish","type":"page","link":"https:\/\/antoniatrompeta.com\/index.php\/ii-propuesta-de-actividades-para-ninos\/","title":{"rendered":"II. De qu\u00e9 est\u00e1 hecha la materia.  Actividades ni\u00f1os"},"content":{"rendered":"\n<p>Se ofrecen actividades destinadas a comprender la materia para ni\u00f1os desde infantil hasta tercer ciclo.<\/p>\n\n\n\n<p>II. DE QU\u00c9 EST\u00c1 HECHA LA MATERIA<\/p>\n\n\n\n<div data-wp-interactive=\"core\/file\" class=\"wp-block-file\"><object data-wp-bind--hidden=\"!state.hasPdfPreview\" hidden class=\"wp-block-file__embed\" data=\"https:\/\/antoniaciencias.files.wordpress.com\/2022\/10\/de_que_esta_hecha_la_materia_atrompeta_2022-1.pdf\" type=\"application\/pdf\" style=\"width:100%;height:600px\" aria-label=\"Incrustado de DE_QUE_ESTA_HECHA_LA_MATERIA_ATrompeta_2022.\"><\/object><a id=\"wp-block-file--media-c12dc480-cc5a-49f6-86bc-382162b92e3d\" href=\"https:\/\/antoniaciencias.files.wordpress.com\/2022\/10\/de_que_esta_hecha_la_materia_atrompeta_2022-1.pdf\">DE_QUE_ESTA_HECHA_LA_MATERIA_ATrompeta_2022<\/a><a href=\"https:\/\/antoniaciencias.files.wordpress.com\/2022\/10\/de_que_esta_hecha_la_materia_atrompeta_2022-1.pdf\" class=\"wp-block-file__button wp-element-button\" download aria-describedby=\"wp-block-file--media-c12dc480-cc5a-49f6-86bc-382162b92e3d\">Descarga<\/a><\/div>\n","protected":false},"excerpt":{"rendered":"<p>Se ofrecen actividades destinadas a comprender la materia para ni\u00f1os desde infantil hasta tercer ciclo. II. DE QU\u00c9 EST\u00c1 HECHA LA MATERIA<\/p>\n","protected":false},"author":4,"featured_media":0,"parent":0,"menu_order":0,"comment_status":"closed","ping_status":"closed","template":"","meta":{"footnotes":""},"class_list":["post-627","page","type-page","status-publish","hentry"],"_links":{"self":[{"href":"https:\/\/antoniatrompeta.com\/index.php\/wp-json\/wp\/v2\/pages\/627","targetHints":{"allow":["GET"]}}],"collection":[{"href":"https:\/\/antoniatrompeta.com\/index.php\/wp-json\/wp\/v2\/pages"}],"about":[{"href":"https:\/\/antoniatrompeta.com\/index.php\/wp-json\/wp\/v2\/types\/page"}],"author":[{"embeddable":true,"href":"https:\/\/antoniatrompeta.com\/index.php\/wp-json\/wp\/v2\/users\/4"}],"replies":[{"embeddable":true,"href":"https:\/\/antoniatrompeta.com\/index.php\/wp-json\/wp\/v2\/comments?post=627"}],"version-history":[{"count":5,"href":"https:\/\/antoniatrompeta.com\/index.php\/wp-json\/wp\/v2\/pages\/627\/revisions"}],"predecessor-version":[{"id":1359,"href":"https:\/\/antoniatrompeta.com\/index.php\/wp-json\/wp\/v2\/pages\/627\/revisions\/1359"}],"wp:attachment":[{"href":"https:\/\/antoniatrompeta.com\/index.php\/wp-json\/wp\/v2\/media?parent=627"}],"curies":[{"name":"wp","href":"https:\/\/api.w.org\/{rel}","templated":true}]}}