{"id":629,"date":"2022-11-03T00:34:12","date_gmt":"2022-11-02T23:34:12","guid":{"rendered":"https:\/\/antoniatrompeta.com\/?page_id=629"},"modified":"2023-09-23T18:08:45","modified_gmt":"2023-09-23T17:08:45","slug":"iii-exploracion-del-agua","status":"publish","type":"page","link":"https:\/\/antoniatrompeta.com\/index.php\/iii-exploracion-del-agua\/","title":{"rendered":"IV. Exploramos el agua"},"content":{"rendered":"\n<p>Apartado dedicado a actividades de exploraci\u00f3n del agua para ni\u00f1os. Se incluye informaci\u00f3n para ense\u00f1antes sobre las caracter\u00edsticas del agua.<\/p>\n\n\n\n<p>IV. EXPLORAMOS EL AGUA<\/p>\n\n\n\n<p>Propuesta para los primeros ciclos<\/p>\n\n\n\n<div class=\"wp-block-file\"><a id=\"wp-block-file--media-301c04d4-ec05-40e0-a6ec-cbed74f97fad\" href=\"http:\/\/antoniatrompeta.com\/wp-content\/uploads\/2022\/11\/exploramos-el-agua_atrompeta_2020.pdf\">exploramos-el-agua_atrompeta_2020<\/a><a href=\"http:\/\/antoniatrompeta.com\/wp-content\/uploads\/2022\/11\/exploramos-el-agua_atrompeta_2020.pdf\" class=\"wp-block-file__button wp-element-button\" download aria-describedby=\"wp-block-file--media-301c04d4-ec05-40e0-a6ec-cbed74f97fad\">Descarga<\/a><\/div>\n","protected":false},"excerpt":{"rendered":"<p>Apartado dedicado a actividades de exploraci\u00f3n del agua para ni\u00f1os. Se incluye informaci\u00f3n para ense\u00f1antes sobre las caracter\u00edsticas del agua. IV. EXPLORAMOS EL AGUA Propuesta para los primeros ciclos<\/p>\n","protected":false},"author":4,"featured_media":0,"parent":0,"menu_order":0,"comment_status":"closed","ping_status":"closed","template":"","meta":{"footnotes":""},"class_list":["post-629","page","type-page","status-publish","hentry"],"_links":{"self":[{"href":"https:\/\/antoniatrompeta.com\/index.php\/wp-json\/wp\/v2\/pages\/629","targetHints":{"allow":["GET"]}}],"collection":[{"href":"https:\/\/antoniatrompeta.com\/index.php\/wp-json\/wp\/v2\/pages"}],"about":[{"href":"https:\/\/antoniatrompeta.com\/index.php\/wp-json\/wp\/v2\/types\/page"}],"author":[{"embeddable":true,"href":"https:\/\/antoniatrompeta.com\/index.php\/wp-json\/wp\/v2\/users\/4"}],"replies":[{"embeddable":true,"href":"https:\/\/antoniatrompeta.com\/index.php\/wp-json\/wp\/v2\/comments?post=629"}],"version-history":[{"count":7,"href":"https:\/\/antoniatrompeta.com\/index.php\/wp-json\/wp\/v2\/pages\/629\/revisions"}],"predecessor-version":[{"id":1941,"href":"https:\/\/antoniatrompeta.com\/index.php\/wp-json\/wp\/v2\/pages\/629\/revisions\/1941"}],"wp:attachment":[{"href":"https:\/\/antoniatrompeta.com\/index.php\/wp-json\/wp\/v2\/media?parent=629"}],"curies":[{"name":"wp","href":"https:\/\/api.w.org\/{rel}","templated":true}]}}