{"id":64,"date":"2022-07-14T17:57:53","date_gmt":"2022-07-14T17:57:53","guid":{"rendered":"https:\/\/antoniacienciasinfantilprimaria.wordpress.com\/?page_id=64"},"modified":"2024-01-04T13:26:20","modified_gmt":"2024-01-04T12:26:20","slug":"seres-vivos-plantas","status":"publish","type":"page","link":"https:\/\/antoniatrompeta.com\/index.php\/seres-vivos-plantas\/","title":{"rendered":"Plantas, mis queridas Amigas"},"content":{"rendered":"\n<p>Esta propuesta de aprendizaje est\u00e1 dedicada a las plantas y su papel fundamental en nuestras vidas y la vida en La Tierra.<\/p>\n\n\n\n<p>Se trata de una situaci\u00f3n de aprendizaje real, cercana y familiar e incluso podr\u00eda considerarse que es la primera propuesta que deber\u00eda presentarse a los ni\u00f1os. <\/p>\n\n\n\n<p>El descubrimiento del porqu\u00e9 estamos existiendo en este planeta y nuestra necesaria implicaci\u00f3n en su preservaci\u00f3n es un objetivo ineludible desde las primeras etapas de la ense\u00f1anza. <\/p>\n","protected":false},"excerpt":{"rendered":"<p>Esta propuesta de aprendizaje est\u00e1 dedicada a las plantas y su papel fundamental en nuestras vidas y la vida en La Tierra. Se trata de una situaci\u00f3n de aprendizaje real, cercana y familiar e incluso podr\u00eda considerarse que es la &hellip; <a href=\"https:\/\/antoniatrompeta.com\/index.php\/seres-vivos-plantas\/\">Sigue leyendo <span class=\"meta-nav\">&rarr;<\/span><\/a><\/p>\n","protected":false},"author":4,"featured_media":0,"parent":0,"menu_order":0,"comment_status":"closed","ping_status":"closed","template":"","meta":{"footnotes":""},"class_list":["post-64","page","type-page","status-publish","hentry"],"_links":{"self":[{"href":"https:\/\/antoniatrompeta.com\/index.php\/wp-json\/wp\/v2\/pages\/64","targetHints":{"allow":["GET"]}}],"collection":[{"href":"https:\/\/antoniatrompeta.com\/index.php\/wp-json\/wp\/v2\/pages"}],"about":[{"href":"https:\/\/antoniatrompeta.com\/index.php\/wp-json\/wp\/v2\/types\/page"}],"author":[{"embeddable":true,"href":"https:\/\/antoniatrompeta.com\/index.php\/wp-json\/wp\/v2\/users\/4"}],"replies":[{"embeddable":true,"href":"https:\/\/antoniatrompeta.com\/index.php\/wp-json\/wp\/v2\/comments?post=64"}],"version-history":[{"count":1,"href":"https:\/\/antoniatrompeta.com\/index.php\/wp-json\/wp\/v2\/pages\/64\/revisions"}],"predecessor-version":[{"id":2019,"href":"https:\/\/antoniatrompeta.com\/index.php\/wp-json\/wp\/v2\/pages\/64\/revisions\/2019"}],"wp:attachment":[{"href":"https:\/\/antoniatrompeta.com\/index.php\/wp-json\/wp\/v2\/media?parent=64"}],"curies":[{"name":"wp","href":"https:\/\/api.w.org\/{rel}","templated":true}]}}