{"id":66,"date":"2022-07-14T17:57:47","date_gmt":"2022-07-14T17:57:47","guid":{"rendered":"https:\/\/antoniacienciasinfantilprimaria.wordpress.com\/?page_id=66"},"modified":"2022-07-14T17:57:47","modified_gmt":"2022-07-14T17:57:47","slug":"plantas-tu-entorno-cercano","status":"publish","type":"page","link":"https:\/\/antoniatrompeta.com\/index.php\/plantas-tu-entorno-cercano\/","title":{"rendered":"I. Mi entorno cercano"},"content":{"rendered":"\n<p>El t\u00f3pico que os presentamos pretende implicar a los ni\u00f1os y mayores  en la apreciaci\u00f3n de su entorno natural, cercano y familiar.<\/p>\n\n\n\n<p>La idea principal es crear una conciencia de pertenencia a una comunidad de seres vivos, en la que estamos, junto con otros animales y las plantas; y en la necesidad de preservar el entorno en el que vivimos.<\/p>\n\n\n\n<ol class=\"wp-block-list\">\n<li><strong>Exploramos la Naturaleza<\/strong><\/li>\n<\/ol>\n\n\n\n<p>El documento <strong>\u00abExploramos la naturaleza<\/strong>\u00bb ofrece un abanico de tareas que pueden llevar a cabo en su entorno m\u00e1s cercano, desde el conocimiento de las caracter\u00edsticas de un h\u00e1bitat, el estudio de los seres vivos que lo habitan  y la estima de alguno de ellos en particular, ya sea planta o animal.<\/p>\n\n\n\n<p>Las actividades est\u00e1n dise\u00f1adas para ser llevadas a cabo con ni\u00f1os de distintas edades, en peque\u00f1os grupos, de forma que se fomente el trabajo cooperativo y colaborativo.<\/p>\n\n\n\n<p><\/p>\n\n\n\n<div class=\"wp-block-file\"><a id=\"wp-block-file--media-4e672fc8-ce35-4ddb-b23c-8eb44608f8a3\" href=\"https:\/\/antoniaciencias.files.wordpress.com\/2022\/09\/i_exploramos_la_naturaleza_2022-2.doc\"><strong>I_EXPLORAMOS_LA_NATURALEZA_2022<\/strong><\/a><a href=\"https:\/\/antoniaciencias.files.wordpress.com\/2022\/09\/i_exploramos_la_naturaleza_2022-2.doc\" class=\"wp-block-file__button wp-element-button\" download aria-describedby=\"wp-block-file--media-4e672fc8-ce35-4ddb-b23c-8eb44608f8a3\">Descarga<\/a><\/div>\n","protected":false},"excerpt":{"rendered":"<p>El t\u00f3pico que os presentamos pretende implicar a los ni\u00f1os y mayores en la apreciaci\u00f3n de su entorno natural, cercano y familiar. La idea principal es crear una conciencia de pertenencia a una comunidad de seres vivos, en la que &hellip; <a href=\"https:\/\/antoniatrompeta.com\/index.php\/plantas-tu-entorno-cercano\/\">Sigue leyendo <span class=\"meta-nav\">&rarr;<\/span><\/a><\/p>\n","protected":false},"author":4,"featured_media":0,"parent":0,"menu_order":0,"comment_status":"closed","ping_status":"closed","template":"","meta":{"footnotes":""},"class_list":["post-66","page","type-page","status-publish","hentry"],"_links":{"self":[{"href":"https:\/\/antoniatrompeta.com\/index.php\/wp-json\/wp\/v2\/pages\/66","targetHints":{"allow":["GET"]}}],"collection":[{"href":"https:\/\/antoniatrompeta.com\/index.php\/wp-json\/wp\/v2\/pages"}],"about":[{"href":"https:\/\/antoniatrompeta.com\/index.php\/wp-json\/wp\/v2\/types\/page"}],"author":[{"embeddable":true,"href":"https:\/\/antoniatrompeta.com\/index.php\/wp-json\/wp\/v2\/users\/4"}],"replies":[{"embeddable":true,"href":"https:\/\/antoniatrompeta.com\/index.php\/wp-json\/wp\/v2\/comments?post=66"}],"version-history":[{"count":0,"href":"https:\/\/antoniatrompeta.com\/index.php\/wp-json\/wp\/v2\/pages\/66\/revisions"}],"wp:attachment":[{"href":"https:\/\/antoniatrompeta.com\/index.php\/wp-json\/wp\/v2\/media?parent=66"}],"curies":[{"name":"wp","href":"https:\/\/api.w.org\/{rel}","templated":true}]}}