{"id":68,"date":"2022-07-14T17:57:49","date_gmt":"2022-07-14T17:57:49","guid":{"rendered":"https:\/\/antoniacienciasinfantilprimaria.wordpress.com\/?page_id=68"},"modified":"2024-01-04T14:29:54","modified_gmt":"2024-01-04T13:29:54","slug":"plantas-necesidades","status":"publish","type":"page","link":"https:\/\/antoniatrompeta.com\/index.php\/plantas-necesidades\/","title":{"rendered":"A. PLANTAS: ESCENARIO DE APRENDIZAJE"},"content":{"rendered":"\n<p>AUTORA: Antonia Trompeta Carpintero, 2022<\/p>\n\n\n\n<p>FINALIDAD<\/p>\n\n\n\n<p>Esta propuesta  pretende ayudar a comprender el papel clave de las plantas en nuestras vidas y a valorar la necesidad de contribuir a su sostenibilidad.<\/p>\n\n\n\n<p>EDADES<\/p>\n\n\n\n<p>Alumnos de Infantil y Primaria. Estudiantes de Educaci\u00f3n Especial. Ense\u00f1antes, y todos aquellos y todos aquellos que est\u00e1n interesados en conocer y promover las ciencias.<\/p>\n\n\n\n<div data-wp-interactive=\"core\/file\" class=\"wp-block-file\"><object data-wp-bind--hidden=\"!state.hasPdfPreview\" hidden class=\"wp-block-file__embed\" data=\"https:\/\/antoniatrompeta.com\/wp-content\/uploads\/2023\/07\/PLANTAS_SITUACION_APRENDIZAJE-1.pdf\" type=\"application\/pdf\" style=\"width:100%;height:600px\" aria-label=\"Incrustado de PLANTAS_SITUACION_APRENDIZAJE-1.\"><\/object><a id=\"wp-block-file--media-d90b675e-b6bf-4d6c-9c2e-acad5bfcdc01\" href=\"https:\/\/antoniatrompeta.com\/wp-content\/uploads\/2023\/07\/PLANTAS_SITUACION_APRENDIZAJE-1.pdf\">PLANTAS_SITUACION_APRENDIZAJE-1<\/a><a href=\"https:\/\/antoniatrompeta.com\/wp-content\/uploads\/2023\/07\/PLANTAS_SITUACION_APRENDIZAJE-1.pdf\" class=\"wp-block-file__button wp-element-button\" download aria-describedby=\"wp-block-file--media-d90b675e-b6bf-4d6c-9c2e-acad5bfcdc01\">Descarga<\/a><\/div>\n","protected":false},"excerpt":{"rendered":"<p>AUTORA: Antonia Trompeta Carpintero, 2022 FINALIDAD Esta propuesta pretende ayudar a comprender el papel clave de las plantas en nuestras vidas y a valorar la necesidad de contribuir a su sostenibilidad. EDADES Alumnos de Infantil y Primaria. Estudiantes de Educaci\u00f3n &hellip; <a href=\"https:\/\/antoniatrompeta.com\/index.php\/plantas-necesidades\/\">Sigue leyendo <span class=\"meta-nav\">&rarr;<\/span><\/a><\/p>\n","protected":false},"author":4,"featured_media":0,"parent":0,"menu_order":0,"comment_status":"closed","ping_status":"closed","template":"","meta":{"footnotes":""},"class_list":["post-68","page","type-page","status-publish","hentry"],"_links":{"self":[{"href":"https:\/\/antoniatrompeta.com\/index.php\/wp-json\/wp\/v2\/pages\/68","targetHints":{"allow":["GET"]}}],"collection":[{"href":"https:\/\/antoniatrompeta.com\/index.php\/wp-json\/wp\/v2\/pages"}],"about":[{"href":"https:\/\/antoniatrompeta.com\/index.php\/wp-json\/wp\/v2\/types\/page"}],"author":[{"embeddable":true,"href":"https:\/\/antoniatrompeta.com\/index.php\/wp-json\/wp\/v2\/users\/4"}],"replies":[{"embeddable":true,"href":"https:\/\/antoniatrompeta.com\/index.php\/wp-json\/wp\/v2\/comments?post=68"}],"version-history":[{"count":6,"href":"https:\/\/antoniatrompeta.com\/index.php\/wp-json\/wp\/v2\/pages\/68\/revisions"}],"predecessor-version":[{"id":2022,"href":"https:\/\/antoniatrompeta.com\/index.php\/wp-json\/wp\/v2\/pages\/68\/revisions\/2022"}],"wp:attachment":[{"href":"https:\/\/antoniatrompeta.com\/index.php\/wp-json\/wp\/v2\/media?parent=68"}],"curies":[{"name":"wp","href":"https:\/\/api.w.org\/{rel}","templated":true}]}}