{"id":78,"date":"2022-07-14T17:57:42","date_gmt":"2022-07-14T17:57:42","guid":{"rendered":"https:\/\/antoniacienciasinfantilprimaria.wordpress.com\/?page_id=78"},"modified":"2024-01-08T04:18:40","modified_gmt":"2024-01-08T03:18:40","slug":"plantas-falta-de-agua","status":"publish","type":"page","link":"https:\/\/antoniatrompeta.com\/index.php\/plantas-falta-de-agua\/","title":{"rendered":"II. Qu\u00e9 ciclo siguen las plantas"},"content":{"rendered":"\n<p>Estudiamos los pasos que sigue una planta: desde que es semilla hasta que se convierte en planta, aparece la flor, el fruto y de nuevo la semilla.<\/p>\n\n\n\n<p>El siguiente documento propone una serie de actividades de exploraci\u00f3n del ciclo de las plantas para ni\u00f1os de edades tempranas.<\/p>\n\n\n\n<p><strong>II.1.Unidad did\u00e1ctica: Exploramos el ciclo de las plantas.<\/strong><\/p>\n\n\n\n<p>El documento siguiente ofrece una una revisi\u00f3n de las ideas de los ni\u00f1os sobre las plantas, as\u00ed como una serie de propuestas que llevar\u00edan a los ni\u00f1os a conocer el ciclo de las plantas y a valorar la importancia clave de dicho ciclo en nuestras vidas.<\/p>\n\n\n\n<div data-wp-interactive=\"core\/file\" class=\"wp-block-file\"><object data-wp-bind--hidden=\"!state.hasPdfPreview\" hidden class=\"wp-block-file__embed\" data=\"https:\/\/antoniatrompeta.com\/wp-content\/uploads\/2024\/01\/El_ciclo_de_las_plantas_2024.pdf\" type=\"application\/pdf\" style=\"width:100%;height:600px\" aria-label=\"Incrustado de El_ciclo_de_las_plantas_2024.\"><\/object><a id=\"wp-block-file--media-5033207f-99c3-462f-a94d-c1e18e7576ff\" href=\"https:\/\/antoniatrompeta.com\/wp-content\/uploads\/2024\/01\/El_ciclo_de_las_plantas_2024.pdf\">El_ciclo_de_las_plantas_2024<\/a><a href=\"https:\/\/antoniatrompeta.com\/wp-content\/uploads\/2024\/01\/El_ciclo_de_las_plantas_2024.pdf\" class=\"wp-block-file__button wp-element-button\" download aria-describedby=\"wp-block-file--media-5033207f-99c3-462f-a94d-c1e18e7576ff\">Descarga<\/a><\/div>\n\n\n\n<p>II.2. C\u00d3MO GERMINA UNA SEMILLA,  CUADENO DE EXPLORADOR<\/p>\n\n\n\n<div data-wp-interactive=\"core\/file\" class=\"wp-block-file\"><object data-wp-bind--hidden=\"!state.hasPdfPreview\" hidden class=\"wp-block-file__embed\" data=\"https:\/\/antoniatrompeta.com\/wp-content\/uploads\/2023\/01\/Taller4_Plantas_Germinacion_2023-1.pdf\" type=\"application\/pdf\" style=\"width:100%;height:600px\" aria-label=\"Incrustado de Taller4_Plantas_Germinacion_2023-1.\"><\/object><a id=\"wp-block-file--media-ef5708bf-c715-40c0-ae3a-7be55bd91e7a\" href=\"https:\/\/antoniatrompeta.com\/wp-content\/uploads\/2023\/01\/Taller4_Plantas_Germinacion_2023-1.pdf\">Taller4_Plantas_Germinacion_2023-1<\/a><a href=\"https:\/\/antoniatrompeta.com\/wp-content\/uploads\/2023\/01\/Taller4_Plantas_Germinacion_2023-1.pdf\" class=\"wp-block-file__button wp-element-button\" download aria-describedby=\"wp-block-file--media-ef5708bf-c715-40c0-ae3a-7be55bd91e7a\">Descarga<\/a><\/div>\n","protected":false},"excerpt":{"rendered":"<p>Estudiamos los pasos que sigue una planta: desde que es semilla hasta que se convierte en planta, aparece la flor, el fruto y de nuevo la semilla. El siguiente documento propone una serie de actividades de exploraci\u00f3n del ciclo de &hellip; <a href=\"https:\/\/antoniatrompeta.com\/index.php\/plantas-falta-de-agua\/\">Sigue leyendo <span class=\"meta-nav\">&rarr;<\/span><\/a><\/p>\n","protected":false},"author":4,"featured_media":0,"parent":0,"menu_order":0,"comment_status":"closed","ping_status":"closed","template":"","meta":{"footnotes":""},"class_list":["post-78","page","type-page","status-publish","hentry"],"_links":{"self":[{"href":"https:\/\/antoniatrompeta.com\/index.php\/wp-json\/wp\/v2\/pages\/78","targetHints":{"allow":["GET"]}}],"collection":[{"href":"https:\/\/antoniatrompeta.com\/index.php\/wp-json\/wp\/v2\/pages"}],"about":[{"href":"https:\/\/antoniatrompeta.com\/index.php\/wp-json\/wp\/v2\/types\/page"}],"author":[{"embeddable":true,"href":"https:\/\/antoniatrompeta.com\/index.php\/wp-json\/wp\/v2\/users\/4"}],"replies":[{"embeddable":true,"href":"https:\/\/antoniatrompeta.com\/index.php\/wp-json\/wp\/v2\/comments?post=78"}],"version-history":[{"count":5,"href":"https:\/\/antoniatrompeta.com\/index.php\/wp-json\/wp\/v2\/pages\/78\/revisions"}],"predecessor-version":[{"id":2035,"href":"https:\/\/antoniatrompeta.com\/index.php\/wp-json\/wp\/v2\/pages\/78\/revisions\/2035"}],"wp:attachment":[{"href":"https:\/\/antoniatrompeta.com\/index.php\/wp-json\/wp\/v2\/media?parent=78"}],"curies":[{"name":"wp","href":"https:\/\/api.w.org\/{rel}","templated":true}]}}