{"id":8,"date":"2019-10-10T08:33:34","date_gmt":"2019-10-10T08:33:34","guid":{"rendered":"https:\/\/antoniacienciasinfantilprimaria.wordpress.com\/?page_id=2"},"modified":"2024-05-22T19:11:07","modified_gmt":"2024-05-22T18:11:07","slug":"home-2","status":"publish","type":"page","link":"https:\/\/antoniatrompeta.com\/","title":{"rendered":"Este es el rinc\u00f3n de Antonia Trompeta"},"content":{"rendered":"\n<hr class=\"wp-block-separator has-css-opacity is-style-wide\"\/>\n\n\n\n<div style=\"height:20px\" aria-hidden=\"true\" class=\"wp-block-spacer\"><\/div>\n\n\n\n<p><strong>AVISO<\/strong><\/p>\n\n\n\n<p><strong>TODOS LOS DOCUMENTOS DE ESTA WEB EST\u00c1N SUJETOS A LA LICENCIA CREATIVE COMMONS<\/strong><\/p>\n\n\n\n<h1 class=\"wp-block-heading\">CC BY-NC-ND 4.0 C\u00d3DIGO LEGAL<\/h1>\n\n\n\n<h2 class=\"wp-block-heading\">Atribuci\u00f3n-NoComercial-SinDerivadas 4.0 Internacional<\/h2>\n\n\n\n<p><\/p>\n\n\n\n<h4 class=\"wp-block-heading has-text-align-center has-medium-font-size\">Se ha creado para ofrecer un ayuda a todos los interesados en las Ciencias. <\/h4>\n\n\n\n<h4 class=\"wp-block-heading has-text-align-center has-medium-font-size\">Maestros, padres, madres, abuelos, j\u00f3venes o adultos; todos los que cre\u00e9is, como yo, que la Ciencia es clave para entender nuestro mundo  y preservarlo,  os animo a contribuir a su difusi\u00f3n.<\/h4>\n\n\n\n<p><\/p>\n\n\n\n<hr class=\"wp-block-separator has-css-opacity is-style-wide\"\/>\n\n\n\n<h2 class=\"wp-block-heading has-text-align-center\">Did\u00e1ctica de las Ciencias para Infantil y Primaria<\/h2>\n\n\n\n<div style=\"height:16px\" aria-hidden=\"true\" class=\"wp-block-spacer desktop-only\"><\/div>\n\n\n\n<div class=\"wp-block-columns alignwide has-3-columns is-layout-flex wp-container-core-columns-is-layout-9d6595d7 wp-block-columns-is-layout-flex\">\n<div class=\"wp-block-column is-layout-flow wp-block-column-is-layout-flow\">\n<p class=\"has-text-align-left has-medium-font-size\">Este rinc\u00f3n recoge el material creado durante mi vida profesional. Ha sido  aplicado en diferentes colegios de Alicante, y est\u00e1 siendo revisado para adaptarse a las nuevas directrices de ense\u00f1anza de las ciencias.<\/p>\n\n\n\n<p class=\"has-text-align-left has-medium-font-size\">Echa un vistazo y pru\u00e9balo libremente. Agradecer\u00eda mucho tu opini\u00f3n.<\/p>\n\n\n\n<p class=\"has-medium-font-size\">Se han a\u00f1adido distintos Proyectos STEAM, de forma que se trabajen situaciones de aprendizaje reales en referencia al tema cient\u00edfico elegido. <\/p>\n<\/div>\n\n\n\n<div class=\"wp-block-column is-layout-flow wp-block-column-is-layout-flow\">\n<figure class=\"wp-block-gallery has-nested-images columns-default is-cropped wp-block-gallery-1 is-layout-flex wp-block-gallery-is-layout-flex\">\n<figure class=\"wp-block-image size-large is-style-rounded\"><img loading=\"lazy\" decoding=\"async\" width=\"1024\" height=\"766\" data-id=\"33\" src=\"http:\/\/antoniatrompeta.com\/wp-content\/uploads\/2022\/07\/81285-img_20210516_195757_783-1024x766.jpg\" alt=\"\" class=\"wp-image-33\" srcset=\"https:\/\/antoniatrompeta.com\/wp-content\/uploads\/2022\/07\/81285-img_20210516_195757_783-1024x766.jpg 1024w, https:\/\/antoniatrompeta.com\/wp-content\/uploads\/2022\/07\/81285-img_20210516_195757_783-300x224.jpg 300w, https:\/\/antoniatrompeta.com\/wp-content\/uploads\/2022\/07\/81285-img_20210516_195757_783-768x574.jpg 768w, https:\/\/antoniatrompeta.com\/wp-content\/uploads\/2022\/07\/81285-img_20210516_195757_783-1536x1149.jpg 1536w, https:\/\/antoniatrompeta.com\/wp-content\/uploads\/2022\/07\/81285-img_20210516_195757_783-2048x1532.jpg 2048w\" sizes=\"auto, (max-width: 1024px) 100vw, 1024px\" \/><\/figure>\n<\/figure>\n\n\n\n<figure class=\"wp-block-image size-large is-style-rounded\"><img loading=\"lazy\" decoding=\"async\" width=\"1024\" height=\"766\" src=\"http:\/\/antoniatrompeta.com\/wp-content\/uploads\/2022\/11\/1ee70-img1600581903076_00002_burst1600581903076-1024x766.jpg\" alt=\"\" class=\"wp-image-635\" srcset=\"https:\/\/antoniatrompeta.com\/wp-content\/uploads\/2022\/11\/1ee70-img1600581903076_00002_burst1600581903076-1024x766.jpg 1024w, https:\/\/antoniatrompeta.com\/wp-content\/uploads\/2022\/11\/1ee70-img1600581903076_00002_burst1600581903076-300x224.jpg 300w, https:\/\/antoniatrompeta.com\/wp-content\/uploads\/2022\/11\/1ee70-img1600581903076_00002_burst1600581903076-768x574.jpg 768w, https:\/\/antoniatrompeta.com\/wp-content\/uploads\/2022\/11\/1ee70-img1600581903076_00002_burst1600581903076-1536x1149.jpg 1536w, https:\/\/antoniatrompeta.com\/wp-content\/uploads\/2022\/11\/1ee70-img1600581903076_00002_burst1600581903076-2048x1532.jpg 2048w\" sizes=\"auto, (max-width: 1024px) 100vw, 1024px\" \/><\/figure>\n<\/div>\n<\/div>\n\n\n\n<div style=\"height:16px\" aria-hidden=\"true\" class=\"wp-block-spacer desktop-only\"><\/div>\n\n\n\n<div style=\"height:16px\" aria-hidden=\"true\" class=\"wp-block-spacer desktop-only\"><\/div>\n\n\n\n<h2 class=\"wp-block-heading has-text-align-center\">Sobre m\u00ed<\/h2>\n\n\n\n<div style=\"height:16px\" aria-hidden=\"true\" class=\"wp-block-spacer desktop-only\"><\/div>\n\n\n\n<div class=\"wp-block-media-text alignwide is-stacked-on-mobile is-image-fill\" style=\"grid-template-columns:31% auto\"><figure class=\"wp-block-media-text__media\" style=\"background-image:url(https:\/\/antoniaciencias.files.wordpress.com\/2022\/08\/56177-img_20210518_193356_401-1.jpg);background-position:50% 50%\"><img decoding=\"async\" src=\"https:\/\/antoniaciencias.files.wordpress.com\/2022\/08\/56177-img_20210518_193356_401-1.jpg\" alt=\"\" class=\"wp-image-44 size-full\"\/><\/figure><div class=\"wp-block-media-text__content\">\n<p class=\"has-text-align-left has-medium-font-size\">Me licenci\u00e9 en Ciencias F\u00edsicas, en la especialidad de Astrof\u00edsica, y en Ciencias de la Educaci\u00f3n por la Universidad Complutense. <\/p>\n\n\n\n<p class=\"has-text-align-left has-medium-font-size\">He trabajado como maestra de Educaci\u00f3n Primaria, Secundaria obligatoria y profesora asociada en Did\u00e1ctica de las Ciencias Experimentales en la facultad de Educaci\u00f3n Universidad de Alicante. Tambi\u00e9n he trabajado como asesora de formaci\u00f3n en el Centro de profesores de Benidorm-Ondara.<\/p>\n\n\n\n<p><\/p>\n\n\n\n<p class=\"has-text-align-left has-medium-font-size\">Soy ense\u00f1ante por vocaci\u00f3n y especialmente estoy interesada en la difusi\u00f3n de la ciencias y en estimular las carreras cient\u00edficas entre nuestros peque\u00f1os; por eso es un honor formar parte de la red SCIENTIX y ser embajadora de la misma.<\/p>\n\n\n\n<p class=\"has-medium-font-size\">Las ciencias son el futuro y el presente. El mundo natural necesita que le dediquemos nuestro tiempo, lo valoremos y lo amemos. <\/p>\n\n\n\n<p class=\"has-small-font-size\"> <\/p>\n<\/div><\/div>\n\n\n\n<div style=\"height:16px\" aria-hidden=\"true\" class=\"wp-block-spacer desktop-only\"><\/div>\n\n\n\n<p><strong>AVISO<\/strong><\/p>\n\n\n\n<p><strong>TODOS LOS DOCUMENTOS DE ESTA WEB EST\u00c1N SUJETOS A LA LICENCIA CREATIVE COMMONS<\/strong><\/p>\n\n\n\n<h1 class=\"wp-block-heading\">CC BY-NC-ND 4.0 C\u00d3DIGO LEGAL<\/h1>\n\n\n\n<h2 class=\"wp-block-heading\">Atribuci\u00f3n-NoComercial-SinDerivadas 4.0 Internacional<\/h2>\n\n\n\n<hr class=\"wp-block-separator has-css-opacity is-style-wide\"\/>\n\n\n\n<div style=\"height:16px\" aria-hidden=\"true\" class=\"wp-block-spacer desktop-only\"><\/div>\n\n\n\n<div class=\"wp-block-columns alignwide has-6-columns .columns-middle-align is-layout-flex wp-container-core-columns-is-layout-9d6595d7 wp-block-columns-is-layout-flex\"><\/div>\n\n\n\n<h2 class=\"wp-block-heading has-text-align-center\">Contacto<\/h2>\n\n\n\n<div style=\"height:16px\" aria-hidden=\"true\" class=\"wp-block-spacer desktop-only\"><\/div>\n\n\n\n<div class=\"wp-block-columns alignwide has-2-columns contact-section is-layout-flex wp-container-core-columns-is-layout-9d6595d7 wp-block-columns-is-layout-flex\">\n<div class=\"wp-block-column is-layout-flow wp-block-column-is-layout-flow\">\n<h3 class=\"wp-block-heading has-text-align-left\">Ponte en contacto<\/h3>\n\n\n\n<div class=\"wp-block-jetpack-contact-info\">\n<div class=\"wp-block-jetpack-email\"><a href=\"mailto:trompeta.antonia@gmail.com\">scweb@antoniatrompeta.com<\/a><\/div>\n<\/div>\n<\/div>\n<\/div>\n\n\n\n<div style=\"height:16px\" aria-hidden=\"true\" class=\"wp-block-spacer desktop-only\"><\/div>\n\n\n\n<hr class=\"wp-block-separator has-css-opacity is-style-wide\"\/>\n\n\n\n<div style=\"height:16px\" aria-hidden=\"true\" class=\"wp-block-spacer desktop-only\"><\/div>\n\n\n\n<p><\/p>\n","protected":false},"excerpt":{"rendered":"<p>AVISO TODOS LOS DOCUMENTOS DE ESTA WEB EST\u00c1N SUJETOS A LA LICENCIA CREATIVE COMMONS CC BY-NC-ND 4.0 C\u00d3DIGO LEGAL Atribuci\u00f3n-NoComercial-SinDerivadas 4.0 Internacional Se ha creado para ofrecer un ayuda a todos los interesados en las Ciencias. Maestros, padres, madres, abuelos, &hellip; <a href=\"https:\/\/antoniatrompeta.com\/\">Sigue leyendo <span class=\"meta-nav\">&rarr;<\/span><\/a><\/p>\n","protected":false},"author":4,"featured_media":0,"parent":0,"menu_order":0,"comment_status":"closed","ping_status":"closed","template":"","meta":{"footnotes":""},"class_list":["post-8","page","type-page","status-publish","hentry"],"_links":{"self":[{"href":"https:\/\/antoniatrompeta.com\/index.php\/wp-json\/wp\/v2\/pages\/8","targetHints":{"allow":["GET"]}}],"collection":[{"href":"https:\/\/antoniatrompeta.com\/index.php\/wp-json\/wp\/v2\/pages"}],"about":[{"href":"https:\/\/antoniatrompeta.com\/index.php\/wp-json\/wp\/v2\/types\/page"}],"author":[{"embeddable":true,"href":"https:\/\/antoniatrompeta.com\/index.php\/wp-json\/wp\/v2\/users\/4"}],"replies":[{"embeddable":true,"href":"https:\/\/antoniatrompeta.com\/index.php\/wp-json\/wp\/v2\/comments?post=8"}],"version-history":[{"count":12,"href":"https:\/\/antoniatrompeta.com\/index.php\/wp-json\/wp\/v2\/pages\/8\/revisions"}],"predecessor-version":[{"id":2193,"href":"https:\/\/antoniatrompeta.com\/index.php\/wp-json\/wp\/v2\/pages\/8\/revisions\/2193"}],"wp:attachment":[{"href":"https:\/\/antoniatrompeta.com\/index.php\/wp-json\/wp\/v2\/media?parent=8"}],"curies":[{"name":"wp","href":"https:\/\/api.w.org\/{rel}","templated":true}]}}