{"id":83,"date":"2022-07-14T17:57:31","date_gmt":"2022-07-14T17:57:31","guid":{"rendered":"https:\/\/antoniacienciasinfantilprimaria.wordpress.com\/?page_id=83"},"modified":"2023-01-22T11:13:17","modified_gmt":"2023-01-22T10:13:17","slug":"seres-vivos-animales","status":"publish","type":"page","link":"https:\/\/antoniatrompeta.com\/index.php\/seres-vivos-animales\/","title":{"rendered":"Seres vivos: Animales"},"content":{"rendered":"\n<p>Vamos a estudiar nuestro grupo de seres vivos, nosotros los animales, con la intenci\u00f3n de reflexionar sobre las relaciones entre todos nosotros, los problemas que se est\u00e1n produciendo derivados de una complicada relaci\u00f3n entre unos animales y otros.<\/p>\n\n\n\n<p>en revisi\u00f3n<\/p>\n","protected":false},"excerpt":{"rendered":"<p>Vamos a estudiar nuestro grupo de seres vivos, nosotros los animales, con la intenci\u00f3n de reflexionar sobre las relaciones entre todos nosotros, los problemas que se est\u00e1n produciendo derivados de una complicada relaci\u00f3n entre unos animales y otros. en revisi\u00f3n<\/p>\n","protected":false},"author":4,"featured_media":0,"parent":0,"menu_order":0,"comment_status":"closed","ping_status":"closed","template":"","meta":{"footnotes":""},"class_list":["post-83","page","type-page","status-publish","hentry"],"_links":{"self":[{"href":"https:\/\/antoniatrompeta.com\/index.php\/wp-json\/wp\/v2\/pages\/83","targetHints":{"allow":["GET"]}}],"collection":[{"href":"https:\/\/antoniatrompeta.com\/index.php\/wp-json\/wp\/v2\/pages"}],"about":[{"href":"https:\/\/antoniatrompeta.com\/index.php\/wp-json\/wp\/v2\/types\/page"}],"author":[{"embeddable":true,"href":"https:\/\/antoniatrompeta.com\/index.php\/wp-json\/wp\/v2\/users\/4"}],"replies":[{"embeddable":true,"href":"https:\/\/antoniatrompeta.com\/index.php\/wp-json\/wp\/v2\/comments?post=83"}],"version-history":[{"count":2,"href":"https:\/\/antoniatrompeta.com\/index.php\/wp-json\/wp\/v2\/pages\/83\/revisions"}],"predecessor-version":[{"id":1223,"href":"https:\/\/antoniatrompeta.com\/index.php\/wp-json\/wp\/v2\/pages\/83\/revisions\/1223"}],"wp:attachment":[{"href":"https:\/\/antoniatrompeta.com\/index.php\/wp-json\/wp\/v2\/media?parent=83"}],"curies":[{"name":"wp","href":"https:\/\/api.w.org\/{rel}","templated":true}]}}