{"id":833,"date":"2022-11-09T19:46:27","date_gmt":"2022-11-09T18:46:27","guid":{"rendered":"https:\/\/antoniatrompeta.com\/?page_id=833"},"modified":"2023-02-08T19:44:08","modified_gmt":"2023-02-08T18:44:08","slug":"iii-como-son-los-materiales-aplicacion-practica","status":"publish","type":"page","link":"https:\/\/antoniatrompeta.com\/index.php\/iii-como-son-los-materiales-aplicacion-practica\/","title":{"rendered":"III.a C\u00f3mo son los materiales"},"content":{"rendered":"\n<p>El documento muestra c\u00f3mo se ha aplicado parte de la propuesta anterior en diferentes colegios; especialmente a los ni\u00f1os desde 3 a 9 a\u00f1os.<\/p>\n\n\n\n<p>IIIa. C\u00d3MO SON LOS MATERIALES<\/p>\n\n\n\n<p>Propuesta para los m\u00e1s peque\u00f1os que ha sido llevada a cabo en diversos colegios.<\/p>\n\n\n\n<div data-wp-interactive=\"core\/file\" class=\"wp-block-file\"><object data-wp-bind--hidden=\"!state.hasPdfPreview\" hidden class=\"wp-block-file__embed\" data=\"https:\/\/antoniaciencias.files.wordpress.com\/2022\/10\/como_son_los_materiales_atrompeta_2014.pdf\" type=\"application\/pdf\" style=\"width:100%;height:600px\" aria-label=\"Incrustado de como_son_los_materiales_atrompeta_2014.\"><\/object><a id=\"wp-block-file--media-e2a073ce-53d8-45f6-8e48-3e48abe56784\" href=\"https:\/\/antoniaciencias.files.wordpress.com\/2022\/10\/como_son_los_materiales_atrompeta_2014.pdf\">como_son_los_materiales_atrompeta_2014<\/a><a href=\"https:\/\/antoniaciencias.files.wordpress.com\/2022\/10\/como_son_los_materiales_atrompeta_2014.pdf\" class=\"wp-block-file__button wp-element-button\" download aria-describedby=\"wp-block-file--media-e2a073ce-53d8-45f6-8e48-3e48abe56784\">Descarga<\/a><\/div>\n","protected":false},"excerpt":{"rendered":"<p>El documento muestra c\u00f3mo se ha aplicado parte de la propuesta anterior en diferentes colegios; especialmente a los ni\u00f1os desde 3 a 9 a\u00f1os. IIIa. C\u00d3MO SON LOS MATERIALES Propuesta para los m\u00e1s peque\u00f1os que ha sido llevada a cabo &hellip; <a href=\"https:\/\/antoniatrompeta.com\/index.php\/iii-como-son-los-materiales-aplicacion-practica\/\">Sigue leyendo <span class=\"meta-nav\">&rarr;<\/span><\/a><\/p>\n","protected":false},"author":4,"featured_media":0,"parent":0,"menu_order":0,"comment_status":"closed","ping_status":"closed","template":"","meta":{"footnotes":""},"class_list":["post-833","page","type-page","status-publish","hentry"],"_links":{"self":[{"href":"https:\/\/antoniatrompeta.com\/index.php\/wp-json\/wp\/v2\/pages\/833","targetHints":{"allow":["GET"]}}],"collection":[{"href":"https:\/\/antoniatrompeta.com\/index.php\/wp-json\/wp\/v2\/pages"}],"about":[{"href":"https:\/\/antoniatrompeta.com\/index.php\/wp-json\/wp\/v2\/types\/page"}],"author":[{"embeddable":true,"href":"https:\/\/antoniatrompeta.com\/index.php\/wp-json\/wp\/v2\/users\/4"}],"replies":[{"embeddable":true,"href":"https:\/\/antoniatrompeta.com\/index.php\/wp-json\/wp\/v2\/comments?post=833"}],"version-history":[{"count":4,"href":"https:\/\/antoniatrompeta.com\/index.php\/wp-json\/wp\/v2\/pages\/833\/revisions"}],"predecessor-version":[{"id":1365,"href":"https:\/\/antoniatrompeta.com\/index.php\/wp-json\/wp\/v2\/pages\/833\/revisions\/1365"}],"wp:attachment":[{"href":"https:\/\/antoniatrompeta.com\/index.php\/wp-json\/wp\/v2\/media?parent=833"}],"curies":[{"name":"wp","href":"https:\/\/api.w.org\/{rel}","templated":true}]}}