{"id":835,"date":"2022-11-09T19:47:26","date_gmt":"2022-11-09T18:47:26","guid":{"rendered":"https:\/\/antoniatrompeta.com\/?page_id=835"},"modified":"2023-02-08T19:44:19","modified_gmt":"2023-02-08T18:44:19","slug":"iii-b-com-son-els-materials-aplicacio-practica","status":"publish","type":"page","link":"https:\/\/antoniatrompeta.com\/index.php\/iii-b-com-son-els-materials-aplicacio-practica\/","title":{"rendered":"III.b C\u00f3m son els materials"},"content":{"rendered":"\n<p>En este apartado mostramos c\u00f3mo se ha aplicado parte de la propuesta did\u00e1ctica en diferentes colegios; especialmente a los ni\u00f1os de de 3 a 9 a\u00f1os, con la particularidad de que est\u00e1 escrito en valenciano.<\/p>\n\n\n\n<p>IIIb. COM S\u00d3N ELS MATERIALS<\/p>\n\n\n\n<p>Proposta en valenci\u00e0.<\/p>\n\n\n\n<div data-wp-interactive=\"core\/file\" class=\"wp-block-file\"><object data-wp-bind--hidden=\"!state.hasPdfPreview\" hidden class=\"wp-block-file__embed\" data=\"https:\/\/antoniaciencias.files.wordpress.com\/2022\/10\/com_son_els_materials_inf_val_2014.pdf\" type=\"application\/pdf\" style=\"width:100%;height:600px\" aria-label=\"Incrustado de com_son_els_materials_inf_val_2014.\"><\/object><a id=\"wp-block-file--media-7471ce69-fbd2-4070-bfc0-a56b8e411e7e\" href=\"https:\/\/antoniaciencias.files.wordpress.com\/2022\/10\/com_son_els_materials_inf_val_2014.pdf\">com_son_els_materials_inf_val_2014<\/a><a href=\"https:\/\/antoniaciencias.files.wordpress.com\/2022\/10\/com_son_els_materials_inf_val_2014.pdf\" class=\"wp-block-file__button wp-element-button\" download aria-describedby=\"wp-block-file--media-7471ce69-fbd2-4070-bfc0-a56b8e411e7e\">Descarga<\/a><\/div>\n","protected":false},"excerpt":{"rendered":"<p>En este apartado mostramos c\u00f3mo se ha aplicado parte de la propuesta did\u00e1ctica en diferentes colegios; especialmente a los ni\u00f1os de de 3 a 9 a\u00f1os, con la particularidad de que est\u00e1 escrito en valenciano. IIIb. COM S\u00d3N ELS MATERIALS &hellip; <a href=\"https:\/\/antoniatrompeta.com\/index.php\/iii-b-com-son-els-materials-aplicacio-practica\/\">Sigue leyendo <span class=\"meta-nav\">&rarr;<\/span><\/a><\/p>\n","protected":false},"author":4,"featured_media":0,"parent":0,"menu_order":0,"comment_status":"closed","ping_status":"closed","template":"","meta":{"footnotes":""},"class_list":["post-835","page","type-page","status-publish","hentry"],"_links":{"self":[{"href":"https:\/\/antoniatrompeta.com\/index.php\/wp-json\/wp\/v2\/pages\/835","targetHints":{"allow":["GET"]}}],"collection":[{"href":"https:\/\/antoniatrompeta.com\/index.php\/wp-json\/wp\/v2\/pages"}],"about":[{"href":"https:\/\/antoniatrompeta.com\/index.php\/wp-json\/wp\/v2\/types\/page"}],"author":[{"embeddable":true,"href":"https:\/\/antoniatrompeta.com\/index.php\/wp-json\/wp\/v2\/users\/4"}],"replies":[{"embeddable":true,"href":"https:\/\/antoniatrompeta.com\/index.php\/wp-json\/wp\/v2\/comments?post=835"}],"version-history":[{"count":3,"href":"https:\/\/antoniatrompeta.com\/index.php\/wp-json\/wp\/v2\/pages\/835\/revisions"}],"predecessor-version":[{"id":1366,"href":"https:\/\/antoniatrompeta.com\/index.php\/wp-json\/wp\/v2\/pages\/835\/revisions\/1366"}],"wp:attachment":[{"href":"https:\/\/antoniatrompeta.com\/index.php\/wp-json\/wp\/v2\/media?parent=835"}],"curies":[{"name":"wp","href":"https:\/\/api.w.org\/{rel}","templated":true}]}}