{"id":886,"date":"2022-11-16T18:38:02","date_gmt":"2022-11-16T17:38:02","guid":{"rendered":"https:\/\/antoniatrompeta.com\/?page_id=886"},"modified":"2022-12-08T20:38:16","modified_gmt":"2022-12-08T19:38:16","slug":"5-talleres","status":"publish","type":"page","link":"https:\/\/antoniatrompeta.com\/index.php\/5-talleres\/","title":{"rendered":"VII. Talleres_Seres_vivos_Animales"},"content":{"rendered":"\n<p>Listado de talleres para ni\u00f1os de infantil, primer y segundo ciclo de primaria<\/p>\n\n\n\n<ol class=\"wp-block-list\">\n<li>Exploramos qui\u00e9n est\u00e1 vivo<\/li>\n\n\n\n<li>Exploramos vivos, no vivos, estuvieron vivos<\/li>\n\n\n\n<li>Exploramos seres vivos a nuestro alrededor<\/li>\n\n\n\n<li>Exploramos el movimiento de los animales<\/li>\n\n\n\n<li>Exploramos el movimiento de las plantas<\/li>\n\n\n\n<li>Exploramos el exterior de los animales<\/li>\n\n\n\n<li>Exploramos la comida de los seres vivos<\/li>\n\n\n\n<li>Exploramos la relaci\u00f3n comida y cuerpo de los animales<\/li>\n\n\n\n<li>Exploramos las partes de una hormiga<\/li>\n\n\n\n<li>Exploramos refugios<\/li>\n\n\n\n<li>Exploramos h\u00e1bitats<\/li>\n\n\n\n<li>Exploramos c\u00f3mo viven las hormigas<\/li>\n\n\n\n<li>Exploramos la diversidad de los animales<\/li>\n<\/ol>\n\n\n\n<ol class=\"wp-block-list\">\n<li>EXPLORAMOS: QU\u00cdEN EST\u00c1 VIVO<\/li>\n<\/ol>\n\n\n\n<p>Comenzamos a descubrir a qui\u00e9n llamamos Seres Vivos.<\/p>\n\n\n\n<div data-wp-interactive=\"core\/file\" class=\"wp-block-file\"><object data-wp-bind--hidden=\"!state.hasPdfPreview\" hidden class=\"wp-block-file__embed\" data=\"https:\/\/antoniatrompeta.com\/wp-content\/uploads\/2022\/11\/EXPLORAMOS_Quien_esta_vivo.pdf\" type=\"application\/pdf\" style=\"width:100%;height:600px\" aria-label=\"Incrustado de EXPLORAMOS_Quien_esta_vivo.\"><\/object><a id=\"wp-block-file--media-2992661e-5b85-41f8-be78-80d802d3a989\" href=\"https:\/\/antoniatrompeta.com\/wp-content\/uploads\/2022\/11\/EXPLORAMOS_Quien_esta_vivo.pdf\">EXPLORAMOS_Quien_esta_vivo<\/a><a href=\"https:\/\/antoniatrompeta.com\/wp-content\/uploads\/2022\/11\/EXPLORAMOS_Quien_esta_vivo.pdf\" class=\"wp-block-file__button wp-element-button\" download aria-describedby=\"wp-block-file--media-2992661e-5b85-41f8-be78-80d802d3a989\"><\/a><\/div>\n\n\n\n<p>2. EXPLORAMOS: Vivos, no vivos, alguna vez vivos<\/p>\n\n\n\n<p>Continuamos descubriendo qui\u00e9nes son \u00abSeres Vivos\u00bb<\/p>\n\n\n\n<div data-wp-interactive=\"core\/file\" class=\"wp-block-file\"><object data-wp-bind--hidden=\"!state.hasPdfPreview\" hidden class=\"wp-block-file__embed\" data=\"https:\/\/antoniatrompeta.com\/wp-content\/uploads\/2022\/11\/EXPLORAMOS_vivo_novivo_playa-1.pdf\" type=\"application\/pdf\" style=\"width:100%;height:600px\" aria-label=\"Incrustado de EXPLORAMOS_vivo_novivo_playa-1.\"><\/object><a id=\"wp-block-file--media-afee1f5d-2120-40b4-8385-4e5d61558c70\" href=\"https:\/\/antoniatrompeta.com\/wp-content\/uploads\/2022\/11\/EXPLORAMOS_vivo_novivo_playa-1.pdf\">EXPLORAMOS_vivo_novivo_playa-1<\/a><a href=\"https:\/\/antoniatrompeta.com\/wp-content\/uploads\/2022\/11\/EXPLORAMOS_vivo_novivo_playa-1.pdf\" class=\"wp-block-file__button wp-element-button\" download aria-describedby=\"wp-block-file--media-afee1f5d-2120-40b4-8385-4e5d61558c70\">Descarga<\/a><\/div>\n\n\n\n<p>3. EXPLORAMOS: Seres vivos a nuestro alrededor<\/p>\n\n\n\n<p>Continuamos descubriendo los Seres Vivos que viven a nuestro alrededor<\/p>\n\n\n\n<div data-wp-interactive=\"core\/file\" class=\"wp-block-file\"><object data-wp-bind--hidden=\"!state.hasPdfPreview\" hidden class=\"wp-block-file__embed\" data=\"https:\/\/antoniatrompeta.com\/wp-content\/uploads\/2022\/11\/EXPLORAMOS_EVALUAR_seresvivos.pdf\" type=\"application\/pdf\" style=\"width:100%;height:600px\" aria-label=\"Incrustado de EXPLORAMOS_EVALUAR_seresvivos.\"><\/object><a id=\"wp-block-file--media-326e5a9c-1351-4483-aa96-b2ecf62dcd35\" href=\"https:\/\/antoniatrompeta.com\/wp-content\/uploads\/2022\/11\/EXPLORAMOS_EVALUAR_seresvivos.pdf\">EXPLORAMOS_EVALUAR_seresvivos<\/a><a href=\"https:\/\/antoniatrompeta.com\/wp-content\/uploads\/2022\/11\/EXPLORAMOS_EVALUAR_seresvivos.pdf\" class=\"wp-block-file__button wp-element-button\" download aria-describedby=\"wp-block-file--media-326e5a9c-1351-4483-aa96-b2ecf62dcd35\">Descarga<\/a><\/div>\n\n\n\n<p>4. EXPLORAMOS: Movimiento de los Seres Vivos<\/p>\n\n\n\n<p>Exploramos las formas en que nos movemos todos los Seres Vivos<\/p>\n\n\n\n<div data-wp-interactive=\"core\/file\" class=\"wp-block-file\"><object data-wp-bind--hidden=\"!state.hasPdfPreview\" hidden class=\"wp-block-file__embed\" data=\"https:\/\/antoniatrompeta.com\/wp-content\/uploads\/2022\/11\/EXPLORAMOS_Movimiento.pdf\" type=\"application\/pdf\" style=\"width:100%;height:600px\" aria-label=\"Incrustado de EXPLORAMOS_Movimiento.\"><\/object><a id=\"wp-block-file--media-1731dbf0-78f0-4475-bd90-0d4529f82e2e\" href=\"https:\/\/antoniatrompeta.com\/wp-content\/uploads\/2022\/11\/EXPLORAMOS_Movimiento.pdf\">EXPLORAMOS_Movimiento<\/a><a href=\"https:\/\/antoniatrompeta.com\/wp-content\/uploads\/2022\/11\/EXPLORAMOS_Movimiento.pdf\" class=\"wp-block-file__button wp-element-button\" download aria-describedby=\"wp-block-file--media-1731dbf0-78f0-4475-bd90-0d4529f82e2e\">Descarga<\/a><\/div>\n\n\n\n<p>6. EXPLORAMOS: Movimiento de las plantas<\/p>\n\n\n\n<p>Exploramos si las plantas tambi\u00e9n se mueven. \u00bfC\u00f3mo lo hacen?<\/p>\n\n\n\n<p>7. EXPLORAMOS: El exterior de los animales<\/p>\n\n\n\n<p>Exploramos c\u00f3mo se cubren los animales<\/p>\n\n\n\n<div data-wp-interactive=\"core\/file\" class=\"wp-block-file\"><object data-wp-bind--hidden=\"!state.hasPdfPreview\" hidden class=\"wp-block-file__embed\" data=\"https:\/\/antoniatrompeta.com\/wp-content\/uploads\/2022\/11\/EXPLORAMOS_Piel.pdf\" type=\"application\/pdf\" style=\"width:100%;height:600px\" aria-label=\"Incrustado de EXPLORAMOS_Piel.\"><\/object><a id=\"wp-block-file--media-061aa7a2-f9ca-4b1a-a816-1ad8ed99ddd3\" href=\"https:\/\/antoniatrompeta.com\/wp-content\/uploads\/2022\/11\/EXPLORAMOS_Piel.pdf\">EXPLORAMOS_Piel<\/a><a href=\"https:\/\/antoniatrompeta.com\/wp-content\/uploads\/2022\/11\/EXPLORAMOS_Piel.pdf\" class=\"wp-block-file__button wp-element-button\" download aria-describedby=\"wp-block-file--media-061aa7a2-f9ca-4b1a-a816-1ad8ed99ddd3\">Descarga<\/a><\/div>\n\n\n\n<p>8. EXPLORAMOS: La comida de los seres vivos<\/p>\n\n\n\n<div data-wp-interactive=\"core\/file\" class=\"wp-block-file\"><object data-wp-bind--hidden=\"!state.hasPdfPreview\" hidden class=\"wp-block-file__embed\" data=\"https:\/\/antoniatrompeta.com\/wp-content\/uploads\/2022\/11\/EXPLORAMOS_PLANTAS.pdf\" type=\"application\/pdf\" style=\"width:100%;height:600px\" aria-label=\"Incrustado de EXPLORAMOS_PLANTAS.\"><\/object><a id=\"wp-block-file--media-4502ea2d-5c1e-4242-95d0-a39e612a5d5c\" href=\"https:\/\/antoniatrompeta.com\/wp-content\/uploads\/2022\/11\/EXPLORAMOS_PLANTAS.pdf\">EXPLORAMOS_PLANTAS<\/a><a href=\"https:\/\/antoniatrompeta.com\/wp-content\/uploads\/2022\/11\/EXPLORAMOS_PLANTAS.pdf\" class=\"wp-block-file__button wp-element-button\" download aria-describedby=\"wp-block-file--media-4502ea2d-5c1e-4242-95d0-a39e612a5d5c\">Descarga<\/a><\/div>\n\n\n\n<p>9. EXPLORAMOS:  La comida en los animales<\/p>\n\n\n\n<p>Exploramos la relaci\u00f3n entre la comida y el cuerpo de los animales<\/p>\n\n\n\n<div data-wp-interactive=\"core\/file\" class=\"wp-block-file\"><object data-wp-bind--hidden=\"!state.hasPdfPreview\" hidden class=\"wp-block-file__embed\" data=\"https:\/\/antoniatrompeta.com\/wp-content\/uploads\/2022\/11\/EXPLORAMOS_Comida_2.pdf\" type=\"application\/pdf\" style=\"width:100%;height:600px\" aria-label=\"Incrustado de EXPLORAMOS_Comida_2.\"><\/object><a id=\"wp-block-file--media-028c30c7-4b5f-4385-b2f1-4e6240e2dff2\" href=\"https:\/\/antoniatrompeta.com\/wp-content\/uploads\/2022\/11\/EXPLORAMOS_Comida_2.pdf\">EXPLORAMOS_Comida_2<\/a><a href=\"https:\/\/antoniatrompeta.com\/wp-content\/uploads\/2022\/11\/EXPLORAMOS_Comida_2.pdf\" class=\"wp-block-file__button wp-element-button\" download aria-describedby=\"wp-block-file--media-028c30c7-4b5f-4385-b2f1-4e6240e2dff2\">Descarga<\/a><\/div>\n\n\n\n<p>10. EXPLORAMOS: El cuerpo de los animales<\/p>\n\n\n\n<p>Seguimos explorando el cuerpo de animales cercanos<\/p>\n\n\n\n<div data-wp-interactive=\"core\/file\" class=\"wp-block-file\"><object data-wp-bind--hidden=\"!state.hasPdfPreview\" hidden class=\"wp-block-file__embed\" data=\"https:\/\/antoniatrompeta.com\/wp-content\/uploads\/2022\/11\/EXPLORAMOS_Partes_hormiga.pdf\" type=\"application\/pdf\" style=\"width:100%;height:600px\" aria-label=\"Incrustado de EXPLORAMOS_Partes_hormiga.\"><\/object><a id=\"wp-block-file--media-d6fba36f-bcde-4152-90c2-7df91c4cd4e4\" href=\"https:\/\/antoniatrompeta.com\/wp-content\/uploads\/2022\/11\/EXPLORAMOS_Partes_hormiga.pdf\">EXPLORAMOS_Partes_hormiga<\/a><a href=\"https:\/\/antoniatrompeta.com\/wp-content\/uploads\/2022\/11\/EXPLORAMOS_Partes_hormiga.pdf\" class=\"wp-block-file__button wp-element-button\" download aria-describedby=\"wp-block-file--media-d6fba36f-bcde-4152-90c2-7df91c4cd4e4\">Descarga<\/a><\/div>\n\n\n\n<p>11. EXPLORAMOS: Refugios<\/p>\n\n\n\n<p>Exploramos d\u00f3nde viven los animales, si necesitan o no refugios<\/p>\n\n\n\n<div data-wp-interactive=\"core\/file\" class=\"wp-block-file\"><object data-wp-bind--hidden=\"!state.hasPdfPreview\" hidden class=\"wp-block-file__embed\" data=\"https:\/\/antoniatrompeta.com\/wp-content\/uploads\/2022\/11\/EXPLORAMOS_Refugios.pdf\" type=\"application\/pdf\" style=\"width:100%;height:600px\" aria-label=\"Incrustado de EXPLORAMOS_Refugios.\"><\/object><a id=\"wp-block-file--media-d2b43300-4ef4-4d8b-b698-6d7cf735d7f9\" href=\"https:\/\/antoniatrompeta.com\/wp-content\/uploads\/2022\/11\/EXPLORAMOS_Refugios.pdf\">EXPLORAMOS_Refugios<\/a><a href=\"https:\/\/antoniatrompeta.com\/wp-content\/uploads\/2022\/11\/EXPLORAMOS_Refugios.pdf\" class=\"wp-block-file__button wp-element-button\" download aria-describedby=\"wp-block-file--media-d2b43300-4ef4-4d8b-b698-6d7cf735d7f9\">Descarga<\/a><\/div>\n\n\n\n<p>12. EXPLORAMOS: H\u00e1bitats<\/p>\n\n\n\n<p>Creamos un h\u00e1bitat d\u00f3nde puedan vivir distintos seres vivos.<\/p>\n\n\n\n<div data-wp-interactive=\"core\/file\" class=\"wp-block-file\"><object data-wp-bind--hidden=\"!state.hasPdfPreview\" hidden class=\"wp-block-file__embed\" data=\"https:\/\/antoniatrompeta.com\/wp-content\/uploads\/2022\/11\/EXPLORAMOS_CrearHabitats.pdf\" type=\"application\/pdf\" style=\"width:100%;height:600px\" aria-label=\"Incrustado de EXPLORAMOS_CrearHabitats.\"><\/object><a id=\"wp-block-file--media-0b5a9358-6946-43ae-84f3-adc8d6c22936\" href=\"https:\/\/antoniatrompeta.com\/wp-content\/uploads\/2022\/11\/EXPLORAMOS_CrearHabitats.pdf\">EXPLORAMOS_CrearHabitats<\/a><a href=\"https:\/\/antoniatrompeta.com\/wp-content\/uploads\/2022\/11\/EXPLORAMOS_CrearHabitats.pdf\" class=\"wp-block-file__button wp-element-button\" download aria-describedby=\"wp-block-file--media-0b5a9358-6946-43ae-84f3-adc8d6c22936\">Descarga<\/a><\/div>\n\n\n\n<p>13. EXPLORAMOS: C\u00f3mo viven las hormigas<\/p>\n\n\n\n<p>Exploramos un animal cercano a nosotros. C\u00f3mo vive, qu\u00e9 come,&#8230;<\/p>\n\n\n\n<div data-wp-interactive=\"core\/file\" class=\"wp-block-file\"><object data-wp-bind--hidden=\"!state.hasPdfPreview\" hidden class=\"wp-block-file__embed\" data=\"https:\/\/antoniatrompeta.com\/wp-content\/uploads\/2022\/11\/EXPLORAMOS_Hormigas.pdf\" type=\"application\/pdf\" style=\"width:100%;height:600px\" aria-label=\"Incrustado de EXPLORAMOS_Hormigas.\"><\/object><a id=\"wp-block-file--media-e5de45ce-a454-4d31-8cd0-be0d6f4b7af8\" href=\"https:\/\/antoniatrompeta.com\/wp-content\/uploads\/2022\/11\/EXPLORAMOS_Hormigas.pdf\">EXPLORAMOS_Hormigas<\/a><a href=\"https:\/\/antoniatrompeta.com\/wp-content\/uploads\/2022\/11\/EXPLORAMOS_Hormigas.pdf\" class=\"wp-block-file__button wp-element-button\" download aria-describedby=\"wp-block-file--media-e5de45ce-a454-4d31-8cd0-be0d6f4b7af8\">Descarga<\/a><\/div>\n\n\n\n<p>14. EXPLORAMOS: La diversidad de los animales<\/p>\n\n\n\n<p>Exploramos los distintos animales que viven con nosotros. <\/p>\n\n\n\n<p>\u00bfC\u00f3mo podr\u00edamos clasificarlos?<\/p>\n\n\n\n<div data-wp-interactive=\"core\/file\" class=\"wp-block-file\"><object data-wp-bind--hidden=\"!state.hasPdfPreview\" hidden class=\"wp-block-file__embed\" data=\"https:\/\/antoniatrompeta.com\/wp-content\/uploads\/2022\/11\/EXPLORAMOS_Clasificaciones.pdf\" type=\"application\/pdf\" style=\"width:100%;height:600px\" aria-label=\"Incrustado de EXPLORAMOS_Clasificaciones.\"><\/object><a id=\"wp-block-file--media-511703e2-fe03-41d7-b92b-d7157cab59d8\" href=\"https:\/\/antoniatrompeta.com\/wp-content\/uploads\/2022\/11\/EXPLORAMOS_Clasificaciones.pdf\">EXPLORAMOS_Clasificaciones<\/a><a href=\"https:\/\/antoniatrompeta.com\/wp-content\/uploads\/2022\/11\/EXPLORAMOS_Clasificaciones.pdf\" class=\"wp-block-file__button wp-element-button\" download aria-describedby=\"wp-block-file--media-511703e2-fe03-41d7-b92b-d7157cab59d8\">Descarga<\/a><\/div>\n","protected":false},"excerpt":{"rendered":"<p>Listado de talleres para ni\u00f1os de infantil, primer y segundo ciclo de primaria Comenzamos a descubrir a qui\u00e9n llamamos Seres Vivos. 2. EXPLORAMOS: Vivos, no vivos, alguna vez vivos Continuamos descubriendo qui\u00e9nes son \u00abSeres Vivos\u00bb 3. EXPLORAMOS: Seres vivos a &hellip; <a href=\"https:\/\/antoniatrompeta.com\/index.php\/5-talleres\/\">Sigue leyendo <span class=\"meta-nav\">&rarr;<\/span><\/a><\/p>\n","protected":false},"author":4,"featured_media":0,"parent":0,"menu_order":0,"comment_status":"closed","ping_status":"closed","template":"","meta":{"footnotes":""},"class_list":["post-886","page","type-page","status-publish","hentry"],"_links":{"self":[{"href":"https:\/\/antoniatrompeta.com\/index.php\/wp-json\/wp\/v2\/pages\/886","targetHints":{"allow":["GET"]}}],"collection":[{"href":"https:\/\/antoniatrompeta.com\/index.php\/wp-json\/wp\/v2\/pages"}],"about":[{"href":"https:\/\/antoniatrompeta.com\/index.php\/wp-json\/wp\/v2\/types\/page"}],"author":[{"embeddable":true,"href":"https:\/\/antoniatrompeta.com\/index.php\/wp-json\/wp\/v2\/users\/4"}],"replies":[{"embeddable":true,"href":"https:\/\/antoniatrompeta.com\/index.php\/wp-json\/wp\/v2\/comments?post=886"}],"version-history":[{"count":9,"href":"https:\/\/antoniatrompeta.com\/index.php\/wp-json\/wp\/v2\/pages\/886\/revisions"}],"predecessor-version":[{"id":1042,"href":"https:\/\/antoniatrompeta.com\/index.php\/wp-json\/wp\/v2\/pages\/886\/revisions\/1042"}],"wp:attachment":[{"href":"https:\/\/antoniatrompeta.com\/index.php\/wp-json\/wp\/v2\/media?parent=886"}],"curies":[{"name":"wp","href":"https:\/\/api.w.org\/{rel}","templated":true}]}}