{"id":943,"date":"2022-11-28T19:58:52","date_gmt":"2022-11-28T18:58:52","guid":{"rendered":"https:\/\/antoniatrompeta.com\/?page_id=943"},"modified":"2023-03-01T18:46:38","modified_gmt":"2023-03-01T17:46:38","slug":"ii-2-estudiar-la-biodiversidad","status":"publish","type":"page","link":"https:\/\/antoniatrompeta.com\/index.php\/ii-2-estudiar-la-biodiversidad\/","title":{"rendered":"II.2 Estudiar la biodiversidad"},"content":{"rendered":"\n<p>Posibles actividades:<\/p>\n\n\n\n<p>Puedes encontrar informaci\u00f3n en:<\/p>\n\n\n\n<ul class=\"wp-block-list\">\n<li>Biodiversidad de las especies marinas &#8211; <a href=\"https:\/\/cram.org\/catalogo-de-especies\/\">https:\/\/cram.org\/catalogo-de-especies\/<\/a><\/li>\n\n\n\n<li>Biodiversidad en Mar Mediterr\u00e1neo y\/o en diferentes Oc\u00e9anos: Documento y fotos reserva Cabo de San Antonio. https:\/\/www.xabia.org\/ver\/1555\/Reserva-Marina-del-Cap-de-Sant-Antoni.<\/li>\n\n\n\n<li>Explorar en directo &#8211; Webcams en directo desde todo el mundo h<a href=\"https:\/\/explore.org\/livecams\/oceans\">ttps:\/\/explore.org\/livecams\/oceans<\/a><\/li>\n\n\n\n<li><strong>PRIMARIA<\/strong><\/li>\n\n\n\n<li>Biodiversidad y overfishing <strong>&#8211; Zaza the mermaid <\/strong><a href=\"https:\/\/www.zazathemermaid.com\/workshop\"> Workshop | zazathemermaid<\/a> &#8211; Marine Foundation_ Canada <\/li>\n<\/ul>\n\n\n\n<p><strong>a. ZAZA. Plan de aplicaci\u00f3n del taller dedicado a Oc\u00e9anos<\/strong><\/p>\n\n\n\n<div data-wp-interactive=\"core\/file\" class=\"wp-block-file\"><object data-wp-bind--hidden=\"!state.hasPdfPreview\" hidden class=\"wp-block-file__embed\" data=\"https:\/\/antoniatrompeta.com\/wp-content\/uploads\/2023\/01\/ZAZA_Education_Elementary_Unit_Plan_MARINE_FOUND.pdf\" type=\"application\/pdf\" style=\"width:100%;height:600px\" aria-label=\"Incrustado de ZAZA_Education_Elementary_Unit_Plan_MARINE_FOUND.\"><\/object><a id=\"wp-block-file--media-e486d6a8-c091-409e-9e90-3a81e67372ea\" href=\"https:\/\/antoniatrompeta.com\/wp-content\/uploads\/2023\/01\/ZAZA_Education_Elementary_Unit_Plan_MARINE_FOUND.pdf\">ZAZA_Education_Elementary_Unit_Plan_MARINE_FOUND<\/a><a href=\"https:\/\/antoniatrompeta.com\/wp-content\/uploads\/2023\/01\/ZAZA_Education_Elementary_Unit_Plan_MARINE_FOUND.pdf\" class=\"wp-block-file__button wp-element-button\" download aria-describedby=\"wp-block-file--media-e486d6a8-c091-409e-9e90-3a81e67372ea\">Descarga<\/a><\/div>\n\n\n\n<p><strong>B. ZAZA Taller &#8211; Narrativa de las diapositivas, con informaci\u00f3n complementaria<\/strong><\/p>\n\n\n\n<div data-wp-interactive=\"core\/file\" class=\"wp-block-file\"><object data-wp-bind--hidden=\"!state.hasPdfPreview\" hidden class=\"wp-block-file__embed\" data=\"https:\/\/antoniatrompeta.com\/wp-content\/uploads\/2023\/01\/ZAZA_Workshop_narative_small_Guide_MARINE_FOUND.pdf\" type=\"application\/pdf\" style=\"width:100%;height:600px\" aria-label=\"Incrustado de ZAZA_Workshop_narative_small_Guide_MARINE_FOUND.\"><\/object><a id=\"wp-block-file--media-adb9f3f0-fa96-4589-b542-71d1261481ac\" href=\"https:\/\/antoniatrompeta.com\/wp-content\/uploads\/2023\/01\/ZAZA_Workshop_narative_small_Guide_MARINE_FOUND.pdf\">ZAZA_Workshop_narative_small_Guide_MARINE_FOUND<\/a><a href=\"https:\/\/antoniatrompeta.com\/wp-content\/uploads\/2023\/01\/ZAZA_Workshop_narative_small_Guide_MARINE_FOUND.pdf\" class=\"wp-block-file__button wp-element-button\" download aria-describedby=\"wp-block-file--media-adb9f3f0-fa96-4589-b542-71d1261481ac\">Descarga<\/a><\/div>\n\n\n\n<p><strong>C. ZAZA Taller &#8211; Presentaci\u00f3n de diapositivas<\/strong><\/p>\n\n\n\n<div data-wp-interactive=\"core\/file\" class=\"wp-block-file\"><object data-wp-bind--hidden=\"!state.hasPdfPreview\" hidden class=\"wp-block-file__embed\" data=\"https:\/\/antoniatrompeta.com\/wp-content\/uploads\/2023\/01\/ZAZA_Workshop_SLIDES_MARINE_FOUND.pdf\" type=\"application\/pdf\" style=\"width:100%;height:600px\" aria-label=\"Incrustado de ZAZA_Workshop_SLIDES_MARINE_FOUND.\"><\/object><a id=\"wp-block-file--media-9b725dbb-d2c6-4cd7-95ff-9cf5c93289a6\" href=\"https:\/\/antoniatrompeta.com\/wp-content\/uploads\/2023\/01\/ZAZA_Workshop_SLIDES_MARINE_FOUND.pdf\">ZAZA_Workshop_SLIDES_MARINE_FOUND<\/a><a href=\"https:\/\/antoniatrompeta.com\/wp-content\/uploads\/2023\/01\/ZAZA_Workshop_SLIDES_MARINE_FOUND.pdf\" class=\"wp-block-file__button wp-element-button\" download aria-describedby=\"wp-block-file--media-9b725dbb-d2c6-4cd7-95ff-9cf5c93289a6\">Descarga<\/a><\/div>\n\n\n\n<p><strong>D. ZAZA Actividad sobre biodiversidad<\/strong><\/p>\n\n\n\n<div data-wp-interactive=\"core\/file\" class=\"wp-block-file\"><object data-wp-bind--hidden=\"!state.hasPdfPreview\" hidden class=\"wp-block-file__embed\" data=\"https:\/\/antoniatrompeta.com\/wp-content\/uploads\/2023\/01\/ZAZA_Creative_activity-plan_MARINE_FOUND.pdf\" type=\"application\/pdf\" style=\"width:100%;height:600px\" aria-label=\"Incrustado de ZAZA_Creative_activity-plan_MARINE_FOUND.\"><\/object><a id=\"wp-block-file--media-b1b79f57-6556-4367-a9c0-4eb3e5d47066\" href=\"https:\/\/antoniatrompeta.com\/wp-content\/uploads\/2023\/01\/ZAZA_Creative_activity-plan_MARINE_FOUND.pdf\">ZAZA_Creative_activity-plan_MARINE_FOUND<\/a><a href=\"https:\/\/antoniatrompeta.com\/wp-content\/uploads\/2023\/01\/ZAZA_Creative_activity-plan_MARINE_FOUND.pdf\" class=\"wp-block-file__button wp-element-button\" download aria-describedby=\"wp-block-file--media-b1b79f57-6556-4367-a9c0-4eb3e5d47066\">Descarga<\/a><\/div>\n\n\n\n<p><strong>E. ZAZA Actividad colorear ZAZA<\/strong><\/p>\n\n\n\n<div data-wp-interactive=\"core\/file\" class=\"wp-block-file\"><object data-wp-bind--hidden=\"!state.hasPdfPreview\" hidden class=\"wp-block-file__embed\" data=\"https:\/\/antoniatrompeta.com\/wp-content\/uploads\/2023\/01\/ZAZA_Coloring-_leaflet_MARINE_FOUND.pdf\" type=\"application\/pdf\" style=\"width:100%;height:600px\" aria-label=\"Incrustado de ZAZA_Coloring-_leaflet_MARINE_FOUND.\"><\/object><a id=\"wp-block-file--media-3d1424d7-a4ea-4e27-92db-bc4d75033a1c\" href=\"https:\/\/antoniatrompeta.com\/wp-content\/uploads\/2023\/01\/ZAZA_Coloring-_leaflet_MARINE_FOUND.pdf\">ZAZA_Coloring-_leaflet_MARINE_FOUND<\/a><a href=\"https:\/\/antoniatrompeta.com\/wp-content\/uploads\/2023\/01\/ZAZA_Coloring-_leaflet_MARINE_FOUND.pdf\" class=\"wp-block-file__button wp-element-button\" download aria-describedby=\"wp-block-file--media-3d1424d7-a4ea-4e27-92db-bc4d75033a1c\">Descarga<\/a><\/div>\n\n\n\n<p>F. ZAZA Evaluaci\u00f3n<\/p>\n\n\n\n<div data-wp-interactive=\"core\/file\" class=\"wp-block-file\"><object data-wp-bind--hidden=\"!state.hasPdfPreview\" hidden class=\"wp-block-file__embed\" data=\"https:\/\/antoniatrompeta.com\/wp-content\/uploads\/2023\/01\/Assessment_questionnaire_MARINE_FOUNDATION.pdf\" type=\"application\/pdf\" style=\"width:100%;height:600px\" aria-label=\"Incrustado de Assessment_questionnaire_MARINE_FOUNDATION.\"><\/object><a id=\"wp-block-file--media-fa50f4ed-7051-4f3b-b401-cfe71f936721\" href=\"https:\/\/antoniatrompeta.com\/wp-content\/uploads\/2023\/01\/Assessment_questionnaire_MARINE_FOUNDATION.pdf\">Assessment_questionnaire_MARINE_FOUNDATION<\/a><a href=\"https:\/\/antoniatrompeta.com\/wp-content\/uploads\/2023\/01\/Assessment_questionnaire_MARINE_FOUNDATION.pdf\" class=\"wp-block-file__button wp-element-button\" download aria-describedby=\"wp-block-file--media-fa50f4ed-7051-4f3b-b401-cfe71f936721\">Descarga<\/a><\/div>\n\n\n\n<p><strong>SECUNDARIA<\/strong><\/p>\n","protected":false},"excerpt":{"rendered":"<p>Posibles actividades: Puedes encontrar informaci\u00f3n en: a. ZAZA. Plan de aplicaci\u00f3n del taller dedicado a Oc\u00e9anos B. ZAZA Taller &#8211; Narrativa de las diapositivas, con informaci\u00f3n complementaria C. ZAZA Taller &#8211; Presentaci\u00f3n de diapositivas D. ZAZA Actividad sobre biodiversidad E. &hellip; <a href=\"https:\/\/antoniatrompeta.com\/index.php\/ii-2-estudiar-la-biodiversidad\/\">Sigue leyendo <span class=\"meta-nav\">&rarr;<\/span><\/a><\/p>\n","protected":false},"author":4,"featured_media":0,"parent":0,"menu_order":0,"comment_status":"closed","ping_status":"closed","template":"","meta":{"footnotes":""},"class_list":["post-943","page","type-page","status-publish","hentry"],"_links":{"self":[{"href":"https:\/\/antoniatrompeta.com\/index.php\/wp-json\/wp\/v2\/pages\/943","targetHints":{"allow":["GET"]}}],"collection":[{"href":"https:\/\/antoniatrompeta.com\/index.php\/wp-json\/wp\/v2\/pages"}],"about":[{"href":"https:\/\/antoniatrompeta.com\/index.php\/wp-json\/wp\/v2\/types\/page"}],"author":[{"embeddable":true,"href":"https:\/\/antoniatrompeta.com\/index.php\/wp-json\/wp\/v2\/users\/4"}],"replies":[{"embeddable":true,"href":"https:\/\/antoniatrompeta.com\/index.php\/wp-json\/wp\/v2\/comments?post=943"}],"version-history":[{"count":11,"href":"https:\/\/antoniatrompeta.com\/index.php\/wp-json\/wp\/v2\/pages\/943\/revisions"}],"predecessor-version":[{"id":1414,"href":"https:\/\/antoniatrompeta.com\/index.php\/wp-json\/wp\/v2\/pages\/943\/revisions\/1414"}],"wp:attachment":[{"href":"https:\/\/antoniatrompeta.com\/index.php\/wp-json\/wp\/v2\/media?parent=943"}],"curies":[{"name":"wp","href":"https:\/\/api.w.org\/{rel}","templated":true}]}}