{"id":947,"date":"2022-11-28T19:59:36","date_gmt":"2022-11-28T18:59:36","guid":{"rendered":"https:\/\/antoniatrompeta.com\/?page_id=947"},"modified":"2023-03-01T17:53:34","modified_gmt":"2023-03-01T16:53:34","slug":"iii-explorar-la-cadena-alimenticia","status":"publish","type":"page","link":"https:\/\/antoniatrompeta.com\/index.php\/iii-explorar-la-cadena-alimenticia\/","title":{"rendered":"II.5 Explorar las cadenas alimenticias"},"content":{"rendered":"\n<p>Para explorar la Cadena alimentaria-tr\u00f3fica en varios Oc\u00e9anos podemos:<br>Crear un poster que simule una cadena tr\u00f3fica; y los problemas derivados de su<br>desequilibrio en uno de los eslabones.<\/p>\n\n\n\n<p>Se sugiere visitar las siguientes p\u00e1ginas webs a fin de encontrar ayuda en la creaci\u00f3n de esas cadenas alimentarias.<br>https:\/\/seagrant.whoi.edu\/k-12\/coast\/food-webs\/<br>https:\/\/www.vims.edu\/bayinfo\/jellyfish\/food_web\/index.php<br>https:\/\/www.education.com\/science-fair\/article\/ocean-food-web\/<br>(para crear cadenas alimentarias)<br>https:\/\/www.nationalgeographic.com\/environment\/article\/marine-food-chain<\/p>\n\n\n\n<p><strong>a. Actividad Cadena tr\u00f3fica<\/strong> &#8211; Ocean Food Web -What plants and animals are part of an  ocean food web?<\/p>\n\n\n\n<div data-wp-interactive=\"core\/file\" class=\"wp-block-file\"><object data-wp-bind--hidden=\"!state.hasPdfPreview\" hidden class=\"wp-block-file__embed\" data=\"https:\/\/antoniatrompeta.com\/wp-content\/uploads\/2023\/03\/Ocean_foodTROPHIC_C_web_EDUCATION.pdf\" type=\"application\/pdf\" style=\"width:100%;height:600px\" aria-label=\"Incrustado de Ocean_foodTROPHIC_C_web_EDUCATION.\"><\/object><a id=\"wp-block-file--media-4116c4fe-46b6-4fdc-8497-83b6f5e56f32\" href=\"https:\/\/antoniatrompeta.com\/wp-content\/uploads\/2023\/03\/Ocean_foodTROPHIC_C_web_EDUCATION.pdf\">Ocean_foodTROPHIC_C_web_EDUCATION<\/a><a href=\"https:\/\/antoniatrompeta.com\/wp-content\/uploads\/2023\/03\/Ocean_foodTROPHIC_C_web_EDUCATION.pdf\" class=\"wp-block-file__button wp-element-button\" download aria-describedby=\"wp-block-file--media-4116c4fe-46b6-4fdc-8497-83b6f5e56f32\">Descarga<\/a><\/div>\n\n\n\n<p>b. Cadena tr\u00f3fica &#8211; Marine Food Chain<\/p>\n\n\n\n<div data-wp-interactive=\"core\/file\" class=\"wp-block-file\"><object data-wp-bind--hidden=\"!state.hasPdfPreview\" hidden class=\"wp-block-file__embed\" data=\"https:\/\/antoniatrompeta.com\/wp-content\/uploads\/2023\/03\/Marine_Food_Chain_NAT_GEO.pdf\" type=\"application\/pdf\" style=\"width:100%;height:600px\" aria-label=\"Incrustado de Marine_Food_Chain_NAT_GEO.\"><\/object><a id=\"wp-block-file--media-f7781831-d7ba-4fbf-b8ee-6f7e05950fd2\" href=\"https:\/\/antoniatrompeta.com\/wp-content\/uploads\/2023\/03\/Marine_Food_Chain_NAT_GEO.pdf\">Marine_Food_Chain_NAT_GEO<\/a><a href=\"https:\/\/antoniatrompeta.com\/wp-content\/uploads\/2023\/03\/Marine_Food_Chain_NAT_GEO.pdf\" class=\"wp-block-file__button wp-element-button\" download aria-describedby=\"wp-block-file--media-f7781831-d7ba-4fbf-b8ee-6f7e05950fd2\">Descarga<\/a><\/div>\n","protected":false},"excerpt":{"rendered":"<p>Para explorar la Cadena alimentaria-tr\u00f3fica en varios Oc\u00e9anos podemos:Crear un poster que simule una cadena tr\u00f3fica; y los problemas derivados de sudesequilibrio en uno de los eslabones. Se sugiere visitar las siguientes p\u00e1ginas webs a fin de encontrar ayuda en &hellip; <a href=\"https:\/\/antoniatrompeta.com\/index.php\/iii-explorar-la-cadena-alimenticia\/\">Sigue leyendo <span class=\"meta-nav\">&rarr;<\/span><\/a><\/p>\n","protected":false},"author":4,"featured_media":0,"parent":0,"menu_order":0,"comment_status":"closed","ping_status":"closed","template":"","meta":{"footnotes":""},"class_list":["post-947","page","type-page","status-publish","hentry"],"_links":{"self":[{"href":"https:\/\/antoniatrompeta.com\/index.php\/wp-json\/wp\/v2\/pages\/947","targetHints":{"allow":["GET"]}}],"collection":[{"href":"https:\/\/antoniatrompeta.com\/index.php\/wp-json\/wp\/v2\/pages"}],"about":[{"href":"https:\/\/antoniatrompeta.com\/index.php\/wp-json\/wp\/v2\/types\/page"}],"author":[{"embeddable":true,"href":"https:\/\/antoniatrompeta.com\/index.php\/wp-json\/wp\/v2\/users\/4"}],"replies":[{"embeddable":true,"href":"https:\/\/antoniatrompeta.com\/index.php\/wp-json\/wp\/v2\/comments?post=947"}],"version-history":[{"count":8,"href":"https:\/\/antoniatrompeta.com\/index.php\/wp-json\/wp\/v2\/pages\/947\/revisions"}],"predecessor-version":[{"id":1399,"href":"https:\/\/antoniatrompeta.com\/index.php\/wp-json\/wp\/v2\/pages\/947\/revisions\/1399"}],"wp:attachment":[{"href":"https:\/\/antoniatrompeta.com\/index.php\/wp-json\/wp\/v2\/media?parent=947"}],"curies":[{"name":"wp","href":"https:\/\/api.w.org\/{rel}","templated":true}]}}