{"id":958,"date":"2022-11-28T20:02:44","date_gmt":"2022-11-28T19:02:44","guid":{"rendered":"https:\/\/antoniatrompeta.com\/?page_id=958"},"modified":"2023-01-22T14:01:01","modified_gmt":"2023-01-22T13:01:01","slug":"iv-la-literatura-y-los-oceanos","status":"publish","type":"page","link":"https:\/\/antoniatrompeta.com\/index.php\/iv-la-literatura-y-los-oceanos\/","title":{"rendered":"VI.2. Lengua y Literatura y Oc\u00e9anos"},"content":{"rendered":"\n<p><strong>LITERATURA<\/strong><\/p>\n\n\n\n<p>\u27a2<strong> <\/strong>Lectura de cuentos<br><\/p>\n\n\n\n<p>Cuento sobre cuidar el mar de Intered \u2013 Aquatika<br>https:\/\/www.intered.org\/es\/recursos\/aquatika<\/p>\n\n\n\n<p><br>Operaci\u00f3n recogida de pl\u00e1sticos del mar, por Chelo<br>https:\/\/www.youtube.com\/watch?v=qjuLVRdnSfo<br>Siete cuentos sobre el mar. (Ver Documentos del Proyecto Oc\u00e9anos)<br>(Ver documento con fotos de cuentos)<\/p>\n\n\n\n<p><br>\u27a2 Recitar y crear poes\u00edas sobre el mar<\/p>\n\n\n\n<p><br>\u27a2 Dramatizar situaciones cr\u00edticas en el mar<\/p>\n\n\n\n<ul class=\"wp-block-list\">\n<li>Llegada de los micro-pl\u00e1sticos a todos los eslabones de la cadena tr\u00f3fica. Crear<br>im\u00e1genes de peces de distintas medidas para simular que uno se come a otro.<\/li>\n\n\n\n<li>Simular el viaje de un patito,  desde un continente a otro siguiendo corrientes marinas. Utilizar las mesas de la clase para simular continentes.( Ver las corrientes marinas, en \u00abAzul como el mar\u00bb)<br><br><\/li>\n<\/ul>\n","protected":false},"excerpt":{"rendered":"<p>LITERATURA \u27a2 Lectura de cuentos Cuento sobre cuidar el mar de Intered \u2013 Aquatikahttps:\/\/www.intered.org\/es\/recursos\/aquatika Operaci\u00f3n recogida de pl\u00e1sticos del mar, por Chelohttps:\/\/www.youtube.com\/watch?v=qjuLVRdnSfoSiete cuentos sobre el mar. (Ver Documentos del Proyecto Oc\u00e9anos)(Ver documento con fotos de cuentos) \u27a2 Recitar y crear &hellip; <a href=\"https:\/\/antoniatrompeta.com\/index.php\/iv-la-literatura-y-los-oceanos\/\">Sigue leyendo <span class=\"meta-nav\">&rarr;<\/span><\/a><\/p>\n","protected":false},"author":4,"featured_media":0,"parent":0,"menu_order":0,"comment_status":"closed","ping_status":"closed","template":"","meta":{"footnotes":""},"class_list":["post-958","page","type-page","status-publish","hentry"],"_links":{"self":[{"href":"https:\/\/antoniatrompeta.com\/index.php\/wp-json\/wp\/v2\/pages\/958","targetHints":{"allow":["GET"]}}],"collection":[{"href":"https:\/\/antoniatrompeta.com\/index.php\/wp-json\/wp\/v2\/pages"}],"about":[{"href":"https:\/\/antoniatrompeta.com\/index.php\/wp-json\/wp\/v2\/types\/page"}],"author":[{"embeddable":true,"href":"https:\/\/antoniatrompeta.com\/index.php\/wp-json\/wp\/v2\/users\/4"}],"replies":[{"embeddable":true,"href":"https:\/\/antoniatrompeta.com\/index.php\/wp-json\/wp\/v2\/comments?post=958"}],"version-history":[{"count":9,"href":"https:\/\/antoniatrompeta.com\/index.php\/wp-json\/wp\/v2\/pages\/958\/revisions"}],"predecessor-version":[{"id":1248,"href":"https:\/\/antoniatrompeta.com\/index.php\/wp-json\/wp\/v2\/pages\/958\/revisions\/1248"}],"wp:attachment":[{"href":"https:\/\/antoniatrompeta.com\/index.php\/wp-json\/wp\/v2\/media?parent=958"}],"curies":[{"name":"wp","href":"https:\/\/api.w.org\/{rel}","templated":true}]}}