{"id":960,"date":"2022-11-28T20:03:06","date_gmt":"2022-11-28T19:03:06","guid":{"rendered":"https:\/\/antoniatrompeta.com\/?page_id=960"},"modified":"2024-05-15T15:05:48","modified_gmt":"2024-05-15T14:05:48","slug":"v-actividades-en-el-exterior","status":"publish","type":"page","link":"https:\/\/antoniatrompeta.com\/index.php\/v-actividades-en-el-exterior\/","title":{"rendered":"I. ACTIVIDADES EN EL EXTERIOR"},"content":{"rendered":"\n<p>En este apartado proponemos actividades que supongan salidas al exterior del centro, visitas a lugares que se relacionen con el agua y los oc\u00e9anos.<\/p>\n\n\n\n<p><strong>a<\/strong>. <strong>Estudio de los pl\u00e1sticos en el hogar y en la escuela. <\/strong><\/p>\n\n\n\n<p><strong>Informaci\u00f3n sobre los residuos a nuestro alrededor<\/strong> &#8211; Primaria<\/p>\n\n\n\n<p><a href=\"https:\/\/www.gynzy.com\/teach\/es\/board\/8151ceac-a9c9-4823-92cd-410d8d30e5d1\" target=\"_blank\" rel=\"noreferrer noopener\">https:\/\/www.gynzy.com\/teach\/es\/board\/8151ceac-a9c9-4823-92cd-410d8d30e5d1<\/a><\/p>\n\n\n\n<p><strong>Informaci\u00f3n sobre residuos a nuestro alrededor<\/strong> &#8211; secundaria<\/p>\n\n\n\n<p><a href=\"https:\/\/www.gynzy.com\/teach\/es\/board\/b214a3f9-bfaa-4660-8de5-7d8c50085b19\" target=\"_blank\" rel=\"noreferrer noopener\">https:\/\/www.gynzy.com\/teach\/es\/board\/b214a3f9-bfaa-4660-8de5-7d8c50085b19<\/a><\/p>\n\n\n\n<p><strong>Encuesta<\/strong>. Secundaria<br>Ver<strong> CleanSeasEduPackTemp_UN_ES_260918 (Pdf) <\/strong>incluido en <strong>Documentos del Proyecto_oc\u00e9anos<\/strong><br>\u00bfD\u00f3nde hay pl\u00e1stico? \u00bfTipos de pl\u00e1sticos? \u00bfCantidades usadas? \u00bfPl\u00e1sticos de un solo<br>uso?<br>Llevar a cabo un an\u00e1lisis matem\u00e1tico de los datos, exposici\u00f3n de fotograf\u00edas y Comunicaci\u00f3n de resultados en medios locales y comarcales.<br><\/p>\n\n\n\n<p><strong>b. Estudio de residuos en los acu\u00edferos<\/strong><\/p>\n\n\n\n<p>Buscar y realizar exposici\u00f3n de fotos sobre basura en los acu\u00edferos. <\/p>\n\n\n\n<p>Un ejemplo es la campa\u00f1a realizada en toda la comarca de Marina Alta. En todos los desag\u00fces de los pueblos de la comarca est\u00e1 escrito \u201cEl mar empieza aqu\u00ed\u201d.<\/p>\n\n\n\n<p>Los ni\u00f1os pueden realizar fotograf\u00edas de los residuos encontrados en esos desag\u00fces y llevar a cabo un estudio del tipo de residuos, an\u00e1lisis matem\u00e1tico de cantidades por zonas. Exposici\u00f3n fotogr\u00e1fica y comunicaci\u00f3n medios local y comarcal.<\/p>\n\n\n\n<p><\/p>\n\n\n\n<p><strong>c. Estudio de las fases por las que pasa el agua<\/strong><\/p>\n\n\n\n<p>Una actividad obligada es estudiar el camino seguido por el agua, desde nuestro grifo hasta que llega al mar. <\/p>\n\n\n\n<p>Se propone visitar cada uno de los lugares por d\u00f3nde pasa el agua. Gu\u00edate por el documento del Canal de Isabel II, que encontrar\u00e1s en Actividdes en clase.<\/p>\n\n\n\n<p><a href=\"https:\/\/antoniatrompeta.com\/wp-content\/uploads\/2023\/01\/Activate_por_el_agua_CANAL_ISABELII.pdf\">https:\/\/antoniatrompeta.com\/wp-content\/uploads\/2023\/01\/Activate_por_el_agua_CANAL_ISABELII.pdf<\/a><\/p>\n\n\n\n<p><\/p>\n\n\n\n<p><\/p>\n\n\n\n<p><\/p>\n","protected":false},"excerpt":{"rendered":"<p>En este apartado proponemos actividades que supongan salidas al exterior del centro, visitas a lugares que se relacionen con el agua y los oc\u00e9anos. a. Estudio de los pl\u00e1sticos en el hogar y en la escuela. Informaci\u00f3n sobre los residuos &hellip; <a href=\"https:\/\/antoniatrompeta.com\/index.php\/v-actividades-en-el-exterior\/\">Sigue leyendo <span class=\"meta-nav\">&rarr;<\/span><\/a><\/p>\n","protected":false},"author":4,"featured_media":0,"parent":0,"menu_order":0,"comment_status":"closed","ping_status":"closed","template":"","meta":{"footnotes":""},"class_list":["post-960","page","type-page","status-publish","hentry"],"_links":{"self":[{"href":"https:\/\/antoniatrompeta.com\/index.php\/wp-json\/wp\/v2\/pages\/960","targetHints":{"allow":["GET"]}}],"collection":[{"href":"https:\/\/antoniatrompeta.com\/index.php\/wp-json\/wp\/v2\/pages"}],"about":[{"href":"https:\/\/antoniatrompeta.com\/index.php\/wp-json\/wp\/v2\/types\/page"}],"author":[{"embeddable":true,"href":"https:\/\/antoniatrompeta.com\/index.php\/wp-json\/wp\/v2\/users\/4"}],"replies":[{"embeddable":true,"href":"https:\/\/antoniatrompeta.com\/index.php\/wp-json\/wp\/v2\/comments?post=960"}],"version-history":[{"count":16,"href":"https:\/\/antoniatrompeta.com\/index.php\/wp-json\/wp\/v2\/pages\/960\/revisions"}],"predecessor-version":[{"id":2171,"href":"https:\/\/antoniatrompeta.com\/index.php\/wp-json\/wp\/v2\/pages\/960\/revisions\/2171"}],"wp:attachment":[{"href":"https:\/\/antoniatrompeta.com\/index.php\/wp-json\/wp\/v2\/media?parent=960"}],"curies":[{"name":"wp","href":"https:\/\/api.w.org\/{rel}","templated":true}]}}