{"id":991,"date":"2022-12-07T17:53:33","date_gmt":"2022-12-07T16:53:33","guid":{"rendered":"https:\/\/antoniatrompeta.com\/?page_id=991"},"modified":"2024-05-15T18:28:06","modified_gmt":"2024-05-15T17:28:06","slug":"i-1-oceanos","status":"publish","type":"page","link":"https:\/\/antoniatrompeta.com\/index.php\/i-1-oceanos\/","title":{"rendered":"C. OC\u00c9ANOS. QU\u00c9 LES DEBEMOS &#8211; CONCEPTOS CLAVE"},"content":{"rendered":"\n<p>Exploramos por qu\u00e9 son tan importantes los oc\u00e9anos y por qu\u00e9 tenemos que trabajar por su preservaci\u00f3n.<\/p>\n\n\n\n<div data-wp-interactive=\"core\/file\" class=\"wp-block-file\"><object data-wp-bind--hidden=\"!state.hasPdfPreview\" hidden class=\"wp-block-file__embed\" data=\"https:\/\/antoniatrompeta.com\/wp-content\/uploads\/2023\/03\/Presentacion_Oceanos_BLOQUES-2.pdf\" type=\"application\/pdf\" style=\"width:100%;height:600px\" aria-label=\"Incrustado de Presentacion_Oceanos_BLOQUES-2.\"><\/object><a id=\"wp-block-file--media-eb11008e-c8d2-43ee-b079-73a5b87e4361\" href=\"https:\/\/antoniatrompeta.com\/wp-content\/uploads\/2023\/03\/Presentacion_Oceanos_BLOQUES-2.pdf\">Presentacion_Oceanos_BLOQUES-2<\/a><a href=\"https:\/\/antoniatrompeta.com\/wp-content\/uploads\/2023\/03\/Presentacion_Oceanos_BLOQUES-2.pdf\" class=\"wp-block-file__button wp-element-button\" download aria-describedby=\"wp-block-file--media-eb11008e-c8d2-43ee-b079-73a5b87e4361\">Descarga<\/a><\/div>\n","protected":false},"excerpt":{"rendered":"<p>Exploramos por qu\u00e9 son tan importantes los oc\u00e9anos y por qu\u00e9 tenemos que trabajar por su preservaci\u00f3n.<\/p>\n","protected":false},"author":4,"featured_media":0,"parent":0,"menu_order":0,"comment_status":"closed","ping_status":"closed","template":"","meta":{"footnotes":""},"class_list":["post-991","page","type-page","status-publish","hentry"],"_links":{"self":[{"href":"https:\/\/antoniatrompeta.com\/index.php\/wp-json\/wp\/v2\/pages\/991","targetHints":{"allow":["GET"]}}],"collection":[{"href":"https:\/\/antoniatrompeta.com\/index.php\/wp-json\/wp\/v2\/pages"}],"about":[{"href":"https:\/\/antoniatrompeta.com\/index.php\/wp-json\/wp\/v2\/types\/page"}],"author":[{"embeddable":true,"href":"https:\/\/antoniatrompeta.com\/index.php\/wp-json\/wp\/v2\/users\/4"}],"replies":[{"embeddable":true,"href":"https:\/\/antoniatrompeta.com\/index.php\/wp-json\/wp\/v2\/comments?post=991"}],"version-history":[{"count":7,"href":"https:\/\/antoniatrompeta.com\/index.php\/wp-json\/wp\/v2\/pages\/991\/revisions"}],"predecessor-version":[{"id":2185,"href":"https:\/\/antoniatrompeta.com\/index.php\/wp-json\/wp\/v2\/pages\/991\/revisions\/2185"}],"wp:attachment":[{"href":"https:\/\/antoniatrompeta.com\/index.php\/wp-json\/wp\/v2\/media?parent=991"}],"curies":[{"name":"wp","href":"https:\/\/api.w.org\/{rel}","templated":true}]}}